{"id":7012,"date":"2025-09-29T11:45:43","date_gmt":"2025-09-29T10:45:43","guid":{"rendered":"https:\/\/coopwarass.com\/shop\/sin%20categor\u00eda\/suero-para-pestanas-y-cejas-con-aceite-de-argan\/"},"modified":"2025-10-04T15:52:57","modified_gmt":"2025-10-04T14:52:57","slug":"suero-para-pestanas-y-cejas-con-aceite-de-argan","status":"publish","type":"product","link":"https:\/\/coopwarass.com\/es\/shop\/cuidado-facial\/sueros\/suero-para-pestanas-y-cejas-con-aceite-de-argan\/","title":{"rendered":"Suero para Pesta\u00f1as y Cejas con Aceite de Arg\u00e1n"},"content":{"rendered":"<p>Tratamiento nutritivo que fortifica e hidrata las pesta\u00f1as y las cejas gracias al aceite de arg\u00e1n.<br data-start=\"145\" data-end=\"148\">Ayuda a conseguir una mirada m\u00e1s densa, larga y fuerte, sin efecto acartonado.<br data-start=\"236\" data-end=\"239\">Aplicaci\u00f3n precisa con cepillo incorporado, utilizar cada noche sobre las pesta\u00f1as y las cejas limpias.<\/p>\n","protected":false},"excerpt":{"rendered":"<p>Tratamiento nutritivo que fortifica e hidrata las pesta\u00f1as y las cejas gracias al aceite de arg\u00e1n.<br data-start=\"145\" data-end=\"148\">Ayuda a conseguir una mirada m\u00e1s densa, larga y fuerte, sin efecto acartonado.<br data-start=\"236\" data-end=\"239\">Aplicaci\u00f3n precisa con cepillo incorporado, utilizar cada noche sobre las pesta\u00f1as y las cejas limpias.<\/p>\n","protected":false},"featured_media":7013,"template":"","meta":[],"product_brand":[],"product_cat":[249,232],"product_tag":[],"class_list":{"0":"post-7012","1":"product","2":"type-product","3":"status-publish","4":"has-post-thumbnail","6":"product_cat-sueros","7":"product_cat-cuidado-facial","9":"first","10":"instock","11":"shipping-taxable","12":"purchasable","13":"product-type-simple"},"jetpack_sharing_enabled":true,"_links":{"self":[{"href":"https:\/\/coopwarass.com\/es\/wp-json\/wp\/v2\/product\/7012","targetHints":{"allow":["GET"]}}],"collection":[{"href":"https:\/\/coopwarass.com\/es\/wp-json\/wp\/v2\/product"}],"about":[{"href":"https:\/\/coopwarass.com\/es\/wp-json\/wp\/v2\/types\/product"}],"version-history":[{"count":1,"href":"https:\/\/coopwarass.com\/es\/wp-json\/wp\/v2\/product\/7012\/revisions"}],"predecessor-version":[{"id":8178,"href":"https:\/\/coopwarass.com\/es\/wp-json\/wp\/v2\/product\/7012\/revisions\/8178"}],"wp:featuredmedia":[{"embeddable":true,"href":"https:\/\/coopwarass.com\/es\/wp-json\/wp\/v2\/media\/7013"}],"wp:attachment":[{"href":"https:\/\/coopwarass.com\/es\/wp-json\/wp\/v2\/media?parent=7012"}],"wp:term":[{"taxonomy":"product_brand","embeddable":true,"href":"https:\/\/coopwarass.com\/es\/wp-json\/wp\/v2\/product_brand?post=7012"},{"taxonomy":"product_cat","embeddable":true,"href":"https:\/\/coopwarass.com\/es\/wp-json\/wp\/v2\/product_cat?post=7012"},{"taxonomy":"product_tag","embeddable":true,"href":"https:\/\/coopwarass.com\/es\/wp-json\/wp\/v2\/product_tag?post=7012"}],"curies":[{"name":"wp","href":"https:\/\/api.w.org\/{rel}","templated":true}]}}