{"id":6997,"date":"2025-09-29T11:38:47","date_gmt":"2025-09-29T10:38:47","guid":{"rendered":"https:\/\/coopwarass.com\/shop\/sin%20categor\u00eda\/locion-corporal-de-aceite-de-argan-nature-100-ml\/"},"modified":"2025-10-18T13:22:34","modified_gmt":"2025-10-18T12:22:34","slug":"locion-corporal-de-aceite-de-argan-nature-100-ml","status":"publish","type":"product","link":"https:\/\/coopwarass.com\/es\/shop\/cuidado-corporal\/locion-corporal-de-aceite-de-argan-nature-100-ml\/","title":{"rendered":"Loci\u00f3n Corporal de Aceite de Arg\u00e1n Nature 100 ml"},"content":{"rendered":"<p>Hidrata y nutre intensamente gracias al aceite de arg\u00e1n, para una piel suave y flexible.<br data-start=\"151\" data-end=\"154\">Textura ligera que se absorbe r\u00e1pidamente, sin acabado graso, ideal para uso diario.<br data-start=\"234\" data-end=\"237\">Fabricado en Marruecos por nuestra cooperativa, pr\u00e1ctico formato de 100 ml para llevar contigo.<\/p>\n","protected":false},"excerpt":{"rendered":"<p>Hidrata y nutre intensamente gracias al aceite de arg\u00e1n, para una piel suave y flexible.<br data-start=\"151\" data-end=\"154\">Textura ligera que se absorbe r\u00e1pidamente, sin acabado graso, ideal para uso diario.<br data-start=\"234\" data-end=\"237\">Fabricado en Marruecos por nuestra cooperativa, pr\u00e1ctico formato de 100 ml para llevar contigo.<\/p>\n","protected":false},"featured_media":6998,"template":"","meta":[],"product_brand":[],"product_cat":[228,257],"product_tag":[],"class_list":{"0":"post-6997","1":"product","2":"type-product","3":"status-publish","4":"has-post-thumbnail","6":"product_cat-cuidado-corporal","7":"product_cat-lociones-y-leches","9":"first","10":"instock","11":"sale","12":"shipping-taxable","13":"purchasable","14":"product-type-simple"},"jetpack_sharing_enabled":true,"_links":{"self":[{"href":"https:\/\/coopwarass.com\/es\/wp-json\/wp\/v2\/product\/6997","targetHints":{"allow":["GET"]}}],"collection":[{"href":"https:\/\/coopwarass.com\/es\/wp-json\/wp\/v2\/product"}],"about":[{"href":"https:\/\/coopwarass.com\/es\/wp-json\/wp\/v2\/types\/product"}],"version-history":[{"count":1,"href":"https:\/\/coopwarass.com\/es\/wp-json\/wp\/v2\/product\/6997\/revisions"}],"predecessor-version":[{"id":8179,"href":"https:\/\/coopwarass.com\/es\/wp-json\/wp\/v2\/product\/6997\/revisions\/8179"}],"wp:featuredmedia":[{"embeddable":true,"href":"https:\/\/coopwarass.com\/es\/wp-json\/wp\/v2\/media\/6998"}],"wp:attachment":[{"href":"https:\/\/coopwarass.com\/es\/wp-json\/wp\/v2\/media?parent=6997"}],"wp:term":[{"taxonomy":"product_brand","embeddable":true,"href":"https:\/\/coopwarass.com\/es\/wp-json\/wp\/v2\/product_brand?post=6997"},{"taxonomy":"product_cat","embeddable":true,"href":"https:\/\/coopwarass.com\/es\/wp-json\/wp\/v2\/product_cat?post=6997"},{"taxonomy":"product_tag","embeddable":true,"href":"https:\/\/coopwarass.com\/es\/wp-json\/wp\/v2\/product_tag?post=6997"}],"curies":[{"name":"wp","href":"https:\/\/api.w.org\/{rel}","templated":true}]}}