{"id":6971,"date":"2025-09-29T11:32:20","date_gmt":"2025-09-29T10:32:20","guid":{"rendered":"https:\/\/coopwarass.com\/shop\/sin%20categor\u00eda\/balsamo-labial-de-argan-karite-y-coco\/"},"modified":"2025-10-04T15:53:00","modified_gmt":"2025-10-04T14:53:00","slug":"balsamo-labial-de-argan-karite-y-coco","status":"publish","type":"product","link":"https:\/\/coopwarass.com\/es\/shop\/labios\/cuidado-labial\/balsamo-labial-de-argan-karite-y-coco\/","title":{"rendered":"B\u00e1lsamo labial de arg\u00e1n, karit\u00e9 y coco"},"content":{"rendered":"<p>Nutre y protege los labios gracias al aceite de arg\u00e1n, la manteca de karit\u00e9 y el aceite de coco.<br data-start=\"154\" data-end=\"157\">Una textura fundente con un acabado no pegajoso para una suavidad inmediata.<br data-start=\"221\" data-end=\"224\">Fabricado en Marruecos por nuestra cooperativa, formato de 10 ml f\u00e1cil de llevar.<\/p>\n","protected":false},"excerpt":{"rendered":"<p>Nutre y protege los labios gracias al aceite de arg\u00e1n, la manteca de karit\u00e9 y el aceite de coco.<br data-start=\"154\" data-end=\"157\">Una textura fundente con un acabado no pegajoso para una suavidad inmediata.<br data-start=\"221\" data-end=\"224\">Fabricado en Marruecos por nuestra cooperativa, formato de 10 ml f\u00e1cil de llevar.<\/p>\n","protected":false},"featured_media":6972,"template":"","meta":[],"product_brand":[],"product_cat":[271,270],"product_tag":[],"class_list":{"0":"post-6971","1":"product","2":"type-product","3":"status-publish","4":"has-post-thumbnail","6":"product_cat-cuidado-labial","7":"product_cat-labios","9":"first","10":"instock","11":"sale","12":"shipping-taxable","13":"purchasable","14":"product-type-simple"},"jetpack_sharing_enabled":true,"_links":{"self":[{"href":"https:\/\/coopwarass.com\/es\/wp-json\/wp\/v2\/product\/6971","targetHints":{"allow":["GET"]}}],"collection":[{"href":"https:\/\/coopwarass.com\/es\/wp-json\/wp\/v2\/product"}],"about":[{"href":"https:\/\/coopwarass.com\/es\/wp-json\/wp\/v2\/types\/product"}],"version-history":[{"count":1,"href":"https:\/\/coopwarass.com\/es\/wp-json\/wp\/v2\/product\/6971\/revisions"}],"predecessor-version":[{"id":8180,"href":"https:\/\/coopwarass.com\/es\/wp-json\/wp\/v2\/product\/6971\/revisions\/8180"}],"wp:featuredmedia":[{"embeddable":true,"href":"https:\/\/coopwarass.com\/es\/wp-json\/wp\/v2\/media\/6972"}],"wp:attachment":[{"href":"https:\/\/coopwarass.com\/es\/wp-json\/wp\/v2\/media?parent=6971"}],"wp:term":[{"taxonomy":"product_brand","embeddable":true,"href":"https:\/\/coopwarass.com\/es\/wp-json\/wp\/v2\/product_brand?post=6971"},{"taxonomy":"product_cat","embeddable":true,"href":"https:\/\/coopwarass.com\/es\/wp-json\/wp\/v2\/product_cat?post=6971"},{"taxonomy":"product_tag","embeddable":true,"href":"https:\/\/coopwarass.com\/es\/wp-json\/wp\/v2\/product_tag?post=6971"}],"curies":[{"name":"wp","href":"https:\/\/api.w.org\/{rel}","templated":true}]}}