{"id":6896,"date":"2025-09-29T11:15:38","date_gmt":"2025-09-29T10:15:38","guid":{"rendered":"https:\/\/coopwarass.com\/shop\/sin%20categor\u00eda\/aceite-de-argan-para-la-alimentacion\/"},"modified":"2025-10-04T15:53:01","modified_gmt":"2025-10-04T14:53:01","slug":"aceite-de-argan-para-la-alimentacion","status":"publish","type":"product","link":"https:\/\/coopwarass.com\/es\/shop\/aceite-de-argan\/aceite-de-argan-para-la-alimentacion\/","title":{"rendered":"Aceite de arg\u00e1n para la alimentaci\u00f3n"},"content":{"rendered":"<p>100% puro, elaborado a partir de granos de arg\u00e1n tostados y prensados en fr\u00edo para conservar el aroma y los nutrientes.<br data-start=\"164\" data-end=\"167\" \/>Elegante sabor a avellana para realzar ensaladas, tajines, parrilladas y postres.<br data-start=\"247\" data-end=\"250\" \/>Fabricado en Marruecos por nuestra cooperativa, sin aditivos, envasado en botellas de cristal.<\/p>\n","protected":false},"excerpt":{"rendered":"<p>100% puro, elaborado a partir de granos de arg\u00e1n tostados y prensados en fr\u00edo para conservar el aroma y los nutrientes.<br data-start=\"164\" data-end=\"167\" \/>Elegante sabor a avellana para realzar ensaladas, tajines, parrilladas y postres.<br data-start=\"247\" data-end=\"250\" \/>Fabricado en Marruecos por nuestra cooperativa, sin aditivos, envasado en botellas de cristal.<\/p>\n","protected":false},"featured_media":6897,"template":"","meta":[],"product_brand":[],"product_cat":[308],"product_tag":[],"class_list":{"0":"post-6896","1":"product","2":"type-product","3":"status-publish","4":"has-post-thumbnail","6":"product_cat-aceite-de-argan","8":"first","9":"instock","10":"sale","11":"shipping-taxable","12":"purchasable","13":"product-type-simple"},"jetpack_sharing_enabled":true,"_links":{"self":[{"href":"https:\/\/coopwarass.com\/es\/wp-json\/wp\/v2\/product\/6896","targetHints":{"allow":["GET"]}}],"collection":[{"href":"https:\/\/coopwarass.com\/es\/wp-json\/wp\/v2\/product"}],"about":[{"href":"https:\/\/coopwarass.com\/es\/wp-json\/wp\/v2\/types\/product"}],"version-history":[{"count":2,"href":"https:\/\/coopwarass.com\/es\/wp-json\/wp\/v2\/product\/6896\/revisions"}],"predecessor-version":[{"id":7272,"href":"https:\/\/coopwarass.com\/es\/wp-json\/wp\/v2\/product\/6896\/revisions\/7272"}],"wp:featuredmedia":[{"embeddable":true,"href":"https:\/\/coopwarass.com\/es\/wp-json\/wp\/v2\/media\/6897"}],"wp:attachment":[{"href":"https:\/\/coopwarass.com\/es\/wp-json\/wp\/v2\/media?parent=6896"}],"wp:term":[{"taxonomy":"product_brand","embeddable":true,"href":"https:\/\/coopwarass.com\/es\/wp-json\/wp\/v2\/product_brand?post=6896"},{"taxonomy":"product_cat","embeddable":true,"href":"https:\/\/coopwarass.com\/es\/wp-json\/wp\/v2\/product_cat?post=6896"},{"taxonomy":"product_tag","embeddable":true,"href":"https:\/\/coopwarass.com\/es\/wp-json\/wp\/v2\/product_tag?post=6896"}],"curies":[{"name":"wp","href":"https:\/\/api.w.org\/{rel}","templated":true}]}}