{"id":6144,"date":"2025-02-08T16:39:06","date_gmt":"2025-02-08T15:39:06","guid":{"rendered":"https:\/\/coopwarass.com\/shop\/sin%20categor\u00eda\/aceite-esencial-de-limon\/"},"modified":"2025-10-04T15:53:51","modified_gmt":"2025-10-04T14:53:51","slug":"aceite-esencial-de-limon","status":"publish","type":"product","link":"https:\/\/coopwarass.com\/es\/shop\/aromaterapia\/aceites-esenciales\/aceite-esencial-de-limon\/","title":{"rendered":"Aceite esencial de lim\u00f3n"},"content":{"rendered":"<p>Despierta tu piel y tu estado de \u00e1nimo con los poderosos beneficios de nuestro <strong>Aceite Esencial de Lim\u00f3n<\/strong>. Extra\u00eddo de la c\u00e1scara de lim\u00f3n fresco, este aceite es un antioxidante natural y un agente purificador que ayuda a reducir la opacidad de la piel, aclarar las manchas oscuras y potenciar el brillo natural de tu piel. <\/p>\n<p>Rico en vitamina C, rejuvenece la piel, unifica el cutis y favorece un aspecto joven y radiante. Tambi\u00e9n tiene beneficios vigorizantes de aromaterapia, que elevan tu estado de \u00e1nimo y dan energ\u00eda a tu d\u00eda. Ideal para todo tipo de pieles, es suave pero eficaz, por lo que es un complemento perfecto para tu rutina de cuidado de la piel.  <\/p>\n<p>Utilizado en un difusor o a\u00f1adido a cremas, mascarillas o aceites corporales, <strong>el Aceite Esencial de Lim\u00f3n<\/strong> es imprescindible para conseguir un cutis fresco y resplandeciente y una experiencia naturalmente estimulante. \ud83c\udf3f\ud83c\udf4b\u2728 <\/p>\n","protected":false},"excerpt":{"rendered":"<p>Revitaliza tu piel y tus sentidos con nuestro <strong>Aceite Esencial de Lim\u00f3n<\/strong>. Conocido por sus propiedades refrescantes y purificadoras, este aceite ayuda a iluminar tu cutis y a potenciar el bienestar general. <\/p>\n","protected":false},"featured_media":7210,"template":"","meta":[],"product_brand":[],"product_cat":[281,223],"product_tag":[],"class_list":{"0":"post-6144","1":"product","2":"type-product","3":"status-publish","4":"has-post-thumbnail","6":"product_cat-aceites-esenciales","7":"product_cat-aromaterapia","9":"first","10":"instock","11":"shipping-taxable","12":"purchasable","13":"product-type-simple"},"jetpack_sharing_enabled":true,"_links":{"self":[{"href":"https:\/\/coopwarass.com\/es\/wp-json\/wp\/v2\/product\/6144","targetHints":{"allow":["GET"]}}],"collection":[{"href":"https:\/\/coopwarass.com\/es\/wp-json\/wp\/v2\/product"}],"about":[{"href":"https:\/\/coopwarass.com\/es\/wp-json\/wp\/v2\/types\/product"}],"version-history":[{"count":1,"href":"https:\/\/coopwarass.com\/es\/wp-json\/wp\/v2\/product\/6144\/revisions"}],"predecessor-version":[{"id":8222,"href":"https:\/\/coopwarass.com\/es\/wp-json\/wp\/v2\/product\/6144\/revisions\/8222"}],"wp:featuredmedia":[{"embeddable":true,"href":"https:\/\/coopwarass.com\/es\/wp-json\/wp\/v2\/media\/7210"}],"wp:attachment":[{"href":"https:\/\/coopwarass.com\/es\/wp-json\/wp\/v2\/media?parent=6144"}],"wp:term":[{"taxonomy":"product_brand","embeddable":true,"href":"https:\/\/coopwarass.com\/es\/wp-json\/wp\/v2\/product_brand?post=6144"},{"taxonomy":"product_cat","embeddable":true,"href":"https:\/\/coopwarass.com\/es\/wp-json\/wp\/v2\/product_cat?post=6144"},{"taxonomy":"product_tag","embeddable":true,"href":"https:\/\/coopwarass.com\/es\/wp-json\/wp\/v2\/product_tag?post=6144"}],"curies":[{"name":"wp","href":"https:\/\/api.w.org\/{rel}","templated":true}]}}