{"id":6140,"date":"2025-02-08T19:33:22","date_gmt":"2025-02-08T18:33:22","guid":{"rendered":"https:\/\/coopwarass.com\/shop\/sin%20categor\u00eda\/locion-de-argan-con-ambar\/"},"modified":"2025-10-04T15:53:41","modified_gmt":"2025-10-04T14:53:41","slug":"locion-de-argan-con-ambar","status":"publish","type":"product","link":"https:\/\/coopwarass.com\/es\/shop\/cuidado-corporal\/lociones-y-leches\/locion-de-argan-con-ambar\/","title":{"rendered":"Loci\u00f3n de Arg\u00e1n con \u00c1mbar"},"content":{"rendered":"<p><strong>Loci\u00f3n de Arg\u00e1n con \u00c1mbar - Lujosa Hidrataci\u00f3n y Calidez<\/strong><\/p>\n<p>Mima tu piel con nuestra <strong>Loci\u00f3n de Arg\u00e1n con \u00c1mbar<\/strong>, una f\u00f3rmula rica y nutritiva que combina el poder hidratante del aceite de Arg\u00e1n con el c\u00e1lido y ex\u00f3tico aroma del \u00e1mbar. Esta loci\u00f3n hidrata en profundidad, calma y revitaliza tu piel, dej\u00e1ndola suave, tersa y bellamente perfumada. <\/p>\n<p><strong>Por qu\u00e9 te encantar\u00e1:<\/strong><\/p>\n<ul>\n<li><strong>Hidrataci\u00f3n profunda:<\/strong> El aceite de arg\u00e1n penetra en profundidad para hidratar y nutrir, dejando tu piel flexible y radiante.<\/li>\n<li><strong>Alivio calmante:<\/strong> Calma la piel seca e irritada y restaura su barrera natural de hidrataci\u00f3n.<\/li>\n<li><strong>Fragancia ex\u00f3tica:<\/strong> El c\u00e1lido y acogedor aroma del \u00e1mbar a\u00f1ade un toque de lujo a tu rutina diaria.<\/li>\n<li><strong>Ligera y de r\u00e1pida absorci\u00f3n:<\/strong> F\u00f3rmula no grasa que se absorbe r\u00e1pidamente, por lo que es perfecta para todo tipo de pieles.<\/li>\n<li><strong>Uso vers\u00e1til:<\/strong> Ideal para la cara, las manos y el cuerpo, proporciona hidrataci\u00f3n durante todo el d\u00eda y un aroma sutil y cautivador.<\/li>\n<\/ul>\n<p>Tanto si buscas hidratar tu piel como si quieres disfrutar de un momento de autocuidado, nuestra Loci\u00f3n de Arg\u00e1n con \u00c1mbar es tu elecci\u00f3n para una experiencia sensorial de lujo.<\/p>\n<p><strong>Eleva tu rutina de cuidado de la piel - \u00a1Prueba hoy nuestra Loci\u00f3n de Arg\u00e1n con \u00c1mbar!<\/strong><\/p>\n","protected":false},"excerpt":{"rendered":"<p>Mima tu piel con nuestra <strong>Loci\u00f3n de Arg\u00e1n con \u00c1mbar<\/strong>. Esta lujosa mezcla hidrata en profundidad, calma y deja tu piel suave, tersa y envuelta en una fragancia c\u00e1lida y ex\u00f3tica. <\/p>\n","protected":false},"featured_media":6142,"template":"","meta":[],"product_brand":[],"product_cat":[228,257],"product_tag":[],"class_list":{"0":"post-6140","1":"product","2":"type-product","3":"status-publish","4":"has-post-thumbnail","6":"product_cat-cuidado-corporal","7":"product_cat-lociones-y-leches","9":"first","10":"instock","11":"shipping-taxable","12":"purchasable","13":"product-type-simple"},"jetpack_sharing_enabled":true,"_links":{"self":[{"href":"https:\/\/coopwarass.com\/es\/wp-json\/wp\/v2\/product\/6140","targetHints":{"allow":["GET"]}}],"collection":[{"href":"https:\/\/coopwarass.com\/es\/wp-json\/wp\/v2\/product"}],"about":[{"href":"https:\/\/coopwarass.com\/es\/wp-json\/wp\/v2\/types\/product"}],"version-history":[{"count":1,"href":"https:\/\/coopwarass.com\/es\/wp-json\/wp\/v2\/product\/6140\/revisions"}],"predecessor-version":[{"id":8214,"href":"https:\/\/coopwarass.com\/es\/wp-json\/wp\/v2\/product\/6140\/revisions\/8214"}],"wp:featuredmedia":[{"embeddable":true,"href":"https:\/\/coopwarass.com\/es\/wp-json\/wp\/v2\/media\/6142"}],"wp:attachment":[{"href":"https:\/\/coopwarass.com\/es\/wp-json\/wp\/v2\/media?parent=6140"}],"wp:term":[{"taxonomy":"product_brand","embeddable":true,"href":"https:\/\/coopwarass.com\/es\/wp-json\/wp\/v2\/product_brand?post=6140"},{"taxonomy":"product_cat","embeddable":true,"href":"https:\/\/coopwarass.com\/es\/wp-json\/wp\/v2\/product_cat?post=6140"},{"taxonomy":"product_tag","embeddable":true,"href":"https:\/\/coopwarass.com\/es\/wp-json\/wp\/v2\/product_tag?post=6140"}],"curies":[{"name":"wp","href":"https:\/\/api.w.org\/{rel}","templated":true}]}}