{"id":6134,"date":"2025-02-08T19:21:32","date_gmt":"2025-02-08T18:21:32","guid":{"rendered":"https:\/\/coopwarass.com\/shop\/sin%20categor\u00eda\/aceite-esencial-de-jazmin\/"},"modified":"2025-10-04T15:53:48","modified_gmt":"2025-10-04T14:53:48","slug":"aceite-esencial-de-jazmin","status":"publish","type":"product","link":"https:\/\/coopwarass.com\/es\/shop\/aromaterapia\/aceites-esenciales\/aceite-esencial-de-jazmin\/","title":{"rendered":"Aceite esencial de jazm\u00edn"},"content":{"rendered":"<p><strong>Aceite esencial de jazm\u00edn - Un toque de lujo y bienestar<\/strong><\/p>\n<p>Experimenta la cautivadora fragancia y los beneficios terap\u00e9uticos de nuestro <strong>Aceite Esencial de Jazm\u00edn<\/strong>, un precioso extracto conocido por sus propiedades calmantes y rejuvenecedoras. Este lujoso aceite es perfecto para la aromaterapia, el cuidado de la piel y la creaci\u00f3n de una atm\u00f3sfera calmante. <\/p>\n<p><strong>Por qu\u00e9 te encantar\u00e1:<\/strong><\/p>\n<ul>\n<li><strong>Aroma Calmante:<\/strong> Favorece la relajaci\u00f3n, reduce el estr\u00e9s y eleva tu estado de \u00e1nimo.<\/li>\n<li><strong>Rejuvenecimiento de la piel:<\/strong> Ayuda a mejorar la elasticidad de la piel, reducir el aspecto de las cicatrices y favorecer un cutis radiante.<\/li>\n<li><strong>Uso vers\u00e1til:<\/strong> Ideal para difusores, aceites de masaje o como perfume natural.<\/li>\n<li><strong>Extracto de alta calidad:<\/strong> 100% puro y natural, sin aditivos ni fragancias sint\u00e9ticas.<\/li>\n<li><strong>Rom\u00e1ntico y edificante:<\/strong> A\u00f1ade un toque de elegancia a tu rutina de cuidado personal.<\/li>\n<\/ul>\n<p>Tanto si buscas relajarte tras un largo d\u00eda, como si quieres mejorar tu rutina de cuidado de la piel o crear un ambiente rom\u00e1ntico, nuestro Aceite Esencial de Jazm\u00edn es tu compa\u00f1ero perfecto.<\/p>\n<p><strong>Eleva tus sentidos y el cuidado de tu piel - \u00a1Prueba hoy nuestro Aceite Esencial de Jazm\u00edn!<\/strong><\/p>\n","protected":false},"excerpt":{"rendered":"<div class=\"ds-markdown ds-markdown--block\">\n<p>Del\u00e9itate con el encantador aroma y los beneficios para el cuidado de la piel de nuestro <strong>Aceite Esencial de Jazm\u00edn<\/strong>. Perfecto para la aromaterapia, la relajaci\u00f3n y para realzar tu belleza natural. <\/p>\n<\/div>\n","protected":false},"featured_media":7208,"template":"","meta":[],"product_brand":[],"product_cat":[281,223],"product_tag":[],"class_list":{"0":"post-6134","1":"product","2":"type-product","3":"status-publish","4":"has-post-thumbnail","6":"product_cat-aceites-esenciales","7":"product_cat-aromaterapia","9":"first","10":"instock","11":"shipping-taxable","12":"purchasable","13":"product-type-simple"},"jetpack_sharing_enabled":true,"_links":{"self":[{"href":"https:\/\/coopwarass.com\/es\/wp-json\/wp\/v2\/product\/6134","targetHints":{"allow":["GET"]}}],"collection":[{"href":"https:\/\/coopwarass.com\/es\/wp-json\/wp\/v2\/product"}],"about":[{"href":"https:\/\/coopwarass.com\/es\/wp-json\/wp\/v2\/types\/product"}],"version-history":[{"count":1,"href":"https:\/\/coopwarass.com\/es\/wp-json\/wp\/v2\/product\/6134\/revisions"}],"predecessor-version":[{"id":8220,"href":"https:\/\/coopwarass.com\/es\/wp-json\/wp\/v2\/product\/6134\/revisions\/8220"}],"wp:featuredmedia":[{"embeddable":true,"href":"https:\/\/coopwarass.com\/es\/wp-json\/wp\/v2\/media\/7208"}],"wp:attachment":[{"href":"https:\/\/coopwarass.com\/es\/wp-json\/wp\/v2\/media?parent=6134"}],"wp:term":[{"taxonomy":"product_brand","embeddable":true,"href":"https:\/\/coopwarass.com\/es\/wp-json\/wp\/v2\/product_brand?post=6134"},{"taxonomy":"product_cat","embeddable":true,"href":"https:\/\/coopwarass.com\/es\/wp-json\/wp\/v2\/product_cat?post=6134"},{"taxonomy":"product_tag","embeddable":true,"href":"https:\/\/coopwarass.com\/es\/wp-json\/wp\/v2\/product_tag?post=6134"}],"curies":[{"name":"wp","href":"https:\/\/api.w.org\/{rel}","templated":true}]}}