{"id":6128,"date":"2025-02-08T19:23:16","date_gmt":"2025-02-08T18:23:16","guid":{"rendered":"https:\/\/coopwarass.com\/shop\/sin%20categor\u00eda\/aceite-esencial-de-ylang-ylang\/"},"modified":"2025-10-04T15:53:47","modified_gmt":"2025-10-04T14:53:47","slug":"aceite-esencial-de-ylang-ylang","status":"publish","type":"product","link":"https:\/\/coopwarass.com\/es\/shop\/aromaterapia\/aceites-esenciales\/aceite-esencial-de-ylang-ylang\/","title":{"rendered":"Aceite esencial de Ylang Ylang"},"content":{"rendered":"<p><strong>Aceite esencial de Ylang Ylang - Relajaci\u00f3n y resplandor<\/strong><\/p>\n<p>Descubre los beneficios ex\u00f3ticos y calmantes de nuestro <strong>Aceite Esencial de Ylang Ylang<\/strong>, un lujoso extracto c\u00e9lebre por su dulce aroma floral y sus vers\u00e1tiles usos. Este aceite es perfecto para promover la relajaci\u00f3n, mejorar tu estado de \u00e1nimo y a\u00f1adir un toque de lujo a tu rutina de cuidado de la piel. <\/p>\n<p><strong>Por qu\u00e9 te encantar\u00e1:<\/strong><\/p>\n<ul>\n<li><strong>Calmante y estimulante:<\/strong> Reduce el estr\u00e9s y la ansiedad, y favorece la sensaci\u00f3n de bienestar.<\/li>\n<li><strong>Nutrici\u00f3n de la piel:<\/strong> Equilibra la producci\u00f3n de grasa, calma la irritaci\u00f3n y favorece un brillo saludable.<\/li>\n<li><strong>Uso vers\u00e1til:<\/strong> Ideal para difusores, aceites de masaje, tratamientos capilares o como perfume natural.<\/li>\n<li><strong>Extracto de alta calidad:<\/strong> 100% puro y natural, sin aditivos ni fragancias sint\u00e9ticas.<\/li>\n<li><strong>Fragancia ex\u00f3tica:<\/strong> A\u00f1ade un rico aroma floral a tus rituales de cuidado personal.<\/li>\n<\/ul>\n<p>Tanto si buscas crear una atm\u00f3sfera relajante, mejorar tu rutina de cuidado de la piel o concederte un momento de autocuidado, nuestro Aceite Esencial de Ylang Ylang es tu compa\u00f1ero perfecto.<\/p>\n<p><strong>Transforma tu rutina con un toque de lujo - \u00a1Prueba hoy nuestro Aceite Esencial Ylang Ylang!<\/strong><\/p>\n<hr>\n","protected":false},"excerpt":{"rendered":"<p>Rel\u00e1jate y rejuvenece con nuestro <strong>Aceite Esencial de Ylang Ylang<\/strong>. Conocido por su fragancia floral y sus propiedades calmantes, es perfecto para la aromaterapia, el cuidado de la piel y la relajaci\u00f3n. <\/p>\n","protected":false},"featured_media":7206,"template":"","meta":[],"product_brand":[],"product_cat":[281,223],"product_tag":[],"class_list":{"0":"post-6128","1":"product","2":"type-product","3":"status-publish","4":"has-post-thumbnail","6":"product_cat-aceites-esenciales","7":"product_cat-aromaterapia","9":"first","10":"instock","11":"shipping-taxable","12":"purchasable","13":"product-type-simple"},"jetpack_sharing_enabled":true,"_links":{"self":[{"href":"https:\/\/coopwarass.com\/es\/wp-json\/wp\/v2\/product\/6128","targetHints":{"allow":["GET"]}}],"collection":[{"href":"https:\/\/coopwarass.com\/es\/wp-json\/wp\/v2\/product"}],"about":[{"href":"https:\/\/coopwarass.com\/es\/wp-json\/wp\/v2\/types\/product"}],"version-history":[{"count":1,"href":"https:\/\/coopwarass.com\/es\/wp-json\/wp\/v2\/product\/6128\/revisions"}],"predecessor-version":[{"id":8219,"href":"https:\/\/coopwarass.com\/es\/wp-json\/wp\/v2\/product\/6128\/revisions\/8219"}],"wp:featuredmedia":[{"embeddable":true,"href":"https:\/\/coopwarass.com\/es\/wp-json\/wp\/v2\/media\/7206"}],"wp:attachment":[{"href":"https:\/\/coopwarass.com\/es\/wp-json\/wp\/v2\/media?parent=6128"}],"wp:term":[{"taxonomy":"product_brand","embeddable":true,"href":"https:\/\/coopwarass.com\/es\/wp-json\/wp\/v2\/product_brand?post=6128"},{"taxonomy":"product_cat","embeddable":true,"href":"https:\/\/coopwarass.com\/es\/wp-json\/wp\/v2\/product_cat?post=6128"},{"taxonomy":"product_tag","embeddable":true,"href":"https:\/\/coopwarass.com\/es\/wp-json\/wp\/v2\/product_tag?post=6128"}],"curies":[{"name":"wp","href":"https:\/\/api.w.org\/{rel}","templated":true}]}}