{"id":6113,"date":"2025-02-08T19:40:19","date_gmt":"2025-02-08T18:40:19","guid":{"rendered":"https:\/\/coopwarass.com\/shop\/sin%20categor\u00eda\/locion-de-argan-y-miel\/"},"modified":"2025-10-04T15:53:38","modified_gmt":"2025-10-04T14:53:38","slug":"locion-de-argan-y-miel","status":"publish","type":"product","link":"https:\/\/coopwarass.com\/es\/shop\/cuidado-corporal\/lociones-y-leches\/locion-de-argan-y-miel\/","title":{"rendered":"Loci\u00f3n de Arg\u00e1n y Miel"},"content":{"rendered":"<p><strong>Loci\u00f3n de Arg\u00e1n con Miel - Hidrataci\u00f3n y Nutrici\u00f3n Profundas<\/strong><\/p>\n<p>Mima tu piel con nuestra <strong>Loci\u00f3n de Arg\u00e1n con Miel<\/strong>, una lujosa f\u00f3rmula que combina el poder nutritivo del aceite de Arg\u00e1n con los beneficios naturales de la miel. Esta loci\u00f3n hidrata en profundidad, calma y revitaliza tu piel, dej\u00e1ndola suave, tersa y radiante. <\/p>\n<p><strong>Por qu\u00e9 te encantar\u00e1:<\/strong><\/p>\n<ul>\n<li><strong>Hidrataci\u00f3n profunda:<\/strong> El aceite de arg\u00e1n y la miel trabajan juntos para retener la humedad, evitando la sequedad y la descamaci\u00f3n.<\/li>\n<li><strong>Alivio calmante:<\/strong> Calma la piel irritada y reduce las rojeces para un cutis m\u00e1s uniforme.<\/li>\n<li><strong>Repara la piel:<\/strong> Las propiedades antibacterianas naturales de la miel ayudan a curar y proteger tu piel.<\/li>\n<li><strong>Ligera y de r\u00e1pida absorci\u00f3n:<\/strong> F\u00f3rmula no grasa que se absorbe r\u00e1pidamente, por lo que es perfecta para el uso diario.<\/li>\n<li><strong>Uso vers\u00e1til:<\/strong> Ideal para la cara, las manos y el cuerpo, proporciona hidrataci\u00f3n durante todo el d\u00eda y un brillo saludable.<\/li>\n<\/ul>\n<p>Tanto si buscas hidratar tu piel como disfrutar de un momento de autocuidado, nuestra Loci\u00f3n de Arg\u00e1n con Miel es tu recurso para conseguir una piel suave, tersa y resplandeciente.<\/p>\n<p><strong>Experimenta el poder de la naturaleza - \u00a1Prueba hoy mismo nuestra Loci\u00f3n de Arg\u00e1n con Miel!<\/strong><\/p>\n","protected":false},"excerpt":{"rendered":"<p>Nutre e hidrata tu piel con nuestra <strong>Loci\u00f3n de Arg\u00e1n con Miel<\/strong>. Esta rica mezcla hidrata en profundidad, calma y deja tu piel suave, tersa y resplandeciente. <\/p>\n","protected":false},"featured_media":6475,"template":"","meta":[],"product_brand":[],"product_cat":[228,257],"product_tag":[],"class_list":{"0":"post-6113","1":"product","2":"type-product","3":"status-publish","4":"has-post-thumbnail","6":"product_cat-cuidado-corporal","7":"product_cat-lociones-y-leches","9":"first","10":"instock","11":"shipping-taxable","12":"purchasable","13":"product-type-simple"},"jetpack_sharing_enabled":true,"_links":{"self":[{"href":"https:\/\/coopwarass.com\/es\/wp-json\/wp\/v2\/product\/6113","targetHints":{"allow":["GET"]}}],"collection":[{"href":"https:\/\/coopwarass.com\/es\/wp-json\/wp\/v2\/product"}],"about":[{"href":"https:\/\/coopwarass.com\/es\/wp-json\/wp\/v2\/types\/product"}],"version-history":[{"count":1,"href":"https:\/\/coopwarass.com\/es\/wp-json\/wp\/v2\/product\/6113\/revisions"}],"predecessor-version":[{"id":8211,"href":"https:\/\/coopwarass.com\/es\/wp-json\/wp\/v2\/product\/6113\/revisions\/8211"}],"wp:featuredmedia":[{"embeddable":true,"href":"https:\/\/coopwarass.com\/es\/wp-json\/wp\/v2\/media\/6475"}],"wp:attachment":[{"href":"https:\/\/coopwarass.com\/es\/wp-json\/wp\/v2\/media?parent=6113"}],"wp:term":[{"taxonomy":"product_brand","embeddable":true,"href":"https:\/\/coopwarass.com\/es\/wp-json\/wp\/v2\/product_brand?post=6113"},{"taxonomy":"product_cat","embeddable":true,"href":"https:\/\/coopwarass.com\/es\/wp-json\/wp\/v2\/product_cat?post=6113"},{"taxonomy":"product_tag","embeddable":true,"href":"https:\/\/coopwarass.com\/es\/wp-json\/wp\/v2\/product_tag?post=6113"}],"curies":[{"name":"wp","href":"https:\/\/api.w.org\/{rel}","templated":true}]}}