{"id":6097,"date":"2025-02-08T20:29:08","date_gmt":"2025-02-08T19:29:08","guid":{"rendered":"https:\/\/coopwarass.com\/shop\/sin%20categor\u00eda\/mascarilla-antiarrugas\/"},"modified":"2025-10-04T15:53:30","modified_gmt":"2025-10-04T14:53:30","slug":"mascarilla-antiarrugas","status":"publish","type":"product","link":"https:\/\/coopwarass.com\/es\/shop\/cuidado-facial\/mascaras-y-arcillas\/mascarilla-antiarrugas\/","title":{"rendered":"Mascarilla antiarrugas"},"content":{"rendered":"<p><strong>Mascarilla antiarrugas - Piel joven y radiante<\/strong><\/p>\n<p>Da marcha atr\u00e1s al reloj con nuestra <strong>Mascarilla Antiarrugas<\/strong>, un potente tratamiento dise\u00f1ado para reducir la aparici\u00f3n de l\u00edneas finas y arrugas, al tiempo que hidrata y nutre tu piel en profundidad. Infundida con potentes ingredientes antienvejecimiento, esta mascarilla favorece la elasticidad, suaviza la textura y restaura un cutis joven y radiante. <\/p>\n<p><strong>Por qu\u00e9 te encantar\u00e1:<\/strong><\/p>\n<ul>\n<li><strong>Reduce las L\u00edneas de expresi\u00f3n:<\/strong> Disminuye visiblemente las arrugas y favorece una piel m\u00e1s firme y tersa.<\/li>\n<li><strong>Hidrataci\u00f3n profunda:<\/strong> Retiene la humedad, evitando la sequedad y manteniendo tu piel flexible.<\/li>\n<li><strong>Aumenta la Elasticidad:<\/strong> Mejora la firmeza y elasticidad de la piel para un aspecto m\u00e1s joven.<\/li>\n<li><strong>Rico en antioxidantes:<\/strong> Protege contra los radicales libres y los da\u00f1os medioambientales.<\/li>\n<li><strong>Experiencia relajante:<\/strong> Perfecto para un momento de autocuidado tipo spa en casa.<\/li>\n<\/ul>\n<p>Ideal para uso semanal, esta mascarilla es tu soluci\u00f3n para conseguir un cutis rejuvenecido y resplandeciente.<\/p>\n<p><strong>Redescubre la juventud de tu piel - \u00a1Prueba hoy mismo nuestra Mascarilla antiarrugas!<\/strong><\/p>\n","protected":false},"excerpt":{"rendered":"<p>Combate los signos del envejecimiento con nuestra <strong>Mascarilla Antiarrugas<\/strong>. Este tratamiento rejuvenecedor reduce las l\u00edneas de expresi\u00f3n, hidrata en profundidad y restaura el brillo juvenil de tu piel. <\/p>\n","protected":false},"featured_media":6474,"template":"","meta":[],"product_brand":[],"product_cat":[232,279],"product_tag":[],"class_list":{"0":"post-6097","1":"product","2":"type-product","3":"status-publish","4":"has-post-thumbnail","6":"product_cat-cuidado-facial","7":"product_cat-mascaras-y-arcillas","9":"first","10":"instock","11":"sale","12":"shipping-taxable","13":"purchasable","14":"product-type-simple"},"jetpack_sharing_enabled":true,"_links":{"self":[{"href":"https:\/\/coopwarass.com\/es\/wp-json\/wp\/v2\/product\/6097","targetHints":{"allow":["GET"]}}],"collection":[{"href":"https:\/\/coopwarass.com\/es\/wp-json\/wp\/v2\/product"}],"about":[{"href":"https:\/\/coopwarass.com\/es\/wp-json\/wp\/v2\/types\/product"}],"version-history":[{"count":1,"href":"https:\/\/coopwarass.com\/es\/wp-json\/wp\/v2\/product\/6097\/revisions"}],"predecessor-version":[{"id":8204,"href":"https:\/\/coopwarass.com\/es\/wp-json\/wp\/v2\/product\/6097\/revisions\/8204"}],"wp:featuredmedia":[{"embeddable":true,"href":"https:\/\/coopwarass.com\/es\/wp-json\/wp\/v2\/media\/6474"}],"wp:attachment":[{"href":"https:\/\/coopwarass.com\/es\/wp-json\/wp\/v2\/media?parent=6097"}],"wp:term":[{"taxonomy":"product_brand","embeddable":true,"href":"https:\/\/coopwarass.com\/es\/wp-json\/wp\/v2\/product_brand?post=6097"},{"taxonomy":"product_cat","embeddable":true,"href":"https:\/\/coopwarass.com\/es\/wp-json\/wp\/v2\/product_cat?post=6097"},{"taxonomy":"product_tag","embeddable":true,"href":"https:\/\/coopwarass.com\/es\/wp-json\/wp\/v2\/product_tag?post=6097"}],"curies":[{"name":"wp","href":"https:\/\/api.w.org\/{rel}","templated":true}]}}