{"id":6088,"date":"2025-02-08T20:23:37","date_gmt":"2025-02-08T19:23:37","guid":{"rendered":"https:\/\/coopwarass.com\/shop\/sin%20categor\u00eda\/locion-de-argan-con-verbena\/"},"modified":"2025-10-04T15:53:32","modified_gmt":"2025-10-04T14:53:32","slug":"locion-de-argan-con-verbena","status":"publish","type":"product","link":"https:\/\/coopwarass.com\/es\/shop\/cuidado-corporal\/lociones-y-leches\/locion-de-argan-con-verbena\/","title":{"rendered":"Loci\u00f3n de Arg\u00e1n con Verbena"},"content":{"rendered":"<p><strong>Loci\u00f3n de Arg\u00e1n con Verbena - Hidrataci\u00f3n Energizante y Refrescante<\/strong><\/p>\n<p>Revitaliza tu piel con nuestra <strong>Loci\u00f3n de Arg\u00e1n con Verbena<\/strong>, una f\u00f3rmula refrescante que combina el poder hidratante del aceite de Arg\u00e1n con el aroma picante y estimulante de la Verbena. Esta loci\u00f3n hidrata en profundidad, calma y revitaliza tu piel, dej\u00e1ndola suave, tersa y bellamente perfumada. <\/p>\n<p><strong>Por qu\u00e9 te encantar\u00e1:<\/strong><\/p>\n<ul>\n<li><strong>Hidrataci\u00f3n profunda:<\/strong> El aceite de arg\u00e1n penetra en profundidad para hidratar y nutrir, dejando tu piel flexible y radiante.<\/li>\n<li><strong>Alivio calmante:<\/strong> Calma la piel seca e irritada y restaura su barrera natural de hidrataci\u00f3n.<\/li>\n<li><strong>Fragancia vigorizante:<\/strong> El aroma fresco y c\u00edtrico de la verbena vigoriza tus sentidos y eleva tu estado de \u00e1nimo.<\/li>\n<li><strong>Ligera y de r\u00e1pida absorci\u00f3n:<\/strong> F\u00f3rmula no grasa que se absorbe r\u00e1pidamente, por lo que es perfecta para todo tipo de pieles.<\/li>\n<li><strong>Uso vers\u00e1til:<\/strong> Ideal para la cara, las manos y el cuerpo, proporciona hidrataci\u00f3n durante todo el d\u00eda y un aroma refrescante.<\/li>\n<\/ul>\n<p>Tanto si buscas hidratar tu piel como disfrutar de una explosi\u00f3n de energ\u00eda, nuestra Loci\u00f3n de Arg\u00e1n con Verbena es tu elecci\u00f3n para una experiencia revitalizante y sensorial.<\/p>\n<p><strong>Eleva tu rutina de cuidado de la piel - \u00a1Prueba hoy nuestra Loci\u00f3n de Arg\u00e1n con Verbena!<\/strong><\/p>\n","protected":false},"excerpt":{"rendered":"<p>Refresca e hidrata tu piel con nuestra <strong>Loci\u00f3n de Arg\u00e1n con Verbena<\/strong>. Esta mezcla vigorizante nutre en profundidad y deja tu piel suave, tersa y revitalizada. <\/p>\n","protected":false},"featured_media":6090,"template":"","meta":[],"product_brand":[],"product_cat":[228,257],"product_tag":[],"class_list":{"0":"post-6088","1":"product","2":"type-product","3":"status-publish","4":"has-post-thumbnail","6":"product_cat-cuidado-corporal","7":"product_cat-lociones-y-leches","9":"first","10":"instock","11":"shipping-taxable","12":"purchasable","13":"product-type-simple"},"jetpack_sharing_enabled":true,"_links":{"self":[{"href":"https:\/\/coopwarass.com\/es\/wp-json\/wp\/v2\/product\/6088","targetHints":{"allow":["GET"]}}],"collection":[{"href":"https:\/\/coopwarass.com\/es\/wp-json\/wp\/v2\/product"}],"about":[{"href":"https:\/\/coopwarass.com\/es\/wp-json\/wp\/v2\/types\/product"}],"version-history":[{"count":1,"href":"https:\/\/coopwarass.com\/es\/wp-json\/wp\/v2\/product\/6088\/revisions"}],"predecessor-version":[{"id":8206,"href":"https:\/\/coopwarass.com\/es\/wp-json\/wp\/v2\/product\/6088\/revisions\/8206"}],"wp:featuredmedia":[{"embeddable":true,"href":"https:\/\/coopwarass.com\/es\/wp-json\/wp\/v2\/media\/6090"}],"wp:attachment":[{"href":"https:\/\/coopwarass.com\/es\/wp-json\/wp\/v2\/media?parent=6088"}],"wp:term":[{"taxonomy":"product_brand","embeddable":true,"href":"https:\/\/coopwarass.com\/es\/wp-json\/wp\/v2\/product_brand?post=6088"},{"taxonomy":"product_cat","embeddable":true,"href":"https:\/\/coopwarass.com\/es\/wp-json\/wp\/v2\/product_cat?post=6088"},{"taxonomy":"product_tag","embeddable":true,"href":"https:\/\/coopwarass.com\/es\/wp-json\/wp\/v2\/product_tag?post=6088"}],"curies":[{"name":"wp","href":"https:\/\/api.w.org\/{rel}","templated":true}]}}