{"id":6060,"date":"2025-02-10T06:04:26","date_gmt":"2025-02-10T06:04:26","guid":{"rendered":"https:\/\/coopwarass.com\/shop\/sin%20categor\u00eda\/aceite-seco-con-aceite-de-argan\/"},"modified":"2025-10-04T15:53:23","modified_gmt":"2025-10-04T14:53:23","slug":"aceite-seco-con-aceite-de-argan","status":"publish","type":"product","link":"https:\/\/coopwarass.com\/es\/shop\/cuidado-corporal\/aceites\/aceite-seco-con-aceite-de-argan\/","title":{"rendered":"Aceite Seco con Aceite de Arg\u00e1n"},"content":{"rendered":"<p><strong>Aceite Seco con Aceite de Arg\u00e1n - Hidrataci\u00f3n Ligera y Luminosidad<\/strong><\/p>\n<p>Experimenta lo \u00faltimo en hidrataci\u00f3n ligera con nuestro <strong>Aceite Seco con Aceite de Arg\u00e1n<\/strong>. Esta f\u00f3rmula de r\u00e1pida absorci\u00f3n combina los beneficios nutritivos del aceite de Arg\u00e1n con una lujosa mezcla de aceite de almendras dulces, aceite de albaricoque, aceite de semilla de uva, aceite de macadamia y \u00e9ster de coco. Juntos, estos aceites naturales hidratan, reparan y protegen tu piel en profundidad, dej\u00e1ndola suave, tersa y radiante.  <\/p>\n<p><strong>Ingredientes clave:<\/strong><\/p>\n<ul>\n<li><strong>Aceite de Arg\u00e1n:<\/strong> Hidrata y nutre, rico en vitamina E y antioxidantes.<\/li>\n<li><strong>Aceite de Almendras Dulces:<\/strong> Suaviza y calma, perfecto para pieles sensibles.<\/li>\n<li><strong>Aceite de albaricoque:<\/strong> Ligero y rico en vitaminas A y C, favorece un brillo saludable.<\/li>\n<li><strong>Aceite de pepitas de uva:<\/strong> Tensa y tonifica, al tiempo que protege contra los radicales libres.<\/li>\n<li><strong>Aceite de Macadamia:<\/strong> Rico en \u00e1cidos grasos omega, repara y refuerza la barrera cut\u00e1nea.<\/li>\n<li><strong>Ester de Coco:<\/strong> A\u00f1ade un acabado sedoso y no graso a la vez que retiene la hidrataci\u00f3n.<\/li>\n<\/ul>\n<p><strong>Por qu\u00e9 te encantar\u00e1:<\/strong><\/p>\n<ul>\n<li><strong>Hidrataci\u00f3n profunda:<\/strong> Penetra r\u00e1pidamente para hidratar sin obstruir los poros.<\/li>\n<li><strong>F\u00f3rmula no grasa:<\/strong> Se absorbe al instante, sin dejar residuos grasos.<\/li>\n<li><strong>Multiusos:<\/strong> Perfecto para el rostro, el cuerpo y el cabello, aporta brillo y suavidad dondequiera que se aplique.<\/li>\n<li><strong>Rico en antioxidantes:<\/strong> Protege tu piel de los da\u00f1os medioambientales y favorece un brillo juvenil.<\/li>\n<li><strong>Fragancia sutil:<\/strong> Deja un delicado aroma natural en tu piel.<\/li>\n<\/ul>\n<p>Tanto si buscas hidratar tu piel, dar brillo a tu cabello o disfrutar de un momento de cuidado personal, nuestro Aceite Seco con Aceite de Arg\u00e1n es tu esencial de belleza vers\u00e1til.<\/p>\n<p><strong>Eleva tu rutina - \u00a1Prueba hoy nuestro Aceite Seco con Aceite de Arg\u00e1n!<\/strong><\/p>\n","protected":false},"excerpt":{"rendered":"<p>Hidrata y nutre tu piel con nuestro <strong>Aceite Seco con Aceite de Arg\u00e1n<\/strong>. Enriquecido con una mezcla de aceite de arg\u00e1n, aceite de almendras dulces, aceite de albaricoque, aceite de semilla de uva, aceite de macadamia y \u00e9ster de coco, esta f\u00f3rmula ligera se absorbe r\u00e1pidamente, dejando tu piel suave, tersa y resplandeciente sin sensaci\u00f3n grasa. <\/p>\n","protected":false},"featured_media":6062,"template":"","meta":[],"product_brand":[],"product_cat":[229,228],"product_tag":[],"class_list":{"0":"post-6060","1":"product","2":"type-product","3":"status-publish","4":"has-post-thumbnail","6":"product_cat-aceites","7":"product_cat-cuidado-corporal","9":"first","10":"instock","11":"purchasable","12":"product-type-variable"},"jetpack_sharing_enabled":true,"_links":{"self":[{"href":"https:\/\/coopwarass.com\/es\/wp-json\/wp\/v2\/product\/6060","targetHints":{"allow":["GET"]}}],"collection":[{"href":"https:\/\/coopwarass.com\/es\/wp-json\/wp\/v2\/product"}],"about":[{"href":"https:\/\/coopwarass.com\/es\/wp-json\/wp\/v2\/types\/product"}],"version-history":[{"count":1,"href":"https:\/\/coopwarass.com\/es\/wp-json\/wp\/v2\/product\/6060\/revisions"}],"predecessor-version":[{"id":8198,"href":"https:\/\/coopwarass.com\/es\/wp-json\/wp\/v2\/product\/6060\/revisions\/8198"}],"wp:featuredmedia":[{"embeddable":true,"href":"https:\/\/coopwarass.com\/es\/wp-json\/wp\/v2\/media\/6062"}],"wp:attachment":[{"href":"https:\/\/coopwarass.com\/es\/wp-json\/wp\/v2\/media?parent=6060"}],"wp:term":[{"taxonomy":"product_brand","embeddable":true,"href":"https:\/\/coopwarass.com\/es\/wp-json\/wp\/v2\/product_brand?post=6060"},{"taxonomy":"product_cat","embeddable":true,"href":"https:\/\/coopwarass.com\/es\/wp-json\/wp\/v2\/product_cat?post=6060"},{"taxonomy":"product_tag","embeddable":true,"href":"https:\/\/coopwarass.com\/es\/wp-json\/wp\/v2\/product_tag?post=6060"}],"curies":[{"name":"wp","href":"https:\/\/api.w.org\/{rel}","templated":true}]}}