{"id":6053,"date":"2025-02-10T10:51:19","date_gmt":"2025-02-10T10:51:19","guid":{"rendered":"https:\/\/coopwarass.com\/shop\/sin%20categor\u00eda\/champu-anticaspa\/"},"modified":"2025-10-04T15:53:22","modified_gmt":"2025-10-04T14:53:22","slug":"champu-anticaspa","status":"publish","type":"product","link":"https:\/\/coopwarass.com\/es\/shop\/cuidado-capilar\/lavado-y-acondicionadores\/champu-anticaspa\/","title":{"rendered":"Champ\u00fa anticaspa"},"content":{"rendered":"<p><strong>Champ\u00fa anticaspa - Calma y refresca tu cuero cabelludo<\/strong><\/p>\n<p>Di adi\u00f3s a la caspa y hola a un cuero cabelludo m\u00e1s sano con nuestro <strong>Champ\u00fa Anticaspa<\/strong>. Especialmente formulado para combatir la descamaci\u00f3n y el picor, este champ\u00fa limpia el cuero cabelludo, reduce la irritaci\u00f3n y deja el cabello limpio, suave y fresco. <\/p>\n<p><strong>Por qu\u00e9 te encantar\u00e1:<\/strong><\/p>\n<ul>\n<li><strong>Combate la caspa:<\/strong> Reduce eficazmente las escamas y previene su reaparici\u00f3n.<\/li>\n<li><strong>Calma el cuero cabelludo:<\/strong> Calma el picor y la irritaci\u00f3n para una sensaci\u00f3n m\u00e1s confortable.<\/li>\n<li><strong>Limpieza profunda:<\/strong> Elimina la acumulaci\u00f3n y las impurezas sin eliminar los aceites naturales.<\/li>\n<li><strong>Nutre el cabello:<\/strong> Deja el cabello suave, liso y manejable.<\/li>\n<li><strong>Adecuado para todo tipo de cabellos:<\/strong> Suficientemente suave para su uso diario en cueros cabelludos grasos, secos o sensibles.<\/li>\n<\/ul>\n<p>Este champ\u00fa es ideal para uso regular y es tu soluci\u00f3n para conseguir un cuero cabelludo sano, sin escamas y un cabello bonito.<\/p>\n<p><strong>Restaura el equilibrio de tu cuero cabelludo - \u00a1Prueba hoy nuestro Champ\u00fa Anticaspa!<\/strong><\/p>\n","protected":false},"excerpt":{"rendered":"<p>Combate la caspa y calma tu cuero cabelludo con nuestro <strong>Champ\u00fa Anticaspa<\/strong>. Esta f\u00f3rmula suave pero eficaz alivia el picor, reduce las escamas y deja tu cabello limpio, sano y fresco. <\/p>\n","protected":false},"featured_media":6470,"template":"","meta":[],"product_brand":[],"product_cat":[260,275],"product_tag":[],"class_list":{"0":"post-6053","1":"product","2":"type-product","3":"status-publish","4":"has-post-thumbnail","6":"product_cat-cuidado-capilar","7":"product_cat-lavado-y-acondicionadores","9":"first","10":"instock","11":"shipping-taxable","12":"purchasable","13":"product-type-variable"},"jetpack_sharing_enabled":true,"_links":{"self":[{"href":"https:\/\/coopwarass.com\/es\/wp-json\/wp\/v2\/product\/6053","targetHints":{"allow":["GET"]}}],"collection":[{"href":"https:\/\/coopwarass.com\/es\/wp-json\/wp\/v2\/product"}],"about":[{"href":"https:\/\/coopwarass.com\/es\/wp-json\/wp\/v2\/types\/product"}],"version-history":[{"count":1,"href":"https:\/\/coopwarass.com\/es\/wp-json\/wp\/v2\/product\/6053\/revisions"}],"predecessor-version":[{"id":8197,"href":"https:\/\/coopwarass.com\/es\/wp-json\/wp\/v2\/product\/6053\/revisions\/8197"}],"wp:featuredmedia":[{"embeddable":true,"href":"https:\/\/coopwarass.com\/es\/wp-json\/wp\/v2\/media\/6470"}],"wp:attachment":[{"href":"https:\/\/coopwarass.com\/es\/wp-json\/wp\/v2\/media?parent=6053"}],"wp:term":[{"taxonomy":"product_brand","embeddable":true,"href":"https:\/\/coopwarass.com\/es\/wp-json\/wp\/v2\/product_brand?post=6053"},{"taxonomy":"product_cat","embeddable":true,"href":"https:\/\/coopwarass.com\/es\/wp-json\/wp\/v2\/product_cat?post=6053"},{"taxonomy":"product_tag","embeddable":true,"href":"https:\/\/coopwarass.com\/es\/wp-json\/wp\/v2\/product_tag?post=6053"}],"curies":[{"name":"wp","href":"https:\/\/api.w.org\/{rel}","templated":true}]}}