{"id":6034,"date":"2025-03-17T01:06:34","date_gmt":"2025-03-17T01:06:34","guid":{"rendered":"https:\/\/coopwarass.com\/shop\/sin%20categor\u00eda\/suero-de-higo-chumbo\/"},"modified":"2025-10-04T15:53:16","modified_gmt":"2025-10-04T14:53:16","slug":"suero-de-higo-chumbo","status":"publish","type":"product","link":"https:\/\/coopwarass.com\/es\/shop\/cuidado-facial\/sueros\/suero-de-higo-chumbo\/","title":{"rendered":"Suero de higo chumbo"},"content":{"rendered":"<p><strong>Suero de Higo Chumbo - Hidrataci\u00f3n Profunda y Renovaci\u00f3n de la Piel<\/strong><\/p>\n<p>Experimenta los beneficios nutritivos de nuestro <strong>Suero<\/strong> de Higo Chumbo, una lujosa f\u00f3rmula enriquecida con aceite de semilla de higo chumbo, conocido por su alto contenido en antioxidantes y \u00e1cidos grasos esenciales. Este suero hidrata, repara y protege tu piel en profundidad, dej\u00e1ndola suave, tersa y radiante. <\/p>\n<p><strong>Por qu\u00e9 te encantar\u00e1:<\/strong><\/p>\n<ul>\n<li><strong>Hidrataci\u00f3n profunda:<\/strong> El aceite de semillas de higo chumbo retiene la humedad, evitando la sequedad y la descamaci\u00f3n.<\/li>\n<li><strong>Reparaci\u00f3n de la piel:<\/strong> Ayuda a reducir el enrojecimiento, la irritaci\u00f3n y la aparici\u00f3n de l\u00edneas finas.<\/li>\n<li><strong>Rico en antioxidantes:<\/strong> Protege tu piel de los da\u00f1os medioambientales y favorece un brillo saludable.<\/li>\n<li><strong>Ligera y de r\u00e1pida absorci\u00f3n:<\/strong> F\u00f3rmula no grasa que se absorbe r\u00e1pidamente, por lo que es perfecta para el uso diario.<\/li>\n<li><strong>Adecuado para todo tipo de pieles:<\/strong> Suave y eficaz para pieles secas, grasas, sensibles o mixtas.<\/li>\n<\/ul>\n<p>Ideal para tu rutina de cuidado de la piel, este suero es tu soluci\u00f3n imprescindible para conseguir una piel hidratada, reparada y resplandeciente.<\/p>\n<p><strong>Experimenta el poder del higo chumbo - \u00a1Prueba hoy nuestro Suero de Higo Chumbo!<\/strong><\/p>\n","protected":false},"excerpt":{"rendered":"<p>Revitaliza tu piel con nuestro <strong>Suero de Higo Chumbo<\/strong>. Repleto de antioxidantes y \u00e1cidos grasos esenciales, hidrata, repara y deja tu piel suave, tersa y resplandeciente. <\/p>\n","protected":false},"featured_media":6036,"template":"","meta":[],"product_brand":[],"product_cat":[232,249],"product_tag":[],"class_list":{"0":"post-6034","1":"product","2":"type-product","3":"status-publish","4":"has-post-thumbnail","6":"product_cat-cuidado-facial","7":"product_cat-sueros","9":"first","10":"instock","11":"shipping-taxable","12":"purchasable","13":"product-type-simple"},"jetpack_sharing_enabled":true,"_links":{"self":[{"href":"https:\/\/coopwarass.com\/es\/wp-json\/wp\/v2\/product\/6034","targetHints":{"allow":["GET"]}}],"collection":[{"href":"https:\/\/coopwarass.com\/es\/wp-json\/wp\/v2\/product"}],"about":[{"href":"https:\/\/coopwarass.com\/es\/wp-json\/wp\/v2\/types\/product"}],"version-history":[{"count":1,"href":"https:\/\/coopwarass.com\/es\/wp-json\/wp\/v2\/product\/6034\/revisions"}],"predecessor-version":[{"id":8193,"href":"https:\/\/coopwarass.com\/es\/wp-json\/wp\/v2\/product\/6034\/revisions\/8193"}],"wp:featuredmedia":[{"embeddable":true,"href":"https:\/\/coopwarass.com\/es\/wp-json\/wp\/v2\/media\/6036"}],"wp:attachment":[{"href":"https:\/\/coopwarass.com\/es\/wp-json\/wp\/v2\/media?parent=6034"}],"wp:term":[{"taxonomy":"product_brand","embeddable":true,"href":"https:\/\/coopwarass.com\/es\/wp-json\/wp\/v2\/product_brand?post=6034"},{"taxonomy":"product_cat","embeddable":true,"href":"https:\/\/coopwarass.com\/es\/wp-json\/wp\/v2\/product_cat?post=6034"},{"taxonomy":"product_tag","embeddable":true,"href":"https:\/\/coopwarass.com\/es\/wp-json\/wp\/v2\/product_tag?post=6034"}],"curies":[{"name":"wp","href":"https:\/\/api.w.org\/{rel}","templated":true}]}}