{"id":6022,"date":"2025-03-17T01:11:45","date_gmt":"2025-03-17T01:11:45","guid":{"rendered":"https:\/\/coopwarass.com\/shop\/sin%20categor\u00eda\/suero-de-argan-para-la-piel\/"},"modified":"2025-10-04T15:53:13","modified_gmt":"2025-10-04T14:53:13","slug":"suero-de-argan-para-la-piel","status":"publish","type":"product","link":"https:\/\/coopwarass.com\/es\/shop\/cuidado-facial\/sueros\/suero-de-argan-para-la-piel\/","title":{"rendered":"Suero de Arg\u00e1n para la Piel"},"content":{"rendered":"<p><strong>Suero de Arg\u00e1n para la Piel - Hidrataci\u00f3n Profunda y Renovaci\u00f3n de la Piel<\/strong><\/p>\n<p>Mima tu piel con nuestro <strong>Suero Piel de Arg\u00e1n<\/strong>, una lujosa f\u00f3rmula impregnada de aceite de Arg\u00e1n puro, conocido por su rico contenido en vitamina E, antioxidantes y \u00e1cidos grasos esenciales. Este suero hidrata, repara y protege tu piel en profundidad, dej\u00e1ndola suave, tersa y radiante. <\/p>\n<p><strong>Por qu\u00e9 te encantar\u00e1:<\/strong><\/p>\n<ul>\n<li><strong>Hidrataci\u00f3n profunda:<\/strong> El aceite de arg\u00e1n penetra en profundidad para hidratar y nutrir, dejando tu piel flexible y suave.<\/li>\n<li><strong>Reparaci\u00f3n de la piel:<\/strong> Ayuda a reducir el aspecto de l\u00edneas finas, cicatrices y estr\u00edas, al tiempo que calma la irritaci\u00f3n.<\/li>\n<li><strong>Rico en antioxidantes:<\/strong> Protege tu piel de los da\u00f1os medioambientales y favorece un brillo juvenil.<\/li>\n<li><strong>Ligera y de r\u00e1pida absorci\u00f3n:<\/strong> F\u00f3rmula no grasa que se absorbe r\u00e1pidamente, por lo que es perfecta para el uso diario.<\/li>\n<li><strong>Adecuado para todo tipo de pieles:<\/strong> Suave y eficaz para pieles secas, grasas, sensibles o mixtas.<\/li>\n<\/ul>\n<p>Ideal para tu rutina de cuidado de la piel, este suero es tu soluci\u00f3n imprescindible para conseguir una piel hidratada, reparada y resplandeciente.<\/p>\n<p><strong>Experimenta el poder del aceite de Arg\u00e1n - \u00a1Prueba hoy nuestro Suero de Arg\u00e1n para la Piel!<\/strong><\/p>\n","protected":false},"excerpt":{"rendered":"<p>Nutre y rejuvenece tu piel con nuestro <strong>Suero Piel de Arg\u00e1n<\/strong>. Enriquecido con aceite de arg\u00e1n puro, hidrata, repara y deja tu piel suave, tersa y resplandeciente. <\/p>\n","protected":false},"featured_media":6489,"template":"","meta":[],"product_brand":[],"product_cat":[232,249],"product_tag":[],"class_list":{"0":"post-6022","1":"product","2":"type-product","3":"status-publish","4":"has-post-thumbnail","6":"product_cat-cuidado-facial","7":"product_cat-sueros","9":"first","10":"instock","11":"sale","12":"featured","13":"shipping-taxable","14":"purchasable","15":"product-type-simple"},"jetpack_sharing_enabled":true,"_links":{"self":[{"href":"https:\/\/coopwarass.com\/es\/wp-json\/wp\/v2\/product\/6022","targetHints":{"allow":["GET"]}}],"collection":[{"href":"https:\/\/coopwarass.com\/es\/wp-json\/wp\/v2\/product"}],"about":[{"href":"https:\/\/coopwarass.com\/es\/wp-json\/wp\/v2\/types\/product"}],"version-history":[{"count":1,"href":"https:\/\/coopwarass.com\/es\/wp-json\/wp\/v2\/product\/6022\/revisions"}],"predecessor-version":[{"id":8191,"href":"https:\/\/coopwarass.com\/es\/wp-json\/wp\/v2\/product\/6022\/revisions\/8191"}],"wp:featuredmedia":[{"embeddable":true,"href":"https:\/\/coopwarass.com\/es\/wp-json\/wp\/v2\/media\/6489"}],"wp:attachment":[{"href":"https:\/\/coopwarass.com\/es\/wp-json\/wp\/v2\/media?parent=6022"}],"wp:term":[{"taxonomy":"product_brand","embeddable":true,"href":"https:\/\/coopwarass.com\/es\/wp-json\/wp\/v2\/product_brand?post=6022"},{"taxonomy":"product_cat","embeddable":true,"href":"https:\/\/coopwarass.com\/es\/wp-json\/wp\/v2\/product_cat?post=6022"},{"taxonomy":"product_tag","embeddable":true,"href":"https:\/\/coopwarass.com\/es\/wp-json\/wp\/v2\/product_tag?post=6022"}],"curies":[{"name":"wp","href":"https:\/\/api.w.org\/{rel}","templated":true}]}}