{"id":5941,"date":"2022-03-01T16:40:29","date_gmt":"2022-03-01T15:40:29","guid":{"rendered":"https:\/\/coopwarass.com\/shop\/sin%20categor\u00eda\/locion-de-argan-con-aloevera\/"},"modified":"2025-10-18T13:17:51","modified_gmt":"2025-10-18T12:17:51","slug":"locion-de-argan-con-aloevera","status":"publish","type":"product","link":"https:\/\/coopwarass.com\/es\/shop\/cuidado-corporal\/lociones-y-leches\/locion-de-argan-con-aloevera\/","title":{"rendered":"Loci\u00f3n de Arg\u00e1n con Aloevera"},"content":{"rendered":"\t\t<div data-elementor-type=\"wp-post\" data-elementor-id=\"5941\" class=\"elementor elementor-5941 elementor-877\">\n\t\t\t\t\t\t<section class=\"wd-negative-gap elementor-section elementor-top-section elementor-element elementor-element-dbe72cb elementor-section-boxed elementor-section-height-default elementor-section-height-default\" data-id=\"dbe72cb\" data-element_type=\"section\" data-e-type=\"section\">\n\t\t\t\t\t\t<div class=\"elementor-container elementor-column-gap-no\">\n\t\t\t\t\t<div class=\"elementor-column elementor-col-100 elementor-top-column elementor-element elementor-element-a8bfe0d\" data-id=\"a8bfe0d\" data-element_type=\"column\" data-e-type=\"column\">\n\t\t\t<div class=\"elementor-widget-wrap elementor-element-populated\">\n\t\t\t\t\t\t<section class=\"wd-negative-gap elementor-section elementor-inner-section elementor-element elementor-element-440c306 elementor-section-boxed elementor-section-height-default elementor-section-height-default\" data-id=\"440c306\" data-element_type=\"section\" data-e-type=\"section\">\n\t\t\t\t\t\t<div class=\"elementor-container elementor-column-gap-default\">\n\t\t\t\t\t<div class=\"elementor-column elementor-col-100 elementor-inner-column elementor-element elementor-element-747eed3\" data-id=\"747eed3\" data-element_type=\"column\" data-e-type=\"column\">\n\t\t\t<div class=\"elementor-widget-wrap elementor-element-populated\">\n\t\t\t\t\t\t<div class=\"elementor-element elementor-element-15f0884 color-scheme-inherit text-left elementor-widget elementor-widget-text-editor\" data-id=\"15f0884\" data-element_type=\"widget\" data-e-type=\"widget\" data-widget_type=\"text-editor.default\">\n\t\t\t\t<div class=\"elementor-widget-container\">\n\t\t\t\t\t\t\t\t\t<p><strong>Loci\u00f3n de Arg\u00e1n con Aloe Vera - Hidrataci\u00f3n Profunda y Cuidado Calmante<\/strong><\/p><p>Mima tu piel con nuestra <strong>Loci\u00f3n de Arg\u00e1n con Aloe Vera<\/strong>, una lujosa mezcla que combina el poder hidratante del aceite de Arg\u00e1n con las propiedades calmantes del Aloe Vera. Esta loci\u00f3n hidrata en profundidad, calma la irritaci\u00f3n y revitaliza tu piel, dej\u00e1ndola suave, tersa y radiante. <\/p><p><strong>Por qu\u00e9 te encantar\u00e1:<\/strong><\/p><ul><li><p><strong>Hidrataci\u00f3n profunda:<\/strong> El aceite de arg\u00e1n penetra en profundidad para hidratar y nutrir, dejando tu piel flexible y radiante.<\/p><\/li><li><p><strong>Alivio calmante:<\/strong> El aloe vera calma el enrojecimiento y la irritaci\u00f3n, por lo que es ideal para pieles sensibles o secas.<\/p><\/li><li><p><strong>Ligera y de r\u00e1pida absorci\u00f3n:<\/strong> F\u00f3rmula no grasa que se absorbe r\u00e1pidamente, por lo que es perfecta para el uso diario.<\/p><\/li><li><p><strong>Uso vers\u00e1til:<\/strong> Ideal para la cara, las manos y el cuerpo, proporciona hidrataci\u00f3n y confort durante todo el d\u00eda.<\/p><\/li><li><p><strong>Ingredientes naturales:<\/strong> Sin productos qu\u00edmicos agresivos ni aditivos sint\u00e9ticos.<\/p><\/li><\/ul><p>Tanto si buscas hidratar tu piel como calmar la irritaci\u00f3n, nuestra Loci\u00f3n de Arg\u00e1n con Aloe Vera es tu elecci\u00f3n para una experiencia sensorial de lujo.<\/p><p><strong>Eleva tu rutina de cuidado de la piel - \u00a1Prueba hoy mismo nuestra Loci\u00f3n de Arg\u00e1n con Aloe Vera!<\/strong><\/p>\t\t\t\t\t\t\t\t<\/div>\n\t\t\t\t<\/div>\n\t\t\t\t\t<\/div>\n\t\t<\/div>\n\t\t\t\t\t<\/div>\n\t\t<\/section>\n\t\t\t\t\t<\/div>\n\t\t<\/div>\n\t\t\t\t\t<\/div>\n\t\t<\/section>\n\t\t\t\t<\/div>\n\t\t","protected":false},"excerpt":{"rendered":"<p>Hidrata y calma tu piel con nuestra <strong>Loci\u00f3n de Arg\u00e1n con Aloe<\/strong> Vera. Esta mezcla nutritiva hidrata en profundidad, calma la irritaci\u00f3n y deja tu piel suave, tersa y fresca. <\/p>\n","protected":false},"featured_media":6501,"template":"","meta":[],"product_brand":[],"product_cat":[228,257],"product_tag":[],"class_list":{"0":"post-5941","1":"product","2":"type-product","3":"status-publish","4":"has-post-thumbnail","6":"product_cat-cuidado-corporal","7":"product_cat-lociones-y-leches","9":"first","10":"instock","11":"shipping-taxable","12":"purchasable","13":"product-type-simple"},"jetpack_sharing_enabled":true,"_links":{"self":[{"href":"https:\/\/coopwarass.com\/es\/wp-json\/wp\/v2\/product\/5941","targetHints":{"allow":["GET"]}}],"collection":[{"href":"https:\/\/coopwarass.com\/es\/wp-json\/wp\/v2\/product"}],"about":[{"href":"https:\/\/coopwarass.com\/es\/wp-json\/wp\/v2\/types\/product"}],"version-history":[{"count":1,"href":"https:\/\/coopwarass.com\/es\/wp-json\/wp\/v2\/product\/5941\/revisions"}],"predecessor-version":[{"id":5946,"href":"https:\/\/coopwarass.com\/es\/wp-json\/wp\/v2\/product\/5941\/revisions\/5946"}],"wp:featuredmedia":[{"embeddable":true,"href":"https:\/\/coopwarass.com\/es\/wp-json\/wp\/v2\/media\/6501"}],"wp:attachment":[{"href":"https:\/\/coopwarass.com\/es\/wp-json\/wp\/v2\/media?parent=5941"}],"wp:term":[{"taxonomy":"product_brand","embeddable":true,"href":"https:\/\/coopwarass.com\/es\/wp-json\/wp\/v2\/product_brand?post=5941"},{"taxonomy":"product_cat","embeddable":true,"href":"https:\/\/coopwarass.com\/es\/wp-json\/wp\/v2\/product_cat?post=5941"},{"taxonomy":"product_tag","embeddable":true,"href":"https:\/\/coopwarass.com\/es\/wp-json\/wp\/v2\/product_tag?post=5941"}],"curies":[{"name":"wp","href":"https:\/\/api.w.org\/{rel}","templated":true}]}}