{"id":5920,"date":"2024-12-09T10:19:56","date_gmt":"2024-12-09T09:19:56","guid":{"rendered":"https:\/\/coopwarass.com\/shop\/sin%20categor\u00eda\/crema-contorno-de-ojos-con-aceite-de-argan-y-rosa\/"},"modified":"2025-10-18T13:51:23","modified_gmt":"2025-10-18T12:51:23","slug":"crema-contorno-de-ojos-con-aceite-de-argan-y-rosa","status":"publish","type":"product","link":"https:\/\/coopwarass.com\/es\/shop\/cuidado-facial\/cremas\/crema-contorno-de-ojos-con-aceite-de-argan-y-rosa\/","title":{"rendered":"Crema Contorno de Ojos con Aceite de Arg\u00e1n y Rosa"},"content":{"rendered":"\t\t<div data-elementor-type=\"wp-post\" data-elementor-id=\"5920\" class=\"elementor elementor-5920 elementor-3605\">\n\t\t\t\t<div class=\"wd-negative-gap elementor-element elementor-element-1c907cc e-flex e-con-boxed e-con e-parent\" data-id=\"1c907cc\" data-element_type=\"container\" data-e-type=\"container\">\n\t\t\t\t\t<div class=\"e-con-inner\">\n\t\t\t\t<div class=\"elementor-element elementor-element-50758951 color-scheme-inherit text-left elementor-widget elementor-widget-text-editor\" data-id=\"50758951\" data-element_type=\"widget\" data-e-type=\"widget\" data-widget_type=\"text-editor.default\">\n\t\t\t\t<div class=\"elementor-widget-container\">\n\t\t\t\t\t\t\t\t\t<p><strong>Crema Contorno de Ojos con Aceite de Arg\u00e1n y Rosa - Cuidado Suave para Pieles Delicadas<\/strong><\/p><p>Dale a la zona de debajo de los ojos el cuidado que se merece con nuestra <strong>Crema Contorno de Ojos con Aceite de Arg\u00e1n y Rosa<\/strong>. Especialmente formulada para la delicada piel del contorno de los ojos, esta crema combina el poder nutritivo del aceite de Arg\u00e1n con las propiedades calmantes de la rosa para reducir las bolsas, las ojeras y las l\u00edneas de expresi\u00f3n. <\/p><p><strong>Por qu\u00e9 te encantar\u00e1:<\/strong><\/p><ul><li><p><strong>Reduce la hinchaz\u00f3n y las ojeras:<\/strong> Aclara la zona de debajo de los ojos y disminuye el aspecto de las ojeras.<\/p><\/li><li><p><strong>Hidrata y suaviza:<\/strong> El aceite de arg\u00e1n hidrata en profundidad, mientras que el extracto de rosa suaviza y calma la piel.<\/p><\/li><li><p><strong>Beneficios antienvejecimiento:<\/strong> Ayuda a reducir las l\u00edneas finas y las arrugas para un aspecto m\u00e1s firme y juvenil.<\/p><\/li><li><p><strong>Suave y eficaz:<\/strong> Adecuado para todo tipo de pieles, incluidas las sensibles.<\/p><\/li><li><p><strong>Fragancia de lujo:<\/strong> Infundida con el delicado y calmante aroma de la rosa para una experiencia como la de un spa.<\/p><\/li><\/ul><p>Perfecta para tu rutina matutina y nocturna, esta crema es tu soluci\u00f3n para conseguir unos ojos m\u00e1s luminosos, suaves y frescos.<\/p><p><strong>Despi\u00e9rtate con unos ojos radiantes - \u00a1Prueba hoy mismo nuestra Crema Contorno de Ojos con Aceite de Arg\u00e1n y Rosa!<\/strong>  \ud83c\udf39\u2728<\/p>\t\t\t\t\t\t\t\t<\/div>\n\t\t\t\t<\/div>\n\t\t\t\t\t<\/div>\n\t\t\t\t<\/div>\n\t\t\t\t<\/div>\n\t\t","protected":false},"excerpt":{"rendered":"<p>Revitaliza la zona de debajo de los ojos con nuestra <strong>Crema Contorno de Ojos con Aceite de Arg\u00e1n y Rosa<\/strong>. Esta crema nutritiva reduce la hinchaz\u00f3n, las ojeras y las l\u00edneas de expresi\u00f3n, a la vez que hidrata y calma la piel delicada. <\/p>\n","protected":false},"featured_media":5922,"template":"","meta":[],"product_brand":[],"product_cat":[233,232],"product_tag":[],"class_list":{"0":"post-5920","1":"product","2":"type-product","3":"status-publish","4":"has-post-thumbnail","6":"product_cat-cremas","7":"product_cat-cuidado-facial","9":"first","10":"instock","11":"shipping-taxable","12":"purchasable","13":"product-type-simple"},"jetpack_sharing_enabled":true,"_links":{"self":[{"href":"https:\/\/coopwarass.com\/es\/wp-json\/wp\/v2\/product\/5920","targetHints":{"allow":["GET"]}}],"collection":[{"href":"https:\/\/coopwarass.com\/es\/wp-json\/wp\/v2\/product"}],"about":[{"href":"https:\/\/coopwarass.com\/es\/wp-json\/wp\/v2\/types\/product"}],"version-history":[{"count":1,"href":"https:\/\/coopwarass.com\/es\/wp-json\/wp\/v2\/product\/5920\/revisions"}],"predecessor-version":[{"id":5924,"href":"https:\/\/coopwarass.com\/es\/wp-json\/wp\/v2\/product\/5920\/revisions\/5924"}],"wp:featuredmedia":[{"embeddable":true,"href":"https:\/\/coopwarass.com\/es\/wp-json\/wp\/v2\/media\/5922"}],"wp:attachment":[{"href":"https:\/\/coopwarass.com\/es\/wp-json\/wp\/v2\/media?parent=5920"}],"wp:term":[{"taxonomy":"product_brand","embeddable":true,"href":"https:\/\/coopwarass.com\/es\/wp-json\/wp\/v2\/product_brand?post=5920"},{"taxonomy":"product_cat","embeddable":true,"href":"https:\/\/coopwarass.com\/es\/wp-json\/wp\/v2\/product_cat?post=5920"},{"taxonomy":"product_tag","embeddable":true,"href":"https:\/\/coopwarass.com\/es\/wp-json\/wp\/v2\/product_tag?post=5920"}],"curies":[{"name":"wp","href":"https:\/\/api.w.org\/{rel}","templated":true}]}}