{"id":5915,"date":"2024-12-09T11:16:00","date_gmt":"2024-12-09T11:16:00","guid":{"rendered":"https:\/\/coopwarass.com\/shop\/sin%20categor\u00eda\/acondicionador-de-argan\/"},"modified":"2025-10-18T14:11:46","modified_gmt":"2025-10-18T13:11:46","slug":"acondicionador-de-argan","status":"publish","type":"product","link":"https:\/\/coopwarass.com\/es\/shop\/cuidado-capilar\/lavado-y-acondicionadores\/acondicionador-de-argan\/","title":{"rendered":"Acondicionador de Arg\u00e1n"},"content":{"rendered":"\t\t<div data-elementor-type=\"wp-post\" data-elementor-id=\"5915\" class=\"elementor elementor-5915 elementor-3614\">\n\t\t\t\t<div class=\"wd-negative-gap elementor-element elementor-element-20747dfa e-flex e-con-boxed e-con e-parent\" data-id=\"20747dfa\" data-element_type=\"container\" data-e-type=\"container\">\n\t\t\t\t\t<div class=\"e-con-inner\">\n\t\t\t\t<div class=\"elementor-element elementor-element-570745a7 color-scheme-inherit text-left elementor-widget elementor-widget-text-editor\" data-id=\"570745a7\" data-element_type=\"widget\" data-e-type=\"widget\" data-widget_type=\"text-editor.default\">\n\t\t\t\t<div class=\"elementor-widget-container\">\n\t\t\t\t\t\t\t\t\t<p><strong>Acondicionador de Arg\u00e1n - Lo \u00faltimo en reparaci\u00f3n y brillo capilar<\/strong><\/p><p>Transforma tu cabello con nuestro <strong>Acondicionador de Arg\u00e1n<\/strong>, un lujoso tratamiento impregnado del poder nutritivo del aceite de Arg\u00e1n. Este acondicionador hidrata en profundidad, repara las hebras da\u00f1adas y restaura el brillo y la suavidad naturales de tu cabello. <\/p><p><strong>Por qu\u00e9 te encantar\u00e1:<\/strong><\/p><ul><li><p><strong>Hidrataci\u00f3n profunda:<\/strong> El aceite de arg\u00e1n penetra en el tallo capilar para hidratar y prevenir la sequedad.<\/p><\/li><li><p><strong>Repara los da\u00f1os:<\/strong> Fortalece y repara las puntas abiertas, la rotura y el encrespamiento para un cabello de aspecto m\u00e1s sano.<\/p><\/li><li><p><strong>Aporta brillo:<\/strong> Deja tu cabello con un acabado natural y brillante sin apelmazarlo.<\/p><\/li><li><p><strong>Alisa y desenreda:<\/strong> Facilita el peinado y reduce la electricidad est\u00e1tica y los cabellos sueltos.<\/p><\/li><li><p><strong>Adecuado para todo tipo de cabellos:<\/strong> Perfecto para cabellos secos, da\u00f1ados, rizados o te\u00f1idos.<\/p><\/li><\/ul><p>Ideal para uso diario, este acondicionador es tu soluci\u00f3n para conseguir un cabello suave, liso y radiante.<\/p><p><strong>Experimenta la magia del aceite de Arg\u00e1n - \u00a1Prueba hoy nuestro Acondicionador de Arg\u00e1n!<\/strong> \u2728<\/p>\t\t\t\t\t\t\t\t<\/div>\n\t\t\t\t<\/div>\n\t\t\t\t\t<\/div>\n\t\t\t\t<\/div>\n\t\t\t\t<\/div>\n\t\t","protected":false},"excerpt":{"rendered":"<p>Revitaliza y nutre tu cabello con nuestro <strong>Acondicionador<\/strong> de <strong>Arg\u00e1n<\/strong>. Enriquecido con aceite de Arg\u00e1n, hidrata en profundidad, repara y deja tu cabello suave, liso y brillante. <\/p>\n","protected":false},"featured_media":6479,"template":"","meta":[],"product_brand":[],"product_cat":[260,275],"product_tag":[],"class_list":{"0":"post-5915","1":"product","2":"type-product","3":"status-publish","4":"has-post-thumbnail","6":"product_cat-cuidado-capilar","7":"product_cat-lavado-y-acondicionadores","9":"first","10":"instock","11":"shipping-taxable","12":"purchasable","13":"product-type-variable"},"jetpack_sharing_enabled":true,"_links":{"self":[{"href":"https:\/\/coopwarass.com\/es\/wp-json\/wp\/v2\/product\/5915","targetHints":{"allow":["GET"]}}],"collection":[{"href":"https:\/\/coopwarass.com\/es\/wp-json\/wp\/v2\/product"}],"about":[{"href":"https:\/\/coopwarass.com\/es\/wp-json\/wp\/v2\/types\/product"}],"version-history":[{"count":1,"href":"https:\/\/coopwarass.com\/es\/wp-json\/wp\/v2\/product\/5915\/revisions"}],"predecessor-version":[{"id":5919,"href":"https:\/\/coopwarass.com\/es\/wp-json\/wp\/v2\/product\/5915\/revisions\/5919"}],"wp:featuredmedia":[{"embeddable":true,"href":"https:\/\/coopwarass.com\/es\/wp-json\/wp\/v2\/media\/6479"}],"wp:attachment":[{"href":"https:\/\/coopwarass.com\/es\/wp-json\/wp\/v2\/media?parent=5915"}],"wp:term":[{"taxonomy":"product_brand","embeddable":true,"href":"https:\/\/coopwarass.com\/es\/wp-json\/wp\/v2\/product_brand?post=5915"},{"taxonomy":"product_cat","embeddable":true,"href":"https:\/\/coopwarass.com\/es\/wp-json\/wp\/v2\/product_cat?post=5915"},{"taxonomy":"product_tag","embeddable":true,"href":"https:\/\/coopwarass.com\/es\/wp-json\/wp\/v2\/product_tag?post=5915"}],"curies":[{"name":"wp","href":"https:\/\/api.w.org\/{rel}","templated":true}]}}