{"id":5909,"date":"2024-12-09T10:22:33","date_gmt":"2024-12-09T09:22:33","guid":{"rendered":"https:\/\/coopwarass.com\/shop\/sin%20categor\u00eda\/crema-nutritiva-con-aceite-de-argan-y-azahar\/"},"modified":"2025-10-18T13:50:58","modified_gmt":"2025-10-18T12:50:58","slug":"crema-nutritiva-con-aceite-de-argan-y-azahar","status":"publish","type":"product","link":"https:\/\/coopwarass.com\/es\/shop\/cuidado-facial\/cremas\/crema-nutritiva-con-aceite-de-argan-y-azahar\/","title":{"rendered":"Crema Nutritiva con Aceite de Arg\u00e1n y Azahar"},"content":{"rendered":"\t\t<div data-elementor-type=\"wp-post\" data-elementor-id=\"5909\" class=\"elementor elementor-5909 elementor-3607\">\n\t\t\t\t<div class=\"wd-negative-gap elementor-element elementor-element-68972017 e-flex e-con-boxed e-con e-parent\" data-id=\"68972017\" data-element_type=\"container\" data-e-type=\"container\">\n\t\t\t\t\t<div class=\"e-con-inner\">\n\t\t\t\t<div class=\"elementor-element elementor-element-65e91b59 color-scheme-inherit text-left elementor-widget elementor-widget-text-editor\" data-id=\"65e91b59\" data-element_type=\"widget\" data-e-type=\"widget\" data-widget_type=\"text-editor.default\">\n\t\t\t\t<div class=\"elementor-widget-container\">\n\t\t\t\t\t\t\t\t\t<p><strong>Crema Nutritiva con Aceite de Arg\u00e1n y Azahar - Lujosa Hidrataci\u00f3n y Luminosidad<\/strong><\/p><p>Mima tu piel con nuestra <strong>Crema Nutritiva con Aceite de Arg\u00e1n y Azahar<\/strong>, una lujosa mezcla dise\u00f1ada para proporcionar hidrataci\u00f3n y nutrici\u00f3n intensas. Con la bondad natural del aceite de Arg\u00e1n y la delicada fragancia del azahar, esta crema hidrata en profundidad, calma y revitaliza tu piel, dej\u00e1ndola suave, tersa y radiante. <\/p><p><strong>Por qu\u00e9 te encantar\u00e1:<\/strong><\/p><ul><li><p><strong>Hidrataci\u00f3n intensa:<\/strong> El aceite de arg\u00e1n penetra en profundidad para fijar la hidrataci\u00f3n, evitando la sequedad y la descamaci\u00f3n.<\/p><\/li><li><p><strong>Calma y Repara:<\/strong> Calma la piel irritada, reduce las rojeces y ayuda a reparar la barrera natural de la piel.<\/p><\/li><li><p><strong>Restaura el resplandor:<\/strong> Rico en antioxidantes y \u00e1cidos grasos esenciales, revitaliza tu piel para que tenga un aspecto sano y radiante.<\/p><\/li><li><p><strong>Ligera y de r\u00e1pida absorci\u00f3n:<\/strong> F\u00f3rmula no grasa que se absorbe r\u00e1pidamente, por lo que es perfecta para el uso diario.<\/p><\/li><li><p><strong>Fragancia delicada:<\/strong> El encantador aroma del azahar a\u00f1ade un toque de lujo a tu rutina de cuidado de la piel.<\/p><\/li><\/ul><p>Ideal para la cara, las manos y el cuerpo, esta crema es tu soluci\u00f3n para mantener la piel suave, flexible y resplandeciente durante todo el d\u00eda.<\/p><p><strong>Experimenta el poder de la naturaleza: \u00a1a\u00f1ade hoy mismo nuestra Crema Nutritiva con Aceite de Arg\u00e1n y Azahar a tu rutina de cuidado de la piel!<\/strong>  \ud83c\udf38\u2728<\/p>\t\t\t\t\t\t\t\t<\/div>\n\t\t\t\t<\/div>\n\t\t\t\t\t<\/div>\n\t\t\t\t<\/div>\n\t\t\t\t<\/div>\n\t\t","protected":false},"excerpt":{"rendered":"<p>Hidrata y revitaliza tu piel con nuestra <strong>Crema Nutritiva con Aceite de Arg\u00e1n y Azahar<\/strong>. Enriquecida con ingredientes naturales, hidrata en profundidad, calma y deja tu piel suave, tersa y resplandeciente. <\/p>\n","protected":false},"featured_media":5911,"template":"","meta":[],"product_brand":[],"product_cat":[233,232],"product_tag":[],"class_list":{"0":"post-5909","1":"product","2":"type-product","3":"status-publish","4":"has-post-thumbnail","6":"product_cat-cremas","7":"product_cat-cuidado-facial","9":"first","10":"instock","11":"shipping-taxable","12":"purchasable","13":"product-type-simple"},"jetpack_sharing_enabled":true,"_links":{"self":[{"href":"https:\/\/coopwarass.com\/es\/wp-json\/wp\/v2\/product\/5909","targetHints":{"allow":["GET"]}}],"collection":[{"href":"https:\/\/coopwarass.com\/es\/wp-json\/wp\/v2\/product"}],"about":[{"href":"https:\/\/coopwarass.com\/es\/wp-json\/wp\/v2\/types\/product"}],"version-history":[{"count":1,"href":"https:\/\/coopwarass.com\/es\/wp-json\/wp\/v2\/product\/5909\/revisions"}],"predecessor-version":[{"id":5912,"href":"https:\/\/coopwarass.com\/es\/wp-json\/wp\/v2\/product\/5909\/revisions\/5912"}],"wp:featuredmedia":[{"embeddable":true,"href":"https:\/\/coopwarass.com\/es\/wp-json\/wp\/v2\/media\/5911"}],"wp:attachment":[{"href":"https:\/\/coopwarass.com\/es\/wp-json\/wp\/v2\/media?parent=5909"}],"wp:term":[{"taxonomy":"product_brand","embeddable":true,"href":"https:\/\/coopwarass.com\/es\/wp-json\/wp\/v2\/product_brand?post=5909"},{"taxonomy":"product_cat","embeddable":true,"href":"https:\/\/coopwarass.com\/es\/wp-json\/wp\/v2\/product_cat?post=5909"},{"taxonomy":"product_tag","embeddable":true,"href":"https:\/\/coopwarass.com\/es\/wp-json\/wp\/v2\/product_tag?post=5909"}],"curies":[{"name":"wp","href":"https:\/\/api.w.org\/{rel}","templated":true}]}}