{"id":5902,"date":"2024-12-09T11:17:46","date_gmt":"2024-12-09T11:17:46","guid":{"rendered":"https:\/\/coopwarass.com\/shop\/sin%20categor\u00eda\/champu-de-argan-y-queratina\/"},"modified":"2025-10-18T14:10:19","modified_gmt":"2025-10-18T13:10:19","slug":"champu-de-argan-y-queratina","status":"publish","type":"product","link":"https:\/\/coopwarass.com\/es\/shop\/cuidado-capilar\/lavado-y-acondicionadores\/champu-de-argan-y-queratina\/","title":{"rendered":"Champ\u00fa de Arg\u00e1n y Queratina"},"content":{"rendered":"\t\t<div data-elementor-type=\"wp-post\" data-elementor-id=\"5902\" class=\"elementor elementor-5902 elementor-3616\">\n\t\t\t\t<div class=\"wd-negative-gap elementor-element elementor-element-584ec4d8 e-flex e-con-boxed e-con e-parent\" data-id=\"584ec4d8\" data-element_type=\"container\" data-e-type=\"container\">\n\t\t\t\t\t<div class=\"e-con-inner\">\n\t\t\t\t<div class=\"elementor-element elementor-element-1dce25c3 color-scheme-inherit text-left elementor-widget elementor-widget-text-editor\" data-id=\"1dce25c3\" data-element_type=\"widget\" data-e-type=\"widget\" data-widget_type=\"text-editor.default\">\n\t\t\t\t<div class=\"elementor-widget-container\">\n\t\t\t\t\t\t\t\t\t<p><strong>Champ\u00fa de Arg\u00e1n y Queratina - Repara y revitaliza tu cabello<\/strong><\/p><p>Dale a tu cabello el cuidado que se merece con nuestro <strong>Champ\u00fa de Arg\u00e1n y Queratina<\/strong>, una potente f\u00f3rmula que combina los beneficios nutritivos del aceite de Arg\u00e1n con las propiedades fortalecedoras de la queratina. Este champ\u00fa limpia suavemente mientras repara los da\u00f1os, reduce el encrespamiento y devuelve a tu cabello su brillo y elasticidad naturales. <\/p><p><strong>Por qu\u00e9 te encantar\u00e1:<\/strong><\/p><ul><li><p><strong>Repara los da\u00f1os:<\/strong> La queratina fortalece y reconstruye el cabello da\u00f1ado, reduciendo la rotura y las puntas abiertas.<\/p><\/li><li><p><strong>Hidrataci\u00f3n profunda:<\/strong> El aceite de arg\u00e1n hidrata y nutre, dejando tu pelo suave y liso.<\/p><\/li><li><p><strong>Reduce el encrespamiento:<\/strong> Controla el encrespamiento y aporta brillo para un aspecto elegante y pulido.<\/p><\/li><li><p><strong>Limpieza suave:<\/strong> Elimina las impurezas sin eliminar los aceites naturales del cabello.<\/p><\/li><li><p><strong>Adecuado para todo tipo de cabellos:<\/strong> Perfecto para cabellos secos, da\u00f1ados, rizados o te\u00f1idos.<\/p><\/li><\/ul><p>Ideal para uso diario, este champ\u00fa es tu soluci\u00f3n para conseguir un cabello sano, fuerte y radiante.<\/p><p><strong>Transforma tu cabello - \u00a1Prueba hoy nuestro Champ\u00fa de Arg\u00e1n y Queratina!<\/strong> \u2728<\/p>\t\t\t\t\t\t\t\t<\/div>\n\t\t\t\t<\/div>\n\t\t\t\t\t<\/div>\n\t\t\t\t<\/div>\n\t\t\t\t<\/div>\n\t\t","protected":false},"excerpt":{"rendered":"<p>Limpia y fortalece tu cabello con nuestro <strong>Champ\u00fa de Arg\u00e1n y Queratina<\/strong>. Enriquecido con aceite de Arg\u00e1n y queratina, repara, hidrata y deja tu cabello suave, liso y lleno de vida. <\/p>\n","protected":false},"featured_media":6477,"template":"","meta":[],"product_brand":[],"product_cat":[260,275],"product_tag":[],"class_list":{"0":"post-5902","1":"product","2":"type-product","3":"status-publish","4":"has-post-thumbnail","6":"product_cat-cuidado-capilar","7":"product_cat-lavado-y-acondicionadores","9":"first","10":"instock","11":"shipping-taxable","12":"purchasable","13":"product-type-variable"},"jetpack_sharing_enabled":true,"_links":{"self":[{"href":"https:\/\/coopwarass.com\/es\/wp-json\/wp\/v2\/product\/5902","targetHints":{"allow":["GET"]}}],"collection":[{"href":"https:\/\/coopwarass.com\/es\/wp-json\/wp\/v2\/product"}],"about":[{"href":"https:\/\/coopwarass.com\/es\/wp-json\/wp\/v2\/types\/product"}],"version-history":[{"count":1,"href":"https:\/\/coopwarass.com\/es\/wp-json\/wp\/v2\/product\/5902\/revisions"}],"predecessor-version":[{"id":5907,"href":"https:\/\/coopwarass.com\/es\/wp-json\/wp\/v2\/product\/5902\/revisions\/5907"}],"wp:featuredmedia":[{"embeddable":true,"href":"https:\/\/coopwarass.com\/es\/wp-json\/wp\/v2\/media\/6477"}],"wp:attachment":[{"href":"https:\/\/coopwarass.com\/es\/wp-json\/wp\/v2\/media?parent=5902"}],"wp:term":[{"taxonomy":"product_brand","embeddable":true,"href":"https:\/\/coopwarass.com\/es\/wp-json\/wp\/v2\/product_brand?post=5902"},{"taxonomy":"product_cat","embeddable":true,"href":"https:\/\/coopwarass.com\/es\/wp-json\/wp\/v2\/product_cat?post=5902"},{"taxonomy":"product_tag","embeddable":true,"href":"https:\/\/coopwarass.com\/es\/wp-json\/wp\/v2\/product_tag?post=5902"}],"curies":[{"name":"wp","href":"https:\/\/api.w.org\/{rel}","templated":true}]}}