{"id":5897,"date":"2024-12-09T10:29:43","date_gmt":"2024-12-09T09:29:43","guid":{"rendered":"https:\/\/coopwarass.com\/shop\/sin%20categor\u00eda\/crema-de-higo-chumbo\/"},"modified":"2025-10-18T13:50:41","modified_gmt":"2025-10-18T12:50:41","slug":"crema-de-higo-chumbo","status":"publish","type":"product","link":"https:\/\/coopwarass.com\/es\/shop\/cuidado-facial\/cremas\/crema-de-higo-chumbo\/","title":{"rendered":"Crema de higo chumbo"},"content":{"rendered":"\t\t<div data-elementor-type=\"wp-post\" data-elementor-id=\"5897\" class=\"elementor elementor-5897 elementor-3610\">\n\t\t\t\t<div class=\"wd-negative-gap elementor-element elementor-element-7d110327 e-flex e-con-boxed e-con e-parent\" data-id=\"7d110327\" data-element_type=\"container\" data-e-type=\"container\">\n\t\t\t\t\t<div class=\"e-con-inner\">\n\t\t\t\t<div class=\"elementor-element elementor-element-1f510fc4 color-scheme-inherit text-left elementor-widget elementor-widget-text-editor\" data-id=\"1f510fc4\" data-element_type=\"widget\" data-e-type=\"widget\" data-widget_type=\"text-editor.default\">\n\t\t\t\t<div class=\"elementor-widget-container\">\n\t\t\t\t\t\t\t\t\t<p><strong>Crema de Higo Chumbo - Hidrataci\u00f3n Profunda y Renovaci\u00f3n<\/strong><\/p><p>Experimenta los beneficios nutritivos de nuestra <strong>Crema<\/strong> de Higo Chumbo, una f\u00f3rmula rica y lujosa impregnada de aceite de higo chumbo, conocido por su alto contenido en vitamina E, antioxidantes y \u00e1cidos grasos esenciales. Esta crema hidrata, repara y revitaliza tu piel en profundidad, dej\u00e1ndola suave, tersa y radiante.<\/p><p><strong>Por qu\u00e9 te encantar\u00e1:<\/strong><\/p><ul><li><p><strong>Hidrataci\u00f3n profunda:<\/strong> El aceite de higo chumbo retiene la humedad, evitando la sequedad y manteniendo tu piel flexible.<\/p><\/li><li><p><strong>Reparaci\u00f3n de la piel:<\/strong> Ayuda a reparar la piel da\u00f1ada, reduce el aspecto de las cicatrices y calma la irritaci\u00f3n.<\/p><\/li><li><p><strong>Beneficios antienvejecimiento:<\/strong> Rico en antioxidantes, combate los radicales libres y reduce la aparici\u00f3n de l\u00edneas finas y arrugas.<\/p><\/li><li><p><strong>Mejora la textura de la piel:<\/strong> Unifica el tono de la piel y afina los poros para un acabado impecable.<\/p><\/li><li><p><strong>Ligera y de r\u00e1pida absorci\u00f3n:<\/strong> F\u00f3rmula no grasa que se absorbe r\u00e1pidamente, por lo que es perfecta para todo tipo de pieles.<\/p><\/li><\/ul><p>Ideal para uso diario, esta crema es tu soluci\u00f3n para conseguir una piel m\u00e1s sana y radiante. Tanto si quieres combatir los signos del envejecimiento, la sequedad o la textura irregular, nuestra Crema de Higo Chumbo ofrece resultados visibles.<\/p><p><strong>Libera la belleza natural de tu piel - \u00a1Prueba hoy nuestra Crema de Higo Chumbo!<\/strong>  \ud83c\udf35\u2728<\/p>\t\t\t\t\t\t\t\t<\/div>\n\t\t\t\t<\/div>\n\t\t\t\t\t<\/div>\n\t\t\t\t<\/div>\n\t\t\t\t<\/div>\n\t\t","protected":false},"excerpt":{"rendered":"<p>Revitaliza tu piel con nuestra <strong>Crema<\/strong> de Higo Chumbo, una lujosa f\u00f3rmula enriquecida con aceite de higo chumbo. Hidrata en profundidad, repara y deja tu piel suave, tersa y resplandeciente.<\/p>\n","protected":false},"featured_media":5898,"template":"","meta":[],"product_brand":[],"product_cat":[233,232],"product_tag":[],"class_list":{"0":"post-5897","1":"product","2":"type-product","3":"status-publish","4":"has-post-thumbnail","6":"product_cat-cremas","7":"product_cat-cuidado-facial","9":"first","10":"instock","11":"shipping-taxable","12":"purchasable","13":"product-type-simple"},"jetpack_sharing_enabled":true,"_links":{"self":[{"href":"https:\/\/coopwarass.com\/es\/wp-json\/wp\/v2\/product\/5897","targetHints":{"allow":["GET"]}}],"collection":[{"href":"https:\/\/coopwarass.com\/es\/wp-json\/wp\/v2\/product"}],"about":[{"href":"https:\/\/coopwarass.com\/es\/wp-json\/wp\/v2\/types\/product"}],"version-history":[{"count":1,"href":"https:\/\/coopwarass.com\/es\/wp-json\/wp\/v2\/product\/5897\/revisions"}],"predecessor-version":[{"id":5900,"href":"https:\/\/coopwarass.com\/es\/wp-json\/wp\/v2\/product\/5897\/revisions\/5900"}],"wp:featuredmedia":[{"embeddable":true,"href":"https:\/\/coopwarass.com\/es\/wp-json\/wp\/v2\/media\/5898"}],"wp:attachment":[{"href":"https:\/\/coopwarass.com\/es\/wp-json\/wp\/v2\/media?parent=5897"}],"wp:term":[{"taxonomy":"product_brand","embeddable":true,"href":"https:\/\/coopwarass.com\/es\/wp-json\/wp\/v2\/product_brand?post=5897"},{"taxonomy":"product_cat","embeddable":true,"href":"https:\/\/coopwarass.com\/es\/wp-json\/wp\/v2\/product_cat?post=5897"},{"taxonomy":"product_tag","embeddable":true,"href":"https:\/\/coopwarass.com\/es\/wp-json\/wp\/v2\/product_tag?post=5897"}],"curies":[{"name":"wp","href":"https:\/\/api.w.org\/{rel}","templated":true}]}}