{"id":5889,"date":"2024-12-09T11:20:13","date_gmt":"2024-12-09T10:20:13","guid":{"rendered":"https:\/\/coopwarass.com\/shop\/sin%20categor\u00eda\/jabon-negro-con-argan\/"},"modified":"2025-10-18T13:29:43","modified_gmt":"2025-10-18T12:29:43","slug":"jabon-negro-con-argan","status":"publish","type":"product","link":"https:\/\/coopwarass.com\/es\/shop\/bano-y-limpieza\/jabones-y-lavados\/jabon-negro-con-argan\/","title":{"rendered":"Jab\u00f3n Negro con Arg\u00e1n"},"content":{"rendered":"\t\t<div data-elementor-type=\"wp-post\" data-elementor-id=\"5889\" class=\"elementor elementor-5889 elementor-3618\">\n\t\t\t\t<div class=\"wd-negative-gap elementor-element elementor-element-56c38efb e-flex e-con-boxed e-con e-parent\" data-id=\"56c38efb\" data-element_type=\"container\" data-e-type=\"container\">\n\t\t\t\t\t<div class=\"e-con-inner\">\n\t\t\t\t<div class=\"elementor-element elementor-element-51f3c7dc color-scheme-inherit text-left elementor-widget elementor-widget-text-editor\" data-id=\"51f3c7dc\" data-element_type=\"widget\" data-e-type=\"widget\" data-widget_type=\"text-editor.default\">\n\t\t\t\t<div class=\"elementor-widget-container\">\n\t\t\t\t\t\t\t\t\t<p><strong>Jab\u00f3n Negro con Aceite de Arg\u00e1n - Limpieza Suave y Nutrici\u00f3n<\/strong><\/p><p>Experimenta lo mejor de la naturaleza con nuestro <strong>Jab\u00f3n Negro con Aceite de Arg\u00e1n<\/strong>, una mezcla \u00fanica que combina las propiedades purificantes del jab\u00f3n negro con los beneficios nutritivos del aceite de arg\u00e1n. Este jab\u00f3n limpia suavemente tu piel, eliminando las impurezas y el exceso de grasa, a la vez que la hidrata y suaviza en profundidad para conseguir un cutis suave, terso y radiante. <\/p><p><strong>Por qu\u00e9 te encantar\u00e1:<\/strong><\/p><ul><li><p><strong>Limpieza profunda:<\/strong> El jab\u00f3n negro elimina eficazmente la suciedad, la grasa y las impurezas sin eliminar la hidrataci\u00f3n natural de tu piel.<\/p><\/li><li><p><strong>Hidrata y Nutre:<\/strong> El aceite de arg\u00e1n hidrata y repara, dejando tu piel suave y flexible.<\/p><\/li><li><p><strong>Calma la irritaci\u00f3n:<\/strong> Calma el enrojecimiento y la inflamaci\u00f3n, por lo que es ideal para pieles sensibles o propensas al acn\u00e9.<\/p><\/li><li><p><strong>Mejora la textura de la piel:<\/strong> Ayuda a igualar el tono de la piel y a afinar los poros para un aspecto m\u00e1s terso.<\/p><\/li><li><p><strong>Adecuado para todo tipo de pieles:<\/strong> Suficientemente suave para uso diario en cara y cuerpo.<\/p><\/li><\/ul><p>Perfecto para tu rutina de cuidado de la piel, este jab\u00f3n es tu recurso para conseguir una piel limpia, nutrida y fresca.<\/p><p><strong>Eleva tu rutina de limpieza - \u00a1Prueba hoy nuestro Jab\u00f3n Negro con Aceite de Arg\u00e1n!<\/strong> \ud83c\udf3f<\/p>\t\t\t\t\t\t\t\t<\/div>\n\t\t\t\t<\/div>\n\t\t\t\t\t<\/div>\n\t\t\t\t<\/div>\n\t\t\t\t<\/div>\n\t\t","protected":false},"excerpt":{"rendered":"<p>Purifica y nutre tu piel con nuestro <strong>Jab\u00f3n Negro con Aceite de Arg\u00e1n<\/strong>. Esta mezcla natural limpia suavemente, hidrata y deja tu piel suave, tersa y fresca. <\/p>\n","protected":false},"featured_media":5892,"template":"","meta":[],"product_brand":[],"product_cat":[264,265],"product_tag":[],"class_list":{"0":"post-5889","1":"product","2":"type-product","3":"status-publish","4":"has-post-thumbnail","6":"product_cat-bano-y-limpieza","7":"product_cat-jabones-y-lavados","9":"first","10":"instock","11":"shipping-taxable","12":"purchasable","13":"product-type-simple"},"jetpack_sharing_enabled":true,"_links":{"self":[{"href":"https:\/\/coopwarass.com\/es\/wp-json\/wp\/v2\/product\/5889","targetHints":{"allow":["GET"]}}],"collection":[{"href":"https:\/\/coopwarass.com\/es\/wp-json\/wp\/v2\/product"}],"about":[{"href":"https:\/\/coopwarass.com\/es\/wp-json\/wp\/v2\/types\/product"}],"version-history":[{"count":1,"href":"https:\/\/coopwarass.com\/es\/wp-json\/wp\/v2\/product\/5889\/revisions"}],"predecessor-version":[{"id":5894,"href":"https:\/\/coopwarass.com\/es\/wp-json\/wp\/v2\/product\/5889\/revisions\/5894"}],"wp:featuredmedia":[{"embeddable":true,"href":"https:\/\/coopwarass.com\/es\/wp-json\/wp\/v2\/media\/5892"}],"wp:attachment":[{"href":"https:\/\/coopwarass.com\/es\/wp-json\/wp\/v2\/media?parent=5889"}],"wp:term":[{"taxonomy":"product_brand","embeddable":true,"href":"https:\/\/coopwarass.com\/es\/wp-json\/wp\/v2\/product_brand?post=5889"},{"taxonomy":"product_cat","embeddable":true,"href":"https:\/\/coopwarass.com\/es\/wp-json\/wp\/v2\/product_cat?post=5889"},{"taxonomy":"product_tag","embeddable":true,"href":"https:\/\/coopwarass.com\/es\/wp-json\/wp\/v2\/product_tag?post=5889"}],"curies":[{"name":"wp","href":"https:\/\/api.w.org\/{rel}","templated":true}]}}