{"id":5886,"date":"2024-12-09T11:27:33","date_gmt":"2024-12-09T10:27:33","guid":{"rendered":"https:\/\/coopwarass.com\/shop\/sin%20categor\u00eda\/manteca-de-karite\/"},"modified":"2025-10-18T13:31:49","modified_gmt":"2025-10-18T12:31:49","slug":"manteca-de-karite","status":"publish","type":"product","link":"https:\/\/coopwarass.com\/es\/shop\/cuidado-corporal\/mantecas-y-balsamos\/manteca-de-karite\/","title":{"rendered":"Manteca de karit\u00e9"},"content":{"rendered":"\t\t<div data-elementor-type=\"wp-post\" data-elementor-id=\"5886\" class=\"elementor elementor-5886 elementor-3625\">\n\t\t\t\t<div class=\"wd-negative-gap elementor-element elementor-element-39656c21 e-flex e-con-boxed e-con e-parent\" data-id=\"39656c21\" data-element_type=\"container\" data-e-type=\"container\">\n\t\t\t\t\t<div class=\"e-con-inner\">\n\t\t\t\t<div class=\"elementor-element elementor-element-4bf28c4 elementor-widget elementor-widget-heading\" data-id=\"4bf28c4\" data-element_type=\"widget\" data-e-type=\"widget\" data-widget_type=\"heading.default\">\n\t\t\t\t<div class=\"elementor-widget-container\">\n\t\t\t\t\t<h2 class=\"elementor-heading-title elementor-size-default\">Manteca de karit\u00e9 - El hidratante definitivo de la naturaleza<\/h2>\t\t\t\t<\/div>\n\t\t\t\t<\/div>\n\t\t\t\t<div class=\"elementor-element elementor-element-39b305b0 color-scheme-inherit text-left elementor-widget elementor-widget-text-editor\" data-id=\"39b305b0\" data-element_type=\"widget\" data-e-type=\"widget\" data-widget_type=\"text-editor.default\">\n\t\t\t\t<div class=\"elementor-widget-container\">\n\t\t\t\t\t\t\t\t\t<p>Experimenta el poder nutritivo de nuestra <strong>manteca de karit\u00e9<\/strong>, un producto 100% puro y natural procedente del \u00e1rbol de karit\u00e9 africano. Conocida por sus propiedades profundamente hidratantes y reparadoras, esta lujosa manteca es un cuidado esencial para conseguir una piel suave, tersa y radiante. <\/p>\t\t\t\t\t\t\t\t<\/div>\n\t\t\t\t<\/div>\n\t\t\t\t<div class=\"elementor-element elementor-element-ba115fc elementor-widget elementor-widget-heading\" data-id=\"ba115fc\" data-element_type=\"widget\" data-e-type=\"widget\" data-widget_type=\"heading.default\">\n\t\t\t\t<div class=\"elementor-widget-container\">\n\t\t\t\t\t<h2 class=\"elementor-heading-title elementor-size-default\">\u00bfPor qu\u00e9 elegir nuestra manteca de karit\u00e9?<\/h2>\t\t\t\t<\/div>\n\t\t\t\t<\/div>\n\t\t\t\t<div class=\"elementor-element elementor-element-6af0fc1 color-scheme-inherit text-left elementor-widget elementor-widget-text-editor\" data-id=\"6af0fc1\" data-element_type=\"widget\" data-e-type=\"widget\" data-widget_type=\"text-editor.default\">\n\t\t\t\t<div class=\"elementor-widget-container\">\n\t\t\t\t\t\t\t\t\t<ul><li><p><strong>Hidrataci\u00f3n intensa:<\/strong> Rica en vitaminas A, E y F, hidrata en profundidad y repara la piel seca y agrietada.<\/p><\/li><li><p><strong>Alivio calmante:<\/strong> Calma la piel irritada, reduce el enrojecimiento y ayuda en afecciones como el eccema y la psoriasis.<\/p><\/li><li><p><strong>Beneficios antienvejecimiento:<\/strong> Favorece la elasticidad, reduce la aparici\u00f3n de l\u00edneas de expresi\u00f3n y protege contra los da\u00f1os medioambientales.<\/p><\/li><li><p><strong>Uso vers\u00e1til:<\/strong> Perfecto para la piel, el cabello y las u\u00f1as: \u00fasalo como manteca corporal, b\u00e1lsamo labial o mascarilla capilar.<\/p><\/li><li><p><strong>Natural y puro:<\/strong> Sin aditivos, productos qu\u00edmicos ni fragancias sint\u00e9ticas, por lo que es seguro para todo tipo de pieles.<\/p><\/li><\/ul>\t\t\t\t\t\t\t\t<\/div>\n\t\t\t\t<\/div>\n\t\t\t\t<div class=\"elementor-element elementor-element-0b5924f color-scheme-inherit text-left elementor-widget elementor-widget-text-editor\" data-id=\"0b5924f\" data-element_type=\"widget\" data-e-type=\"widget\" data-widget_type=\"text-editor.default\">\n\t\t\t\t<div class=\"elementor-widget-container\">\n\t\t\t\t\t\t\t\t\t<ul><li><p>Nuestra manteca de karit\u00e9 es un milagro multitarea, tanto si quieres suavizar las asperezas como calmar las quemaduras solares o realzar el brillo de tu cabello. Su textura cremosa se funde sin esfuerzo en tu piel, dej\u00e1ndola profundamente nutrida y resplandeciente. <\/p><p><strong>Aprovecha las bondades naturales de la manteca de karit\u00e9: \u00a1tu piel te lo agradecer\u00e1!<\/strong> \ud83c\udf3f<\/p><\/li><li> <\/li><\/ul>\t\t\t\t\t\t\t\t<\/div>\n\t\t\t\t<\/div>\n\t\t\t\t\t<\/div>\n\t\t\t\t<\/div>\n\t\t\t\t<\/div>\n\t\t","protected":false},"excerpt":{"rendered":"<p>Experimenta el poder nutritivo de nuestra <strong>manteca de karit\u00e9<\/strong>, un producto 100% puro y natural procedente del \u00e1rbol de karit\u00e9 africano. Conocida por sus propiedades profundamente hidratantes y reparadoras, esta lujosa manteca es un cuidado esencial para conseguir una piel suave, tersa y radiante. <\/p>\n","protected":false},"featured_media":5887,"template":"","meta":[],"product_brand":[],"product_cat":[228,273],"product_tag":[],"class_list":{"0":"post-5886","1":"product","2":"type-product","3":"status-publish","4":"has-post-thumbnail","6":"product_cat-cuidado-corporal","7":"product_cat-mantecas-y-balsamos","9":"first","10":"instock","11":"shipping-taxable","12":"purchasable","13":"product-type-simple"},"jetpack_sharing_enabled":true,"_links":{"self":[{"href":"https:\/\/coopwarass.com\/es\/wp-json\/wp\/v2\/product\/5886","targetHints":{"allow":["GET"]}}],"collection":[{"href":"https:\/\/coopwarass.com\/es\/wp-json\/wp\/v2\/product"}],"about":[{"href":"https:\/\/coopwarass.com\/es\/wp-json\/wp\/v2\/types\/product"}],"version-history":[{"count":1,"href":"https:\/\/coopwarass.com\/es\/wp-json\/wp\/v2\/product\/5886\/revisions"}],"predecessor-version":[{"id":5890,"href":"https:\/\/coopwarass.com\/es\/wp-json\/wp\/v2\/product\/5886\/revisions\/5890"}],"wp:featuredmedia":[{"embeddable":true,"href":"https:\/\/coopwarass.com\/es\/wp-json\/wp\/v2\/media\/5887"}],"wp:attachment":[{"href":"https:\/\/coopwarass.com\/es\/wp-json\/wp\/v2\/media?parent=5886"}],"wp:term":[{"taxonomy":"product_brand","embeddable":true,"href":"https:\/\/coopwarass.com\/es\/wp-json\/wp\/v2\/product_brand?post=5886"},{"taxonomy":"product_cat","embeddable":true,"href":"https:\/\/coopwarass.com\/es\/wp-json\/wp\/v2\/product_cat?post=5886"},{"taxonomy":"product_tag","embeddable":true,"href":"https:\/\/coopwarass.com\/es\/wp-json\/wp\/v2\/product_tag?post=5886"}],"curies":[{"name":"wp","href":"https:\/\/api.w.org\/{rel}","templated":true}]}}