{"id":5877,"date":"2024-12-09T11:22:13","date_gmt":"2024-12-09T10:22:13","guid":{"rendered":"https:\/\/coopwarass.com\/shop\/sin%20categor\u00eda\/mascarilla-de-arcilla-roja-con-aceite-de-argan-y-almizcle\/"},"modified":"2025-10-18T13:38:49","modified_gmt":"2025-10-18T12:38:49","slug":"mascarilla-de-arcilla-roja-con-aceite-de-argan-y-almizcle","status":"publish","type":"product","link":"https:\/\/coopwarass.com\/es\/shop\/cuidado-corporal\/aceites\/mascarilla-de-arcilla-roja-con-aceite-de-argan-y-almizcle\/","title":{"rendered":"Mascarilla de Arcilla Roja con Aceite de Arg\u00e1n y Almizcle"},"content":{"rendered":"\t\t<div data-elementor-type=\"wp-post\" data-elementor-id=\"5877\" class=\"elementor elementor-5877 elementor-3620\">\n\t\t\t\t<div class=\"wd-negative-gap elementor-element elementor-element-79d93338 e-flex e-con-boxed e-con e-parent\" data-id=\"79d93338\" data-element_type=\"container\" data-e-type=\"container\">\n\t\t\t\t\t<div class=\"e-con-inner\">\n\t\t\t\t<div class=\"elementor-element elementor-element-18d4ec37 color-scheme-inherit text-left elementor-widget elementor-widget-text-editor\" data-id=\"18d4ec37\" data-element_type=\"widget\" data-e-type=\"widget\" data-widget_type=\"text-editor.default\">\n\t\t\t\t<div class=\"elementor-widget-container\">\n\t\t\t\t\t\t\t\t\t<p><strong>Mascarilla de Arcilla Roja con Aceite de Arg\u00e1n y Almizcle - Desintoxicaci\u00f3n e Hidrataci\u00f3n Profundas<\/strong><\/p><p>Mima tu piel con nuestra <strong>Mascarilla de Arcilla Roja con Aceite de Arg\u00e1n y Almizcle<\/strong>, una potente mezcla dise\u00f1ada para desintoxicar, hidratar y revitalizar tu cutis. Con una infusi\u00f3n de arcilla roja rica en nutrientes, aceite de arg\u00e1n nutritivo y el ex\u00f3tico aroma del almizcle, esta mascarilla limpia en profundidad los poros, elimina las impurezas y restaura la luminosidad natural de tu piel. <\/p><p><strong>Por qu\u00e9 te encantar\u00e1:<\/strong><\/p><ul><li><p><strong>Limpieza profunda:<\/strong> La arcilla roja extrae las toxinas, el exceso de grasa y las impurezas para un cutis m\u00e1s limpio.<\/p><\/li><li><p><strong>Hidrata y Nutre:<\/strong> El aceite de arg\u00e1n hidrata y repara, dejando tu piel suave y flexible.<\/p><\/li><li><p><strong>Mejora la Textura de la Piel:<\/strong> Afina los poros y unifica el tono de la piel para un aspecto m\u00e1s terso y radiante.<\/p><\/li><li><p><strong>Fragancia relajante:<\/strong> El c\u00e1lido y ex\u00f3tico aroma del almizcle mejora tu experiencia de autocuidado.<\/p><\/li><li><p><strong>Adecuada para todo tipo de pieles:<\/strong> Perfecto para pieles grasas, secas, mixtas o sensibles.<\/p><\/li><\/ul><p>Ideal para uso semanal, esta mascarilla es tu soluci\u00f3n para conseguir un cutis fresco y luminoso.<\/p><p><strong>Regala a tu piel una experiencia de spa - \u00a1Prueba hoy mismo nuestra Mascarilla de Arcilla Roja con Aceite de Arg\u00e1n y Almizcle!<\/strong>  \ud83c\udf39\u2728<\/p>\t\t\t\t\t\t\t\t<\/div>\n\t\t\t\t<\/div>\n\t\t\t\t\t<\/div>\n\t\t\t\t<\/div>\n\t\t\t\t<\/div>\n\t\t","protected":false},"excerpt":{"rendered":"<p>Lorem ipsum dolor, sit amet consectetur adipisicing elit. AliquDetoxifica y rejuvenece tu piel con nuestra <strong>Mascarilla de Arcilla Roja con Aceite de Arg\u00e1n y Almizcle<\/strong>. Esta lujosa mascarilla purifica, hidrata y deja tu piel suave, tersa y resplandeciente.am rem officia, corrupti reiciendis minima nisi modi, quasi, odio minus dolore impedit fuga eum eligendi.  <\/p>\n","protected":false},"featured_media":5880,"template":"elementor_theme","meta":[],"product_brand":[],"product_cat":[229,228],"product_tag":[],"class_list":{"0":"post-5877","1":"product","2":"type-product","3":"status-publish","4":"has-post-thumbnail","6":"product_cat-aceites","7":"product_cat-cuidado-corporal","9":"first","10":"instock","11":"sale","12":"shipping-taxable","13":"purchasable","14":"product-type-simple"},"jetpack_sharing_enabled":true,"_links":{"self":[{"href":"https:\/\/coopwarass.com\/es\/wp-json\/wp\/v2\/product\/5877","targetHints":{"allow":["GET"]}}],"collection":[{"href":"https:\/\/coopwarass.com\/es\/wp-json\/wp\/v2\/product"}],"about":[{"href":"https:\/\/coopwarass.com\/es\/wp-json\/wp\/v2\/types\/product"}],"version-history":[{"count":1,"href":"https:\/\/coopwarass.com\/es\/wp-json\/wp\/v2\/product\/5877\/revisions"}],"predecessor-version":[{"id":5882,"href":"https:\/\/coopwarass.com\/es\/wp-json\/wp\/v2\/product\/5877\/revisions\/5882"}],"wp:featuredmedia":[{"embeddable":true,"href":"https:\/\/coopwarass.com\/es\/wp-json\/wp\/v2\/media\/5880"}],"wp:attachment":[{"href":"https:\/\/coopwarass.com\/es\/wp-json\/wp\/v2\/media?parent=5877"}],"wp:term":[{"taxonomy":"product_brand","embeddable":true,"href":"https:\/\/coopwarass.com\/es\/wp-json\/wp\/v2\/product_brand?post=5877"},{"taxonomy":"product_cat","embeddable":true,"href":"https:\/\/coopwarass.com\/es\/wp-json\/wp\/v2\/product_cat?post=5877"},{"taxonomy":"product_tag","embeddable":true,"href":"https:\/\/coopwarass.com\/es\/wp-json\/wp\/v2\/product_tag?post=5877"}],"curies":[{"name":"wp","href":"https:\/\/api.w.org\/{rel}","templated":true}]}}