{"id":5874,"date":"2024-12-09T11:28:49","date_gmt":"2024-12-09T10:28:49","guid":{"rendered":"https:\/\/coopwarass.com\/shop\/sin%20categor\u00eda\/balsamo-labial\/"},"modified":"2025-10-18T14:16:23","modified_gmt":"2025-10-18T13:16:23","slug":"balsamo-labial","status":"publish","type":"product","link":"https:\/\/coopwarass.com\/es\/shop\/labios\/cuidado-labial\/balsamo-labial\/","title":{"rendered":"B\u00e1lsamo labial"},"content":{"rendered":"\t\t<div data-elementor-type=\"wp-post\" data-elementor-id=\"5874\" class=\"elementor elementor-5874 elementor-3627\">\n\t\t\t\t<div class=\"wd-negative-gap elementor-element elementor-element-277c70f2 e-flex e-con-boxed e-con e-parent\" data-id=\"277c70f2\" data-element_type=\"container\" data-e-type=\"container\">\n\t\t\t\t\t<div class=\"e-con-inner\">\n\t\t\t\t<div class=\"elementor-element elementor-element-c555057 elementor-widget elementor-widget-heading\" data-id=\"c555057\" data-element_type=\"widget\" data-e-type=\"widget\" data-widget_type=\"heading.default\">\n\t\t\t\t<div class=\"elementor-widget-container\">\n\t\t\t\t\t<h2 class=\"elementor-heading-title elementor-size-default\">B\u00e1lsamo labial - Hidrataci\u00f3n y cuidado definitivos<\/h2>\t\t\t\t<\/div>\n\t\t\t\t<\/div>\n\t\t\t\t<div class=\"elementor-element elementor-element-7e9f1bfd color-scheme-inherit text-left elementor-widget elementor-widget-text-editor\" data-id=\"7e9f1bfd\" data-element_type=\"widget\" data-e-type=\"widget\" data-widget_type=\"text-editor.default\">\n\t\t\t\t<div class=\"elementor-widget-container\">\n\t\t\t\t\t\t\t\t\t<p>Di adi\u00f3s a los labios secos y agrietados con nuestro <strong>B\u00e1lsamo Labial<\/strong>, imprescindible para mantener tus labios suaves, tersos y protegidos. Formulado con una mezcla de ingredientes naturales como manteca de karit\u00e9, cera de abeja y aceites nutritivos, este b\u00e1lsamo proporciona una hidrataci\u00f3n intensa y crea una barrera protectora contra las duras condiciones clim\u00e1ticas. <\/p>\t\t\t\t\t\t\t\t<\/div>\n\t\t\t\t<\/div>\n\t\t\t\t<div class=\"elementor-element elementor-element-952884f elementor-widget elementor-widget-heading\" data-id=\"952884f\" data-element_type=\"widget\" data-e-type=\"widget\" data-widget_type=\"heading.default\">\n\t\t\t\t<div class=\"elementor-widget-container\">\n\t\t\t\t\t<h2 class=\"elementor-heading-title elementor-size-default\">Por qu\u00e9 te encantar\u00e1:<\/h2>\t\t\t\t<\/div>\n\t\t\t\t<\/div>\n\t\t\t\t<div class=\"elementor-element elementor-element-f866937 color-scheme-inherit text-left elementor-widget elementor-widget-text-editor\" data-id=\"f866937\" data-element_type=\"widget\" data-e-type=\"widget\" data-widget_type=\"text-editor.default\">\n\t\t\t\t<div class=\"elementor-widget-container\">\n\t\t\t\t\t\t\t\t\t<ul><li><p>Hidrata en profundidad y alivia los labios secos y agrietados<\/p><\/li><li><p>Contiene emolientes naturales como la manteca de karit\u00e9 y el aceite de coco para una suavidad duradera<\/p><\/li><li><p>Protege contra el viento, el fr\u00edo y la exposici\u00f3n al sol<\/p><\/li><li><p>F\u00f3rmula ligera y no grasa con un acabado sutil y natural<\/p><\/li><\/ul>\t\t\t\t\t\t\t\t<\/div>\n\t\t\t\t<\/div>\n\t\t\t\t<div class=\"elementor-element elementor-element-897439e color-scheme-inherit text-left elementor-widget elementor-widget-text-editor\" data-id=\"897439e\" data-element_type=\"widget\" data-e-type=\"widget\" data-widget_type=\"text-editor.default\">\n\t\t\t\t<div class=\"elementor-widget-container\">\n\t\t\t\t\t\t\t\t\t<p>Perfecto para el uso diario, nuestro B\u00e1lsamo Labial se desliza suavemente, proporcionando un alivio instant\u00e1neo y una sensaci\u00f3n c\u00f3moda e hidratada. Tanto si te enfrentas al fr\u00edo del invierno como al sol del verano, este b\u00e1lsamo es tu soluci\u00f3n para unos labios sanos y besables. <\/p><p><strong>Mant\u00e9n tus labios felices e hidratados: \u00a1a\u00f1ade hoy mismo nuestro b\u00e1lsamo labial a tu rutina diaria!<\/strong> \ud83d\udc8b<\/p>\t\t\t\t\t\t\t\t<\/div>\n\t\t\t\t<\/div>\n\t\t\t\t\t<\/div>\n\t\t\t\t<\/div>\n\t\t\t\t<\/div>\n\t\t","protected":false},"excerpt":{"rendered":"<p>Mant\u00e9n tus labios suaves, tersos e hidratados con nuestro <strong>B\u00e1lsamo Labial<\/strong> Nutritivo. Enriquecido con ingredientes naturales, proporciona hidrataci\u00f3n duradera y protecci\u00f3n contra la sequedad, dejando tus labios mimados y sanos. <\/p>\n","protected":false},"featured_media":5875,"template":"","meta":[],"product_brand":[],"product_cat":[271,270],"product_tag":[],"class_list":{"0":"post-5874","1":"product","2":"type-product","3":"status-publish","4":"has-post-thumbnail","6":"product_cat-cuidado-labial","7":"product_cat-labios","9":"first","10":"instock","11":"shipping-taxable","12":"purchasable","13":"product-type-simple"},"jetpack_sharing_enabled":true,"_links":{"self":[{"href":"https:\/\/coopwarass.com\/es\/wp-json\/wp\/v2\/product\/5874","targetHints":{"allow":["GET"]}}],"collection":[{"href":"https:\/\/coopwarass.com\/es\/wp-json\/wp\/v2\/product"}],"about":[{"href":"https:\/\/coopwarass.com\/es\/wp-json\/wp\/v2\/types\/product"}],"version-history":[{"count":1,"href":"https:\/\/coopwarass.com\/es\/wp-json\/wp\/v2\/product\/5874\/revisions"}],"predecessor-version":[{"id":5878,"href":"https:\/\/coopwarass.com\/es\/wp-json\/wp\/v2\/product\/5874\/revisions\/5878"}],"wp:featuredmedia":[{"embeddable":true,"href":"https:\/\/coopwarass.com\/es\/wp-json\/wp\/v2\/media\/5875"}],"wp:attachment":[{"href":"https:\/\/coopwarass.com\/es\/wp-json\/wp\/v2\/media?parent=5874"}],"wp:term":[{"taxonomy":"product_brand","embeddable":true,"href":"https:\/\/coopwarass.com\/es\/wp-json\/wp\/v2\/product_brand?post=5874"},{"taxonomy":"product_cat","embeddable":true,"href":"https:\/\/coopwarass.com\/es\/wp-json\/wp\/v2\/product_cat?post=5874"},{"taxonomy":"product_tag","embeddable":true,"href":"https:\/\/coopwarass.com\/es\/wp-json\/wp\/v2\/product_tag?post=5874"}],"curies":[{"name":"wp","href":"https:\/\/api.w.org\/{rel}","templated":true}]}}