{"id":5866,"date":"2024-12-09T11:24:50","date_gmt":"2024-12-09T10:24:50","guid":{"rendered":"https:\/\/coopwarass.com\/shop\/sin%20categor\u00eda\/ghassoul-con-aceite-de-argan\/"},"modified":"2025-10-18T13:29:21","modified_gmt":"2025-10-18T12:29:21","slug":"ghassoul-con-aceite-de-argan","status":"publish","type":"product","link":"https:\/\/coopwarass.com\/es\/shop\/cuidado-corporal\/aceites\/ghassoul-con-aceite-de-argan\/","title":{"rendered":"Ghassoul con Aceite de Arg\u00e1n"},"content":{"rendered":"\t\t<div data-elementor-type=\"wp-post\" data-elementor-id=\"5866\" class=\"elementor elementor-5866 elementor-3622\">\n\t\t\t\t<div class=\"wd-negative-gap elementor-element elementor-element-1db01f44 e-flex e-con-boxed e-con e-parent\" data-id=\"1db01f44\" data-element_type=\"container\" data-e-type=\"container\">\n\t\t\t\t\t<div class=\"e-con-inner\">\n\t\t\t\t<div class=\"elementor-element elementor-element-4c371772 color-scheme-inherit text-left elementor-widget elementor-widget-text-editor\" data-id=\"4c371772\" data-element_type=\"widget\" data-e-type=\"widget\" data-widget_type=\"text-editor.default\">\n\t\t\t\t<div class=\"elementor-widget-container\">\n\t\t\t\t\t\t\t\t\t<p><strong>Ghassoul con Aceite de Arg\u00e1n - Limpieza Profunda y Nutrici\u00f3n<\/strong><\/p><p>Experimenta el tratamiento natural definitivo con nuestro <strong>Ghassoul con Aceite<\/strong> de Arg\u00e1n, una lujosa mezcla de arcilla Ghassoul rica en minerales y aceite de Arg\u00e1n nutritivo. Este vers\u00e1til producto limpia en profundidad, elimina las impurezas e hidrata la piel y el cabello, dej\u00e1ndolos suaves, lisos y radiantes. <\/p><p><strong>Por qu\u00e9 te encantar\u00e1:<\/strong><\/p><ul><li><p><strong>Limpieza profunda:<\/strong> La arcilla de Ghassoul extrae las toxinas, la suciedad y el exceso de grasa para un cutis m\u00e1s limpio.<\/p><\/li><li><p><strong>Nutre e Hidrata:<\/strong> El aceite de arg\u00e1n hidrata y repara, dejando la piel y el cabello suaves y flexibles.<\/p><\/li><li><p><strong>Mejora la Textura de la Piel y el Cabello:<\/strong> Afina los poros, alisa la piel y da brillo al cabello.<\/p><\/li><li><p><strong>Adecuado para todo tipo de piel y cabello:<\/strong> Suficientemente suave para pieles sensibles y eficaz para todo tipo de cabellos.<\/p><\/li><li><p><strong>Natural y puro:<\/strong> Sin aditivos, parabenos ni fragancias sint\u00e9ticas.<\/p><\/li><\/ul><p>Ideal para la cara, el cuerpo y el cabello, esta mezcla es tu soluci\u00f3n para conseguir una piel y un cabello limpios, nutridos y brillantes.<\/p><p><strong>Desintoxica y rejuvenece - \u00a1Prueba hoy mismo nuestro Ghassoul con Aceite de Arg\u00e1n!<\/strong><\/p>\t\t\t\t\t\t\t\t<\/div>\n\t\t\t\t<\/div>\n\t\t\t\t\t<\/div>\n\t\t\t\t<\/div>\n\t\t\t\t<\/div>\n\t\t","protected":false},"excerpt":{"rendered":"<p>Desintoxica y nutre tu piel y tu cabello con nuestro <strong>Ghassoul con Aceite de Arg\u00e1n<\/strong>. Esta mezcla natural limpia en profundidad, hidrata y deja tu piel y tu cabello suaves, lisos y resplandecientes. <\/p>\n","protected":false},"featured_media":5868,"template":"","meta":[],"product_brand":[],"product_cat":[229,264,265],"product_tag":[],"class_list":{"0":"post-5866","1":"product","2":"type-product","3":"status-publish","4":"has-post-thumbnail","6":"product_cat-aceites","7":"product_cat-bano-y-limpieza","8":"product_cat-jabones-y-lavados","10":"first","11":"instock","12":"sale","13":"shipping-taxable","14":"purchasable","15":"product-type-simple"},"jetpack_sharing_enabled":true,"_links":{"self":[{"href":"https:\/\/coopwarass.com\/es\/wp-json\/wp\/v2\/product\/5866","targetHints":{"allow":["GET"]}}],"collection":[{"href":"https:\/\/coopwarass.com\/es\/wp-json\/wp\/v2\/product"}],"about":[{"href":"https:\/\/coopwarass.com\/es\/wp-json\/wp\/v2\/types\/product"}],"version-history":[{"count":1,"href":"https:\/\/coopwarass.com\/es\/wp-json\/wp\/v2\/product\/5866\/revisions"}],"predecessor-version":[{"id":5870,"href":"https:\/\/coopwarass.com\/es\/wp-json\/wp\/v2\/product\/5866\/revisions\/5870"}],"wp:featuredmedia":[{"embeddable":true,"href":"https:\/\/coopwarass.com\/es\/wp-json\/wp\/v2\/media\/5868"}],"wp:attachment":[{"href":"https:\/\/coopwarass.com\/es\/wp-json\/wp\/v2\/media?parent=5866"}],"wp:term":[{"taxonomy":"product_brand","embeddable":true,"href":"https:\/\/coopwarass.com\/es\/wp-json\/wp\/v2\/product_brand?post=5866"},{"taxonomy":"product_cat","embeddable":true,"href":"https:\/\/coopwarass.com\/es\/wp-json\/wp\/v2\/product_cat?post=5866"},{"taxonomy":"product_tag","embeddable":true,"href":"https:\/\/coopwarass.com\/es\/wp-json\/wp\/v2\/product_tag?post=5866"}],"curies":[{"name":"wp","href":"https:\/\/api.w.org\/{rel}","templated":true}]}}