{"id":5863,"date":"2024-12-09T11:30:33","date_gmt":"2024-12-09T10:30:33","guid":{"rendered":"https:\/\/coopwarass.com\/shop\/sin%20categor\u00eda\/agua-de-rosas-destilada\/"},"modified":"2025-10-18T13:59:17","modified_gmt":"2025-10-18T12:59:17","slug":"agua-de-rosas-destilada","status":"publish","type":"product","link":"https:\/\/coopwarass.com\/es\/shop\/cuidado-facial\/tonicos-y-brumas\/agua-de-rosas-destilada\/","title":{"rendered":"Agua de rosas destilada"},"content":{"rendered":"\t\t<div data-elementor-type=\"wp-post\" data-elementor-id=\"5863\" class=\"elementor elementor-5863 elementor-3629\">\n\t\t\t\t<div class=\"wd-negative-gap elementor-element elementor-element-2940ff66 e-flex e-con-boxed e-con e-parent\" data-id=\"2940ff66\" data-element_type=\"container\" data-e-type=\"container\">\n\t\t\t\t\t<div class=\"e-con-inner\">\n\t\t\t\t<div class=\"elementor-element elementor-element-a571786 elementor-widget elementor-widget-heading\" data-id=\"a571786\" data-element_type=\"widget\" data-e-type=\"widget\" data-widget_type=\"heading.default\">\n\t\t\t\t<div class=\"elementor-widget-container\">\n\t\t\t\t\t<h2 class=\"elementor-heading-title elementor-size-default\">Agua de Rosas Destilada - Hidrataci\u00f3n y Refresco Puros<\/h2>\t\t\t\t<\/div>\n\t\t\t\t<\/div>\n\t\t\t\t<div class=\"elementor-element elementor-element-50c60559 color-scheme-inherit text-left elementor-widget elementor-widget-text-editor\" data-id=\"50c60559\" data-element_type=\"widget\" data-e-type=\"widget\" data-widget_type=\"text-editor.default\">\n\t\t\t\t<div class=\"elementor-widget-container\">\n\t\t\t\t\t\t\t\t\t<p>Mima tu piel con el secreto de belleza atemporal del Agua de Rosas Destilada, un producto suave y vers\u00e1til que ofrece hidrataci\u00f3n instant\u00e1nea y un toque de lujo. Elaborado con p\u00e9talos de rosa puros, este elixir natural es perfecto para todo tipo de pieles, proporcionando una experiencia calmante, refrescante y revitalizante. <\/p>\t\t\t\t\t\t\t\t<\/div>\n\t\t\t\t<\/div>\n\t\t\t\t<div class=\"elementor-element elementor-element-487ecab elementor-widget elementor-widget-heading\" data-id=\"487ecab\" data-element_type=\"widget\" data-e-type=\"widget\" data-widget_type=\"heading.default\">\n\t\t\t\t<div class=\"elementor-widget-container\">\n\t\t\t\t\t<h2 class=\"elementor-heading-title elementor-size-default\">Para tu piel:<\/h2>\t\t\t\t<\/div>\n\t\t\t\t<\/div>\n\t\t\t\t<div class=\"elementor-element elementor-element-672be39 color-scheme-inherit text-left elementor-widget elementor-widget-text-editor\" data-id=\"672be39\" data-element_type=\"widget\" data-e-type=\"widget\" data-widget_type=\"text-editor.default\">\n\t\t\t\t<div class=\"elementor-widget-container\">\n\t\t\t\t\t\t\t\t\t<p>Nuestra Agua de Rosas Destilada es una maravilla multitarea. Tonifica, hidrata y equilibra el pH de tu piel, dej\u00e1ndola suave, tersa y radiante. Sus propiedades antiinflamatorias ayudan a calmar el enrojecimiento y la irritaci\u00f3n, por lo que es ideal para la piel sensible o propensa al acn\u00e9. \u00dasalo como bruma facial, t\u00f3nico o spray fijador del maquillaje para conseguir un brillo fresco y h\u00famedo.   <\/p>\t\t\t\t\t\t\t\t<\/div>\n\t\t\t\t<\/div>\n\t\t\t\t<div class=\"elementor-element elementor-element-e19a850 elementor-widget elementor-widget-heading\" data-id=\"e19a850\" data-element_type=\"widget\" data-e-type=\"widget\" data-widget_type=\"heading.default\">\n\t\t\t\t<div class=\"elementor-widget-container\">\n\t\t\t\t\t<h2 class=\"elementor-heading-title elementor-size-default\">Para tu cabello:<\/h2>\t\t\t\t<\/div>\n\t\t\t\t<\/div>\n\t\t\t\t<div class=\"elementor-element elementor-element-d72314e color-scheme-inherit text-left elementor-widget elementor-widget-text-editor\" data-id=\"d72314e\" data-element_type=\"widget\" data-e-type=\"widget\" data-widget_type=\"text-editor.default\">\n\t\t\t\t<div class=\"elementor-widget-container\">\n\t\t\t\t\t\t\t\t\t<p>Revitaliza tu cabello con una rociada de agua de rosas. Ayuda a hidratar el cuero cabelludo, reducir el encrespamiento y a\u00f1adir una sutil fragancia natural a tus mechones. <\/p>\t\t\t\t\t\t\t\t<\/div>\n\t\t\t\t<\/div>\n\t\t\t\t<div class=\"elementor-element elementor-element-2c65f8b elementor-widget elementor-widget-heading\" data-id=\"2c65f8b\" data-element_type=\"widget\" data-e-type=\"widget\" data-widget_type=\"heading.default\">\n\t\t\t\t<div class=\"elementor-widget-container\">\n\t\t\t\t\t<h2 class=\"elementor-heading-title elementor-size-default\">Para tus sentidos:<\/h2>\t\t\t\t<\/div>\n\t\t\t\t<\/div>\n\t\t\t\t<div class=\"elementor-element elementor-element-69f63b7 color-scheme-inherit text-left elementor-widget elementor-widget-text-editor\" data-id=\"69f63b7\" data-element_type=\"widget\" data-e-type=\"widget\" data-widget_type=\"text-editor.default\">\n\t\t\t\t<div class=\"elementor-widget-container\">\n\t\t\t\t\t\t\t\t\t<p>El delicado aroma floral del agua de rosas proporciona una experiencia calmante y estimulante, perfecta para la aromaterapia o para crear un ambiente relajante.<\/p>\t\t\t\t\t\t\t\t<\/div>\n\t\t\t\t<\/div>\n\t\t\t\t<div class=\"elementor-element elementor-element-f8f1134 elementor-widget elementor-widget-heading\" data-id=\"f8f1134\" data-element_type=\"widget\" data-e-type=\"widget\" data-widget_type=\"heading.default\">\n\t\t\t\t<div class=\"elementor-widget-container\">\n\t\t\t\t\t<h2 class=\"elementor-heading-title elementor-size-default\">\u00bfPor qu\u00e9 elegir nuestra agua de rosas destilada?<\/h2>\t\t\t\t<\/div>\n\t\t\t\t<\/div>\n\t\t\t\t<div class=\"elementor-element elementor-element-3b504cc color-scheme-inherit text-left elementor-widget elementor-widget-text-editor\" data-id=\"3b504cc\" data-element_type=\"widget\" data-e-type=\"widget\" data-widget_type=\"text-editor.default\">\n\t\t\t\t<div class=\"elementor-widget-container\">\n\t\t\t\t\t\t\t\t\t<ul><li>100% puro y natural, elaborado con p\u00e9talos de rosa destilados al vapor<\/li><li>Sin alcohol, sin parabenos y apto para todo tipo de pieles<\/li><li>Calma, hidrata y refresca al instante<\/li><li>Puede utilizarse como t\u00f3nico, bruma facial o refrescante capilar<\/li><li>Proporciona una sutil y lujosa fragancia de rosa<\/li><\/ul>\t\t\t\t\t\t\t\t<\/div>\n\t\t\t\t<\/div>\n\t\t\t\t<div class=\"elementor-element elementor-element-82abdf2 color-scheme-inherit text-left elementor-widget elementor-widget-text-editor\" data-id=\"82abdf2\" data-element_type=\"widget\" data-e-type=\"widget\" data-widget_type=\"text-editor.default\">\n\t\t\t\t<div class=\"elementor-widget-container\">\n\t\t\t\t\t\t\t\t\t<p>Si quieres mejorar tu rutina de cuidado de la piel, refrescar tu cabello o simplemente disfrutar de un momento de tranquilidad, nuestra Agua Destilada de Rosas es tu soluci\u00f3n para la belleza y el bienestar naturales.<\/p><p><strong>Eleva tu rutina de cuidado personal: \u00a1a\u00f1ade Agua de Rosas Destilada a tu colecci\u00f3n hoy mismo!<\/strong> \ud83c\udf39<\/p>\t\t\t\t\t\t\t\t<\/div>\n\t\t\t\t<\/div>\n\t\t\t\t\t<\/div>\n\t\t\t\t<\/div>\n\t\t\t\t<\/div>\n\t\t","protected":false},"excerpt":{"rendered":"<p>Refresca e hidrata tu piel con nuestra <strong>Agua de Rosas Destilada<\/strong> pura, un t\u00f3nico natural y una bruma facial elaborados con p\u00e9talos de rosa destilados al vapor. Perfecta para calmar, equilibrar y aportar un brillo radiante a todo tipo de pieles. \ud83c\udf39<\/p>\n","protected":false},"featured_media":6490,"template":"","meta":[],"product_brand":[],"product_cat":[232,267],"product_tag":[],"class_list":{"0":"post-5863","1":"product","2":"type-product","3":"status-publish","4":"has-post-thumbnail","6":"product_cat-cuidado-facial","7":"product_cat-tonicos-y-brumas","9":"first","10":"instock","11":"sale","12":"shipping-taxable","13":"purchasable","14":"product-type-simple"},"jetpack_sharing_enabled":true,"_links":{"self":[{"href":"https:\/\/coopwarass.com\/es\/wp-json\/wp\/v2\/product\/5863","targetHints":{"allow":["GET"]}}],"collection":[{"href":"https:\/\/coopwarass.com\/es\/wp-json\/wp\/v2\/product"}],"about":[{"href":"https:\/\/coopwarass.com\/es\/wp-json\/wp\/v2\/types\/product"}],"version-history":[{"count":1,"href":"https:\/\/coopwarass.com\/es\/wp-json\/wp\/v2\/product\/5863\/revisions"}],"predecessor-version":[{"id":5865,"href":"https:\/\/coopwarass.com\/es\/wp-json\/wp\/v2\/product\/5863\/revisions\/5865"}],"wp:featuredmedia":[{"embeddable":true,"href":"https:\/\/coopwarass.com\/es\/wp-json\/wp\/v2\/media\/6490"}],"wp:attachment":[{"href":"https:\/\/coopwarass.com\/es\/wp-json\/wp\/v2\/media?parent=5863"}],"wp:term":[{"taxonomy":"product_brand","embeddable":true,"href":"https:\/\/coopwarass.com\/es\/wp-json\/wp\/v2\/product_brand?post=5863"},{"taxonomy":"product_cat","embeddable":true,"href":"https:\/\/coopwarass.com\/es\/wp-json\/wp\/v2\/product_cat?post=5863"},{"taxonomy":"product_tag","embeddable":true,"href":"https:\/\/coopwarass.com\/es\/wp-json\/wp\/v2\/product_tag?post=5863"}],"curies":[{"name":"wp","href":"https:\/\/api.w.org\/{rel}","templated":true}]}}