{"id":5852,"date":"2024-12-09T11:31:40","date_gmt":"2024-12-09T11:31:40","guid":{"rendered":"https:\/\/coopwarass.com\/shop\/sin%20categor\u00eda\/gel-de-ducha-con-argan\/"},"modified":"2025-10-18T14:07:09","modified_gmt":"2025-10-18T13:07:09","slug":"gel-de-ducha-con-argan","status":"publish","type":"product","link":"https:\/\/coopwarass.com\/es\/shop\/bano-y-limpieza\/jabones-y-lavados\/gel-de-ducha-con-argan\/","title":{"rendered":"Gel de ducha con Arg\u00e1n"},"content":{"rendered":"\t\t<div data-elementor-type=\"wp-post\" data-elementor-id=\"5852\" class=\"elementor elementor-5852 elementor-3631\">\n\t\t\t\t<div class=\"wd-negative-gap elementor-element elementor-element-210b1490 e-flex e-con-boxed e-con e-parent\" data-id=\"210b1490\" data-element_type=\"container\" data-e-type=\"container\">\n\t\t\t\t\t<div class=\"e-con-inner\">\n\t\t\t\t<div class=\"elementor-element elementor-element-45904972 color-scheme-inherit text-left elementor-widget elementor-widget-text-editor\" data-id=\"45904972\" data-element_type=\"widget\" data-e-type=\"widget\" data-widget_type=\"text-editor.default\">\n\t\t\t\t<div class=\"elementor-widget-container\">\n\t\t\t\t\t\t\t\t\t<p><strong>Gel de Ducha con Aceite de Arg\u00e1n - Limpieza e Hidrataci\u00f3n de Lujo<\/strong><\/p><p>Eleva tu rutina de ducha con nuestro <strong>Gel de Ducha con Aceite de Arg\u00e1n<\/strong>, una f\u00f3rmula rica y nutritiva que combina una limpieza suave con una hidrataci\u00f3n profunda. Infundido con las bondades naturales del aceite de Arg\u00e1n, este gel de ducha purifica tu piel al tiempo que retiene la hidrataci\u00f3n, dej\u00e1ndola suave, tersa y radiante. <\/p><p><strong>Por qu\u00e9 te encantar\u00e1:<\/strong><\/p><ul><li><p><strong>Hidrataci\u00f3n profunda:<\/strong> El aceite de arg\u00e1n nutre e hidrata, evitando la sequedad y manteniendo tu piel flexible.<\/p><\/li><li><p><strong>Limpieza suave:<\/strong> Elimina la suciedad y las impurezas sin eliminar los aceites naturales de la piel.<\/p><\/li><li><p><strong>Suavizante y Calmante:<\/strong> Perfecto para todo tipo de pieles, incluidas las sensibles.<\/p><\/li><li><p><strong>Lujosa espuma:<\/strong> Crea una espuma rica y cremosa para una experiencia similar a la de un spa.<\/p><\/li><li><p><strong>Fragancia sutil:<\/strong> Deja un delicado y refrescante aroma en tu piel.<\/p><\/li><\/ul><p>Ideal para el uso diario, este gel de ducha es tu mejor aliado para conseguir una piel limpia, hidratada y fresca.<\/p><p><strong>Transforma tu ducha en un ritual de mimos - \u00a1Prueba hoy mismo nuestro Gel de Ducha con Aceite de Arg\u00e1n!<\/strong>  \ud83d\udebf\u2728<\/p>\t\t\t\t\t\t\t\t<\/div>\n\t\t\t\t<\/div>\n\t\t\t\t\t<\/div>\n\t\t\t\t<\/div>\n\t\t\t\t<\/div>\n\t\t","protected":false},"excerpt":{"rendered":"<p>Limpia y nutre tu piel con nuestro Gel de Ducha con Aceite de Arg\u00e1n. Esta lujosa f\u00f3rmula purifica suavemente, hidrata y deja tu piel suave, tersa y fresca. <\/p>\n","protected":false},"featured_media":6493,"template":"","meta":[],"product_brand":[],"product_cat":[264,265],"product_tag":[],"class_list":{"0":"post-5852","1":"product","2":"type-product","3":"status-publish","4":"has-post-thumbnail","6":"product_cat-bano-y-limpieza","7":"product_cat-jabones-y-lavados","9":"first","10":"instock","11":"shipping-taxable","12":"purchasable","13":"product-type-variable"},"jetpack_sharing_enabled":true,"_links":{"self":[{"href":"https:\/\/coopwarass.com\/es\/wp-json\/wp\/v2\/product\/5852","targetHints":{"allow":["GET"]}}],"collection":[{"href":"https:\/\/coopwarass.com\/es\/wp-json\/wp\/v2\/product"}],"about":[{"href":"https:\/\/coopwarass.com\/es\/wp-json\/wp\/v2\/types\/product"}],"version-history":[{"count":1,"href":"https:\/\/coopwarass.com\/es\/wp-json\/wp\/v2\/product\/5852\/revisions"}],"predecessor-version":[{"id":5859,"href":"https:\/\/coopwarass.com\/es\/wp-json\/wp\/v2\/product\/5852\/revisions\/5859"}],"wp:featuredmedia":[{"embeddable":true,"href":"https:\/\/coopwarass.com\/es\/wp-json\/wp\/v2\/media\/6493"}],"wp:attachment":[{"href":"https:\/\/coopwarass.com\/es\/wp-json\/wp\/v2\/media?parent=5852"}],"wp:term":[{"taxonomy":"product_brand","embeddable":true,"href":"https:\/\/coopwarass.com\/es\/wp-json\/wp\/v2\/product_brand?post=5852"},{"taxonomy":"product_cat","embeddable":true,"href":"https:\/\/coopwarass.com\/es\/wp-json\/wp\/v2\/product_cat?post=5852"},{"taxonomy":"product_tag","embeddable":true,"href":"https:\/\/coopwarass.com\/es\/wp-json\/wp\/v2\/product_tag?post=5852"}],"curies":[{"name":"wp","href":"https:\/\/api.w.org\/{rel}","templated":true}]}}