{"id":5836,"date":"2025-02-08T16:10:56","date_gmt":"2025-02-08T15:10:56","guid":{"rendered":"https:\/\/coopwarass.com\/shop\/sin%20categor\u00eda\/crema-aclarante\/"},"modified":"2025-10-04T15:53:57","modified_gmt":"2025-10-04T14:53:57","slug":"crema-aclarante","status":"publish","type":"product","link":"https:\/\/coopwarass.com\/es\/shop\/cuidado-facial\/cremas\/crema-aclarante\/","title":{"rendered":"Crema aclarante"},"content":{"rendered":"<p>Desvela la luminosidad natural de tu piel con nuestra <strong>Crema Iluminadora<\/strong>, elaborada por expertos para iluminar, hidratar y rejuvenecer. Enriquecida con preciado <strong>aceite de arg\u00e1n<\/strong>, famoso por sus propiedades nutritivas y antienvejecimiento, esta crema ayuda a igualar tu cutis a la vez que aten\u00faa las manchas oscuras y los defectos. Su f\u00f3rmula ligera y de r\u00e1pida absorci\u00f3n penetra en profundidad, dejando tu piel suave, luminosa y perfectamente hidratada.  <\/p>\n<p>Perfecta para todo tipo de piel, nuestra <strong>Crema Iluminadora<\/strong> no contiene productos qu\u00edmicos agresivos, por lo que es una soluci\u00f3n suave pero eficaz para conseguir un resplandor radiante. Tanto si quieres realzar tu belleza natural como recuperar la vitalidad juvenil de tu piel, esta crema es lo \u00faltimo para el cuidado de tu piel. \u00a1Pru\u00e9bala hoy mismo y experimenta la magia de una piel luminosa! \u2728<\/p>\n","protected":false},"excerpt":{"rendered":"<p>Descubre nuestra <strong>Crema Iluminadora<\/strong>, una lujosa mezcla de ingredientes naturales dise\u00f1ada para iluminar e igualar el tono de tu piel. Con una infusi\u00f3n de aceite de arg\u00e1n y extractos bot\u00e1nicos, hidrata en profundidad a la vez que reduce las manchas oscuras para un resplandor radiante y juvenil. <\/p>\n","protected":false},"featured_media":5844,"template":"","meta":[],"product_brand":[],"product_cat":[233,232],"product_tag":[],"class_list":{"0":"post-5836","1":"product","2":"type-product","3":"status-publish","4":"has-post-thumbnail","6":"product_cat-cremas","7":"product_cat-cuidado-facial","9":"first","10":"instock","11":"shipping-taxable","12":"purchasable","13":"product-type-simple"},"jetpack_sharing_enabled":true,"_links":{"self":[{"href":"https:\/\/coopwarass.com\/es\/wp-json\/wp\/v2\/product\/5836","targetHints":{"allow":["GET"]}}],"collection":[{"href":"https:\/\/coopwarass.com\/es\/wp-json\/wp\/v2\/product"}],"about":[{"href":"https:\/\/coopwarass.com\/es\/wp-json\/wp\/v2\/types\/product"}],"version-history":[{"count":1,"href":"https:\/\/coopwarass.com\/es\/wp-json\/wp\/v2\/product\/5836\/revisions"}],"predecessor-version":[{"id":8227,"href":"https:\/\/coopwarass.com\/es\/wp-json\/wp\/v2\/product\/5836\/revisions\/8227"}],"wp:featuredmedia":[{"embeddable":true,"href":"https:\/\/coopwarass.com\/es\/wp-json\/wp\/v2\/media\/5844"}],"wp:attachment":[{"href":"https:\/\/coopwarass.com\/es\/wp-json\/wp\/v2\/media?parent=5836"}],"wp:term":[{"taxonomy":"product_brand","embeddable":true,"href":"https:\/\/coopwarass.com\/es\/wp-json\/wp\/v2\/product_brand?post=5836"},{"taxonomy":"product_cat","embeddable":true,"href":"https:\/\/coopwarass.com\/es\/wp-json\/wp\/v2\/product_cat?post=5836"},{"taxonomy":"product_tag","embeddable":true,"href":"https:\/\/coopwarass.com\/es\/wp-json\/wp\/v2\/product_tag?post=5836"}],"curies":[{"name":"wp","href":"https:\/\/api.w.org\/{rel}","templated":true}]}}