{"id":5830,"date":"2025-02-08T16:13:06","date_gmt":"2025-02-08T15:13:06","guid":{"rendered":"https:\/\/coopwarass.com\/shop\/sin%20categor\u00eda\/crema-de-dia-con-aceite-de-argan\/"},"modified":"2025-10-04T15:53:56","modified_gmt":"2025-10-04T14:53:56","slug":"crema-de-dia-con-aceite-de-argan","status":"publish","type":"product","link":"https:\/\/coopwarass.com\/es\/shop\/cuidado-facial\/cremas\/crema-de-dia-con-aceite-de-argan\/","title":{"rendered":"Crema de D\u00eda con Aceite de Arg\u00e1n"},"content":{"rendered":"<p>Empieza el d\u00eda con el cuidado perfecto para tu piel: nuestra <strong>Crema de D\u00eda con Aceite de Arg\u00e1n<\/strong>. Formulada con <strong>aceite de arg\u00e1n 100% puro<\/strong>, esta lujosa crema hidrata, nutre y protege tu piel en profundidad contra las agresiones medioambientales diarias. Rica en \u00e1cidos grasos esenciales y antioxidantes, ayuda a mejorar la elasticidad de la piel, reducir los signos del envejecimiento y dejar tu cutis liso, suave y naturalmente radiante.  <\/p>\n<p>Ligera y de r\u00e1pida absorci\u00f3n, proporciona hidrataci\u00f3n durante todo el d\u00eda sin sensaci\u00f3n grasa, por lo que es ideal para todo tipo de pieles. Si quieres calmar la piel seca, mantener un brillo saludable o crear la base perfecta para el maquillaje, nuestra <strong>Crema de D\u00eda con Aceite de Arg\u00e1n<\/strong> es tu soluci\u00f3n para el cuidado de la piel. \u00a1Mima tu piel con lo mejor que te ofrece la naturaleza! \ud83c\udf3f\u2728   <\/p>\n","protected":false},"excerpt":{"rendered":"<p>Hidrata y protege tu piel a diario con nuestra <strong>Crema de D\u00eda con Aceite de Arg\u00e1n<\/strong>. Con una infusi\u00f3n de aceite de arg\u00e1n puro, nutre en profundidad, mejora la elasticidad y proporciona una hidrataci\u00f3n duradera para un brillo radiante y juvenil. <\/p>\n","protected":false},"featured_media":6488,"template":"","meta":[],"product_brand":[],"product_cat":[233,232],"product_tag":[],"class_list":{"0":"post-5830","1":"product","2":"type-product","3":"status-publish","4":"has-post-thumbnail","6":"product_cat-cremas","7":"product_cat-cuidado-facial","9":"first","10":"instock","11":"sale","12":"shipping-taxable","13":"purchasable","14":"product-type-simple"},"jetpack_sharing_enabled":true,"_links":{"self":[{"href":"https:\/\/coopwarass.com\/es\/wp-json\/wp\/v2\/product\/5830","targetHints":{"allow":["GET"]}}],"collection":[{"href":"https:\/\/coopwarass.com\/es\/wp-json\/wp\/v2\/product"}],"about":[{"href":"https:\/\/coopwarass.com\/es\/wp-json\/wp\/v2\/types\/product"}],"version-history":[{"count":1,"href":"https:\/\/coopwarass.com\/es\/wp-json\/wp\/v2\/product\/5830\/revisions"}],"predecessor-version":[{"id":8226,"href":"https:\/\/coopwarass.com\/es\/wp-json\/wp\/v2\/product\/5830\/revisions\/8226"}],"wp:featuredmedia":[{"embeddable":true,"href":"https:\/\/coopwarass.com\/es\/wp-json\/wp\/v2\/media\/6488"}],"wp:attachment":[{"href":"https:\/\/coopwarass.com\/es\/wp-json\/wp\/v2\/media?parent=5830"}],"wp:term":[{"taxonomy":"product_brand","embeddable":true,"href":"https:\/\/coopwarass.com\/es\/wp-json\/wp\/v2\/product_brand?post=5830"},{"taxonomy":"product_cat","embeddable":true,"href":"https:\/\/coopwarass.com\/es\/wp-json\/wp\/v2\/product_cat?post=5830"},{"taxonomy":"product_tag","embeddable":true,"href":"https:\/\/coopwarass.com\/es\/wp-json\/wp\/v2\/product_tag?post=5830"}],"curies":[{"name":"wp","href":"https:\/\/api.w.org\/{rel}","templated":true}]}}