{"id":5829,"date":"2025-02-08T17:27:35","date_gmt":"2025-02-08T16:27:35","guid":{"rendered":"https:\/\/coopwarass.com\/shop\/sin%20categor\u00eda\/exfoliante-de-miel-y-azucar-con-aceite-de-argan\/"},"modified":"2025-10-04T15:53:50","modified_gmt":"2025-10-04T14:53:50","slug":"exfoliante-de-miel-y-azucar-con-aceite-de-argan","status":"publish","type":"product","link":"https:\/\/coopwarass.com\/es\/shop\/cara-y-cuerpo\/exfoliantes\/exfoliante-de-miel-y-azucar-con-aceite-de-argan\/","title":{"rendered":"Exfoliante de Miel y Az\u00facar con Aceite de Arg\u00e1n"},"content":{"rendered":"<p>Mima tu piel con nuestro <strong>Exfoliante de Miel y Az\u00facar con Aceite de Arg\u00e1n<\/strong>, un exfoliante natural dise\u00f1ado para pulir y nutrir suavemente. Los finos gr\u00e1nulos de az\u00facar eliminan las c\u00e9lulas muertas de la piel, mientras que <strong>la miel pura<\/strong> calma e hidrata. Con una infusi\u00f3n de <strong>aceite de arg\u00e1n<\/strong>, rico en \u00e1cidos grasos esenciales y antioxidantes, este exfoliante hidrata en profundidad, restaura la elasticidad y deja tu piel suave como la seda.  <\/p>\n<p>Su textura rica y cremosa se funde con la piel, proporcion\u00e1ndole una nutrici\u00f3n intensa a la vez que promueve un brillo radiante y saludable. Ideal para todo tipo de pieles, este exfoliante suave pero eficaz puede utilizarse <strong>de 2 a 3 veces por semana<\/strong> para conseguir un cutis suave, fresco y rejuvenecido. \u00a1Reg\u00e1late una experiencia de spa con el equilibrio perfecto de exfoliaci\u00f3n e hidrataci\u00f3n! \ud83c\udf3f\ud83c\udf6f\u2728   <\/p>\n","protected":false},"excerpt":{"rendered":"<p>Reg\u00e1late una exfoliaci\u00f3n de lujo con nuestro <strong>Exfoliante de Miel y Az\u00facar<\/strong>, enriquecido con <strong>aceite de arg\u00e1n<\/strong>. Elimina suavemente las c\u00e9lulas muertas, hidrata en profundidad y deja tu piel suave, tersa y radiante. <\/p>\n","protected":false},"featured_media":5831,"template":"","meta":[],"product_brand":[],"product_cat":[224,225],"product_tag":[],"class_list":{"0":"post-5829","1":"product","2":"type-product","3":"status-publish","4":"has-post-thumbnail","6":"product_cat-cara-y-cuerpo","7":"product_cat-exfoliantes","9":"first","10":"instock","11":"shipping-taxable","12":"purchasable","13":"product-type-simple"},"jetpack_sharing_enabled":true,"_links":{"self":[{"href":"https:\/\/coopwarass.com\/es\/wp-json\/wp\/v2\/product\/5829","targetHints":{"allow":["GET"]}}],"collection":[{"href":"https:\/\/coopwarass.com\/es\/wp-json\/wp\/v2\/product"}],"about":[{"href":"https:\/\/coopwarass.com\/es\/wp-json\/wp\/v2\/types\/product"}],"version-history":[{"count":1,"href":"https:\/\/coopwarass.com\/es\/wp-json\/wp\/v2\/product\/5829\/revisions"}],"predecessor-version":[{"id":8221,"href":"https:\/\/coopwarass.com\/es\/wp-json\/wp\/v2\/product\/5829\/revisions\/8221"}],"wp:featuredmedia":[{"embeddable":true,"href":"https:\/\/coopwarass.com\/es\/wp-json\/wp\/v2\/media\/5831"}],"wp:attachment":[{"href":"https:\/\/coopwarass.com\/es\/wp-json\/wp\/v2\/media?parent=5829"}],"wp:term":[{"taxonomy":"product_brand","embeddable":true,"href":"https:\/\/coopwarass.com\/es\/wp-json\/wp\/v2\/product_brand?post=5829"},{"taxonomy":"product_cat","embeddable":true,"href":"https:\/\/coopwarass.com\/es\/wp-json\/wp\/v2\/product_cat?post=5829"},{"taxonomy":"product_tag","embeddable":true,"href":"https:\/\/coopwarass.com\/es\/wp-json\/wp\/v2\/product_tag?post=5829"}],"curies":[{"name":"wp","href":"https:\/\/api.w.org\/{rel}","templated":true}]}}