{"id":5822,"date":"2025-02-08T16:29:12","date_gmt":"2025-02-08T15:29:12","guid":{"rendered":"https:\/\/coopwarass.com\/shop\/sin%20categor\u00eda\/exfoliante-sahara-nila\/"},"modified":"2025-10-04T15:53:52","modified_gmt":"2025-10-04T14:53:52","slug":"exfoliante-sahara-nila","status":"publish","type":"product","link":"https:\/\/coopwarass.com\/es\/shop\/cara-y-cuerpo\/exfoliantes\/exfoliante-sahara-nila\/","title":{"rendered":"Exfoliante Sahara Nila"},"content":{"rendered":"<p>Revela una piel fresca y resplandeciente con el <strong>Exfoliante Sahara Nila<\/strong>, un exfoliante \u00fanico enriquecido con <strong>Nila<\/strong> (\u00edndigo sahariano), conocido por sus profundas propiedades desintoxicantes y calmantes. Este lujoso exfoliante elimina suavemente las c\u00e9lulas muertas de la piel, desobstruye los poros y ayuda a equilibrar tu piel, d\u00e1ndole un brillo sano y radiante. <\/p>\n<p>Su f\u00f3rmula rica y cremosa nutre y protege tu piel al tiempo que favorece su suavidad y claridad. <strong>Nila<\/strong> est\u00e1 repleta de antioxidantes y propiedades curativas, perfectas para rejuvenecer la piel apagada o cansada. Ideal para todo tipo de pieles, deja la piel suave, fresca y profundamente revitalizada. Util\u00edzalo <strong>2-3 veces a la semana<\/strong> para disfrutar de un cutis radiante y maravillosamente suave. \u00a1Deja que la magia del Sahara transforme tu piel! \ud83c\udf3f\u2728    <\/p>\n","protected":false},"excerpt":{"rendered":"<p>Experimenta el poder exfoliante del <strong>Exfoliante Nila del S\u00e1<\/strong>hara, infundido con <strong>Nila<\/strong> (\u00edndigo) del S\u00e1hara. Este exfoliante natural ayuda a eliminar las c\u00e9lulas muertas de la piel, desintoxicarla y refrescarla, dej\u00e1ndola suave y radiante. <\/p>\n","protected":false},"featured_media":5824,"template":"","meta":[],"product_brand":[],"product_cat":[224,225],"product_tag":[],"class_list":{"0":"post-5822","1":"product","2":"type-product","3":"status-publish","4":"has-post-thumbnail","6":"product_cat-cara-y-cuerpo","7":"product_cat-exfoliantes","9":"first","10":"instock","11":"shipping-taxable","12":"purchasable","13":"product-type-simple"},"jetpack_sharing_enabled":true,"_links":{"self":[{"href":"https:\/\/coopwarass.com\/es\/wp-json\/wp\/v2\/product\/5822","targetHints":{"allow":["GET"]}}],"collection":[{"href":"https:\/\/coopwarass.com\/es\/wp-json\/wp\/v2\/product"}],"about":[{"href":"https:\/\/coopwarass.com\/es\/wp-json\/wp\/v2\/types\/product"}],"version-history":[{"count":1,"href":"https:\/\/coopwarass.com\/es\/wp-json\/wp\/v2\/product\/5822\/revisions"}],"predecessor-version":[{"id":8223,"href":"https:\/\/coopwarass.com\/es\/wp-json\/wp\/v2\/product\/5822\/revisions\/8223"}],"wp:featuredmedia":[{"embeddable":true,"href":"https:\/\/coopwarass.com\/es\/wp-json\/wp\/v2\/media\/5824"}],"wp:attachment":[{"href":"https:\/\/coopwarass.com\/es\/wp-json\/wp\/v2\/media?parent=5822"}],"wp:term":[{"taxonomy":"product_brand","embeddable":true,"href":"https:\/\/coopwarass.com\/es\/wp-json\/wp\/v2\/product_brand?post=5822"},{"taxonomy":"product_cat","embeddable":true,"href":"https:\/\/coopwarass.com\/es\/wp-json\/wp\/v2\/product_cat?post=5822"},{"taxonomy":"product_tag","embeddable":true,"href":"https:\/\/coopwarass.com\/es\/wp-json\/wp\/v2\/product_tag?post=5822"}],"curies":[{"name":"wp","href":"https:\/\/api.w.org\/{rel}","templated":true}]}}