{"id":5816,"date":"2025-07-31T13:53:17","date_gmt":"2025-07-31T12:53:17","guid":{"rendered":"https:\/\/coopwarass.com\/shop\/sin%20categor\u00eda\/suero-renovador-de-higo-chumbo-30ml\/"},"modified":"2025-10-04T15:53:08","modified_gmt":"2025-10-04T14:53:08","slug":"suero-renovador-de-higo-chumbo-30ml","status":"publish","type":"product","link":"https:\/\/coopwarass.com\/es\/shop\/cuidado-facial\/sueros\/suero-renovador-de-higo-chumbo-30ml\/","title":{"rendered":"Suero Renovador de Higo Chumbo - 30ml"},"content":{"rendered":"<p>Suero Nutritivo de Higo Chumbo - Tratamiento regenerador de la piel<\/p>\n<p>Ingredientes clave y sus propiedades:<br \/>\n- Aceite de higo chumbo - Conocido por la vitamina E y los \u00e1cidos grasos<br \/>\n- Aceite de arg\u00e1n - Reconocido por sus propiedades nutritivas<br \/>\n- Col\u00e1geno marino - Puede ayudar a mantener la estructura de la piel<br \/>\n- \u00c1cido hialur\u00f3nico - Utilizado habitualmente para la hidrataci\u00f3n<br \/>\n- Complejo vegetal - Mezcla de productos bot\u00e1nicos renovadores<\/p>\n<p>Qu\u00e9 hace:<br \/>\n- Aporta hidrataci\u00f3n a la superficie de la piel<br \/>\n- Ayuda a mantener el equilibrio h\u00eddrico<br \/>\n- Deja la piel flexible<\/p>\n<p>C\u00f3mo utilizarlo:<\/p>\n<p>  Dispensa 2-3 gotas en las yemas de los dedos<\/p>\n<p>  Presiona suavemente sobre la cara\/cuello limpios<\/p>\n<p>  Sigue con la crema hidratante preferida<\/p>\n<p>Lo mejor para:<br \/>\n- Pieles secas o apagadas<br \/>\n- Quienes buscan una hidrataci\u00f3n vegetal<br \/>\n- Quienes desean perfeccionar su ritual de cuidado de la piel<\/p>\n<p>Una cuidada fusi\u00f3n de aceites bot\u00e1nicos e hidratantes.<\/p>\n","protected":false},"excerpt":{"rendered":"<p>S\u00e9rum Nutritivo de Higo Chumbo - 30ml<br \/>\nUn tratamiento facial rico en nutrientes que contiene:<br \/>\n- Aceite de higo chumbo (Vitamina E + \u00e1cidos grasos)<br \/>\n- Aceite de arg\u00e1n + col\u00e1geno marino<br \/>\n- Complejo de \u00e1cido hialur\u00f3nico<\/p>\n<p>Dise\u00f1ado para ayudar a hidratar y mantener la vitalidad natural de la piel.<\/p>\n","protected":false},"featured_media":7195,"template":"","meta":[],"product_brand":[],"product_cat":[232,249],"product_tag":[],"class_list":{"0":"post-5816","1":"product","2":"type-product","3":"status-publish","4":"has-post-thumbnail","6":"product_cat-cuidado-facial","7":"product_cat-sueros","9":"first","10":"instock","11":"shipping-taxable","12":"purchasable","13":"product-type-simple"},"jetpack_sharing_enabled":true,"_links":{"self":[{"href":"https:\/\/coopwarass.com\/es\/wp-json\/wp\/v2\/product\/5816","targetHints":{"allow":["GET"]}}],"collection":[{"href":"https:\/\/coopwarass.com\/es\/wp-json\/wp\/v2\/product"}],"about":[{"href":"https:\/\/coopwarass.com\/es\/wp-json\/wp\/v2\/types\/product"}],"version-history":[{"count":1,"href":"https:\/\/coopwarass.com\/es\/wp-json\/wp\/v2\/product\/5816\/revisions"}],"predecessor-version":[{"id":8186,"href":"https:\/\/coopwarass.com\/es\/wp-json\/wp\/v2\/product\/5816\/revisions\/8186"}],"wp:featuredmedia":[{"embeddable":true,"href":"https:\/\/coopwarass.com\/es\/wp-json\/wp\/v2\/media\/7195"}],"wp:attachment":[{"href":"https:\/\/coopwarass.com\/es\/wp-json\/wp\/v2\/media?parent=5816"}],"wp:term":[{"taxonomy":"product_brand","embeddable":true,"href":"https:\/\/coopwarass.com\/es\/wp-json\/wp\/v2\/product_brand?post=5816"},{"taxonomy":"product_cat","embeddable":true,"href":"https:\/\/coopwarass.com\/es\/wp-json\/wp\/v2\/product_cat?post=5816"},{"taxonomy":"product_tag","embeddable":true,"href":"https:\/\/coopwarass.com\/es\/wp-json\/wp\/v2\/product_tag?post=5816"}],"curies":[{"name":"wp","href":"https:\/\/api.w.org\/{rel}","templated":true}]}}