{"id":5809,"date":"2025-09-06T19:54:02","date_gmt":"2025-09-06T18:54:02","guid":{"rendered":"https:\/\/coopwarass.com\/shop\/sin%20categor\u00eda\/locion-hidratante-sensorial-con-sandalo-y-aceite-de-argan-50ml\/"},"modified":"2025-10-04T15:53:02","modified_gmt":"2025-10-04T14:53:02","slug":"locion-hidratante-sensorial-con-sandalo-y-aceite-de-argan-50ml","status":"publish","type":"product","link":"https:\/\/coopwarass.com\/es\/shop\/cuidado-corporal\/lociones-y-leches\/locion-hidratante-sensorial-con-sandalo-y-aceite-de-argan-50ml\/","title":{"rendered":"Loci\u00f3n Hidratante Sensorial con S\u00e1ndalo y Aceite de Arg\u00e1n - 50ml"},"content":{"rendered":"<h3>Una experiencia de hidrataci\u00f3n olfativa y sensorial<\/h3>\n<p>Sum\u00e9rgete en un ritual \u00fanico de cuidado de la piel con nuestra <strong>loci\u00f3n de s\u00e1ndalo y arg\u00e1n<\/strong>. Este cuidado corporal fusiona las propiedades nutritivas y reparadoras del <strong>aceite de arg\u00e1n<\/strong>, aut\u00e9ntico \u00aboro l\u00edquido\u00bb para la piel, con las notas c\u00e1lidas, envolventes y sensuales de la rara <strong>esencia de s\u00e1ndalo<\/strong>. <\/p>\n<p>Su textura no grasa se absorbe al instante para calmar, hidratar intensamente y restaurar la barrera lip\u00eddica de la piel. Deja una pel\u00edcula invisible que protege la piel durante todo el d\u00eda y proporciona una suavidad excepcional, todo ello impregnado de una lujosa fragancia amaderada que perdura sutilmente. <\/p>\n<h4>Los beneficios de este d\u00fao excepcional:<\/h4>\n<ul>\n<li>\ud83c\udf3f <strong>Hidrataci\u00f3n y nutrici\u00f3n intensas:<\/strong> El aceite de arg\u00e1n nutre la piel en profundidad y combate la sequedad.<\/li>\n<li>\u2728 S <strong>uavidad instant\u00e1nea:<\/strong> La piel se siente inmediatamente m\u00e1s suave, tersa y calmada.<\/li>\n<li><strong>\ud83c\udf32 Viaje Olfativo:<\/strong> El s\u00e1ndalo proporciona un aroma enraizado, c\u00e1lido y espiritual que relaja los sentidos.<\/li>\n<li><strong>\ud83d\udca7 Textura de r\u00e1pida absorci\u00f3n:<\/strong> Absorci\u00f3n inmediata sin sensaci\u00f3n grasa, perfecta para el uso diario.<\/li>\n<\/ul>\n<p><\/p>\n<p><strong>Modo de empleo:<\/strong> Aplicar diariamente por todo el cuerpo sobre la piel limpia y ligeramente h\u00fameda para optimizar la absorci\u00f3n de los principios activos. Masajear con movimientos circulares hasta su completa absorci\u00f3n. Ideal despu\u00e9s de la ducha o el ba\u00f1o.  <\/p>\n","protected":false},"excerpt":{"rendered":"<p>Enriquecida con aceite de arg\u00e1n y el cautivador aroma del s\u00e1ndalo, esta loci\u00f3n hidrata intensamente tu piel, dej\u00e1ndola suave al tacto con una fragancia sensual y amaderada.<\/p>\n","protected":false},"featured_media":5810,"template":"","meta":[],"product_brand":[],"product_cat":[228,257],"product_tag":[],"class_list":{"0":"post-5809","1":"product","2":"type-product","3":"status-publish","4":"has-post-thumbnail","6":"product_cat-cuidado-corporal","7":"product_cat-lociones-y-leches","9":"first","10":"instock","11":"shipping-taxable","12":"purchasable","13":"product-type-simple"},"jetpack_sharing_enabled":true,"_links":{"self":[{"href":"https:\/\/coopwarass.com\/es\/wp-json\/wp\/v2\/product\/5809","targetHints":{"allow":["GET"]}}],"collection":[{"href":"https:\/\/coopwarass.com\/es\/wp-json\/wp\/v2\/product"}],"about":[{"href":"https:\/\/coopwarass.com\/es\/wp-json\/wp\/v2\/types\/product"}],"version-history":[{"count":1,"href":"https:\/\/coopwarass.com\/es\/wp-json\/wp\/v2\/product\/5809\/revisions"}],"predecessor-version":[{"id":8181,"href":"https:\/\/coopwarass.com\/es\/wp-json\/wp\/v2\/product\/5809\/revisions\/8181"}],"wp:featuredmedia":[{"embeddable":true,"href":"https:\/\/coopwarass.com\/es\/wp-json\/wp\/v2\/media\/5810"}],"wp:attachment":[{"href":"https:\/\/coopwarass.com\/es\/wp-json\/wp\/v2\/media?parent=5809"}],"wp:term":[{"taxonomy":"product_brand","embeddable":true,"href":"https:\/\/coopwarass.com\/es\/wp-json\/wp\/v2\/product_brand?post=5809"},{"taxonomy":"product_cat","embeddable":true,"href":"https:\/\/coopwarass.com\/es\/wp-json\/wp\/v2\/product_cat?post=5809"},{"taxonomy":"product_tag","embeddable":true,"href":"https:\/\/coopwarass.com\/es\/wp-json\/wp\/v2\/product_tag?post=5809"}],"curies":[{"name":"wp","href":"https:\/\/api.w.org\/{rel}","templated":true}]}}