{"id":5789,"date":"2022-02-28T06:44:27","date_gmt":"2022-02-28T05:44:27","guid":{"rendered":"https:\/\/coopwarass.com\/shop\/sin%20categor\u00eda\/crema-hidratante-con-aceite-de-argan\/"},"modified":"2025-10-18T13:51:54","modified_gmt":"2025-10-18T12:51:54","slug":"crema-hidratante-con-aceite-de-argan","status":"publish","type":"product","link":"https:\/\/coopwarass.com\/es\/shop\/cuidado-facial\/cremas\/crema-hidratante-con-aceite-de-argan\/","title":{"rendered":"Crema Hidratante con Aceite de Arg\u00e1n"},"content":{"rendered":"\t\t<div data-elementor-type=\"wp-post\" data-elementor-id=\"5789\" class=\"elementor elementor-5789 elementor-616\">\n\t\t\t\t\t\t<section class=\"wd-negative-gap elementor-section elementor-top-section elementor-element elementor-element-4989e77 elementor-section-boxed elementor-section-height-default elementor-section-height-default\" data-id=\"4989e77\" data-element_type=\"section\" data-e-type=\"section\">\n\t\t\t\t\t\t<div class=\"elementor-container elementor-column-gap-no\">\n\t\t\t\t\t<div class=\"elementor-column elementor-col-100 elementor-top-column elementor-element elementor-element-3e58b18\" data-id=\"3e58b18\" data-element_type=\"column\" data-e-type=\"column\">\n\t\t\t<div class=\"elementor-widget-wrap elementor-element-populated\">\n\t\t\t\t\t\t<div class=\"elementor-element elementor-element-583cd45 color-scheme-inherit text-left elementor-widget elementor-widget-text-editor\" data-id=\"583cd45\" data-element_type=\"widget\" data-e-type=\"widget\" data-widget_type=\"text-editor.default\">\n\t\t\t\t<div class=\"elementor-widget-container\">\n\t\t\t\t\t\t\t\t\t<p><strong>Crema Hidratante con Aceite de Arg\u00e1n - Hidrataci\u00f3n Profunda y Luminosidad<\/strong><\/p><p>Mima tu piel con nuestra <strong>Crema Hidratante con Aceite de Arg\u00e1n<\/strong>, una lujosa mezcla dise\u00f1ada para proporcionar hidrataci\u00f3n y nutrici\u00f3n intensas. Infundida con las bondades naturales del aceite de Arg\u00e1n, esta crema hidrata en profundidad, calma y revitaliza tu piel, dej\u00e1ndola suave, tersa y radiante. <\/p><p><strong>Por qu\u00e9 te encantar\u00e1:<\/strong><\/p><ul><li><p><strong>Hidrataci\u00f3n intensa:<\/strong> El aceite de arg\u00e1n penetra en profundidad para fijar la hidrataci\u00f3n, evitando la sequedad y la descamaci\u00f3n.<\/p><\/li><li><p><strong>Calma y Repara:<\/strong> Calma la piel irritada, reduce las rojeces y ayuda a reparar la barrera natural de la piel.<\/p><\/li><li><p><strong>Restaura el resplandor:<\/strong> Rico en antioxidantes y \u00e1cidos grasos esenciales, revitaliza tu piel para un cutis sano y radiante.<\/p><\/li><li><p><strong>Ligera y de r\u00e1pida absorci\u00f3n:<\/strong> F\u00f3rmula no grasa que se absorbe r\u00e1pidamente, por lo que es perfecta para el uso diario.<\/p><\/li><li><p><strong>Adecuado para todo tipo de pieles:<\/strong> Suave y eficaz para pieles secas, sensibles, grasas o mixtas.<\/p><\/li><\/ul><p>Ideal para la cara, las manos y el cuerpo, esta crema es tu soluci\u00f3n para mantener la piel suave, flexible y resplandeciente durante todo el d\u00eda.<\/p><p><strong>Experimenta el poder del aceite de Arg\u00e1n: \u00a1a\u00f1ade hoy mismo nuestra Crema Hidratante a tu rutina de cuidado de la piel!<\/strong> \ud83c\udf3f<\/p>\t\t\t\t\t\t\t\t<\/div>\n\t\t\t\t<\/div>\n\t\t\t\t\t<\/div>\n\t\t<\/div>\n\t\t\t\t\t<\/div>\n\t\t<\/section>\n\t\t\t\t<\/div>\n\t\t","protected":false},"excerpt":{"rendered":"<p>Hidrata y nutre tu piel con nuestra <strong>Crema Hidratante con Aceite de Arg\u00e1n<\/strong>. Enriquecida con aceite de Arg\u00e1n natural, hidrata en profundidad, calma y devuelve a tu piel su brillo natural. <\/p>\n","protected":false},"featured_media":6497,"template":"","meta":[],"product_brand":[],"product_cat":[233,232],"product_tag":[],"class_list":{"0":"post-5789","1":"product","2":"type-product","3":"status-publish","4":"has-post-thumbnail","6":"product_cat-cremas","7":"product_cat-cuidado-facial","9":"first","10":"instock","11":"sale","12":"shipping-taxable","13":"purchasable","14":"product-type-simple"},"jetpack_sharing_enabled":true,"_links":{"self":[{"href":"https:\/\/coopwarass.com\/es\/wp-json\/wp\/v2\/product\/5789","targetHints":{"allow":["GET"]}}],"collection":[{"href":"https:\/\/coopwarass.com\/es\/wp-json\/wp\/v2\/product"}],"about":[{"href":"https:\/\/coopwarass.com\/es\/wp-json\/wp\/v2\/types\/product"}],"version-history":[{"count":1,"href":"https:\/\/coopwarass.com\/es\/wp-json\/wp\/v2\/product\/5789\/revisions"}],"predecessor-version":[{"id":5793,"href":"https:\/\/coopwarass.com\/es\/wp-json\/wp\/v2\/product\/5789\/revisions\/5793"}],"wp:featuredmedia":[{"embeddable":true,"href":"https:\/\/coopwarass.com\/es\/wp-json\/wp\/v2\/media\/6497"}],"wp:attachment":[{"href":"https:\/\/coopwarass.com\/es\/wp-json\/wp\/v2\/media?parent=5789"}],"wp:term":[{"taxonomy":"product_brand","embeddable":true,"href":"https:\/\/coopwarass.com\/es\/wp-json\/wp\/v2\/product_brand?post=5789"},{"taxonomy":"product_cat","embeddable":true,"href":"https:\/\/coopwarass.com\/es\/wp-json\/wp\/v2\/product_cat?post=5789"},{"taxonomy":"product_tag","embeddable":true,"href":"https:\/\/coopwarass.com\/es\/wp-json\/wp\/v2\/product_tag?post=5789"}],"curies":[{"name":"wp","href":"https:\/\/api.w.org\/{rel}","templated":true}]}}