{"id":5781,"date":"2022-02-28T08:49:14","date_gmt":"2022-02-28T07:49:14","guid":{"rendered":"https:\/\/coopwarass.com\/shop\/sin%20categor\u00eda\/crema-con-jazmin\/"},"modified":"2025-10-18T13:51:35","modified_gmt":"2025-10-18T12:51:35","slug":"crema-con-jazmin","status":"publish","type":"product","link":"https:\/\/coopwarass.com\/es\/shop\/cuidado-facial\/cremas\/crema-con-jazmin\/","title":{"rendered":"Crema con Jazm\u00edn"},"content":{"rendered":"\t\t<div data-elementor-type=\"wp-post\" data-elementor-id=\"5781\" class=\"elementor elementor-5781 elementor-634\">\n\t\t\t\t\t\t<section class=\"wd-negative-gap elementor-section elementor-top-section elementor-element elementor-element-c9cea30 elementor-section-boxed elementor-section-height-default elementor-section-height-default\" data-id=\"c9cea30\" data-element_type=\"section\" data-e-type=\"section\">\n\t\t\t\t\t\t<div class=\"elementor-container elementor-column-gap-no\">\n\t\t\t\t\t<div class=\"elementor-column elementor-col-100 elementor-top-column elementor-element elementor-element-2e6ac89\" data-id=\"2e6ac89\" data-element_type=\"column\" data-e-type=\"column\">\n\t\t\t<div class=\"elementor-widget-wrap elementor-element-populated\">\n\t\t\t\t\t\t<section class=\"wd-negative-gap elementor-section elementor-inner-section elementor-element elementor-element-348910b elementor-section-boxed elementor-section-height-default elementor-section-height-default\" data-id=\"348910b\" data-element_type=\"section\" data-e-type=\"section\">\n\t\t\t\t\t\t<div class=\"elementor-container elementor-column-gap-default\">\n\t\t\t\t\t<div class=\"elementor-column elementor-col-100 elementor-inner-column elementor-element elementor-element-7cad81f\" data-id=\"7cad81f\" data-element_type=\"column\" data-e-type=\"column\">\n\t\t\t<div class=\"elementor-widget-wrap elementor-element-populated\">\n\t\t\t\t\t\t<div class=\"elementor-element elementor-element-f96a072 color-scheme-inherit text-left elementor-widget elementor-widget-text-editor\" data-id=\"f96a072\" data-element_type=\"widget\" data-e-type=\"widget\" data-widget_type=\"text-editor.default\">\n\t\t\t\t<div class=\"elementor-widget-container\">\n\t\t\t\t\t\t\t\t\t<div class=\"woocommerce-product-details__short-description\"><div class=\"ds-markdown ds-markdown--block\"><p><strong>Crema Hidratante de Jazm\u00edn - Luminosidad y Suavidad Floral<\/strong><\/p><p>Sum\u00e9rgete en una experiencia sensorial \u00fanica con nuestra <strong>Crema Hidratante de Jazm\u00edn<\/strong>, un lujoso tratamiento que combina una hidrataci\u00f3n profunda y una fragancia encantadora. Dise\u00f1ada para nutrir y calmar tu piel, esta crema ligera y no grasa se absorbe r\u00e1pidamente, dejando tu cutis fresco, suave y resplandeciente. <\/p><p>Con una infusi\u00f3n de extracto natural de jazm\u00edn, esta crema proporciona una hidrataci\u00f3n intensa al tiempo que desprende un delicado y relajante aroma floral. Apta para todo tipo de pieles, refuerza la barrera cut\u00e1nea, previene la deshidrataci\u00f3n y deja tu piel incre\u00edblemente suave y revitalizada. <\/p><\/div><\/div>\t\t\t\t\t\t\t\t<\/div>\n\t\t\t\t<\/div>\n\t\t\t\t<div class=\"elementor-element elementor-element-44b8a5a elementor-widget-divider--view-line elementor-widget elementor-widget-divider\" data-id=\"44b8a5a\" data-element_type=\"widget\" data-e-type=\"widget\" data-widget_type=\"divider.default\">\n\t\t\t\t<div class=\"elementor-widget-container\">\n\t\t\t\t\t\t\t<div class=\"elementor-divider\">\n\t\t\t<span class=\"elementor-divider-separator\">\n\t\t\t\t\t\t<\/span>\n\t\t<\/div>\n\t\t\t\t\t\t<\/div>\n\t\t\t\t<\/div>\n\t\t\t\t<div class=\"elementor-element elementor-element-25246d7 color-scheme-inherit text-left elementor-widget elementor-widget-text-editor\" data-id=\"25246d7\" data-element_type=\"widget\" data-e-type=\"widget\" data-widget_type=\"text-editor.default\">\n\t\t\t\t<div class=\"elementor-widget-container\">\n\t\t\t\t\t\t\t\t\t<p><strong>\u00bfPor qu\u00e9 elegir esta crema?<\/strong><\/p><ul><li>Hidrataci\u00f3n 24 horas para una piel flexible y nutrida<\/li><li>Textura ligera de r\u00e1pida absorci\u00f3n, sin residuos grasos<\/li><li>Fragancia de jazm\u00edn calmante y refinada<\/li><li>Adecuado para todo tipo de pieles, incluso las m\u00e1s sensibles<\/li><li>Sin parabenos, sin sulfatos y dermatol\u00f3gicamente testado<\/li><\/ul><p>Ya sea para tu rutina matutina o para un momento de relajaci\u00f3n nocturno, esta crema de jazm\u00edn es tu aliada de belleza para una piel radiante y perfectamente hidratada.<\/p><p><strong>Reg\u00e1late un lujo diario: \u00a1haz tu pedido ahora y deja que el jazm\u00edn cuide de ti!<\/strong> <img decoding=\"async\" class=\"emoji\" role=\"img\" draggable=\"false\" src=\"https:\/\/s.w.org\/images\/core\/emoji\/15.0.3\/svg\/1f338.svg\" alt=\"\ud83c\udf38\"><\/p>\t\t\t\t\t\t\t\t<\/div>\n\t\t\t\t<\/div>\n\t\t\t\t\t<\/div>\n\t\t<\/div>\n\t\t\t\t\t<\/div>\n\t\t<\/section>\n\t\t\t\t\t<\/div>\n\t\t<\/div>\n\t\t\t\t\t<\/div>\n\t\t<\/section>\n\t\t\t\t<\/div>\n\t\t","protected":false},"excerpt":{"rendered":"<div class=\"ds-markdown ds-markdown--block\"><strong>Crema<\/strong> <strong>Hidratante<\/strong><strong>de Jazm\u00edn<\/strong><br \/>\nNutre tu piel con nuestra ligera <strong>Crema Hidratante de Jazm\u00edn<\/strong>, infundida con extracto natural de jazm\u00edn para una hidrataci\u00f3n profunda y un relajante aroma floral. Perfecta para todo tipo de pieles, deja tu cutis suave, terso y radiante. \ud83c\udf38<\/div>\n","protected":false},"featured_media":6495,"template":"","meta":[],"product_brand":[],"product_cat":[233,232],"product_tag":[],"class_list":{"0":"post-5781","1":"product","2":"type-product","3":"status-publish","4":"has-post-thumbnail","6":"product_cat-cremas","7":"product_cat-cuidado-facial","9":"first","10":"instock","11":"shipping-taxable","12":"purchasable","13":"product-type-simple"},"jetpack_sharing_enabled":true,"_links":{"self":[{"href":"https:\/\/coopwarass.com\/es\/wp-json\/wp\/v2\/product\/5781","targetHints":{"allow":["GET"]}}],"collection":[{"href":"https:\/\/coopwarass.com\/es\/wp-json\/wp\/v2\/product"}],"about":[{"href":"https:\/\/coopwarass.com\/es\/wp-json\/wp\/v2\/types\/product"}],"version-history":[{"count":1,"href":"https:\/\/coopwarass.com\/es\/wp-json\/wp\/v2\/product\/5781\/revisions"}],"predecessor-version":[{"id":5783,"href":"https:\/\/coopwarass.com\/es\/wp-json\/wp\/v2\/product\/5781\/revisions\/5783"}],"wp:featuredmedia":[{"embeddable":true,"href":"https:\/\/coopwarass.com\/es\/wp-json\/wp\/v2\/media\/6495"}],"wp:attachment":[{"href":"https:\/\/coopwarass.com\/es\/wp-json\/wp\/v2\/media?parent=5781"}],"wp:term":[{"taxonomy":"product_brand","embeddable":true,"href":"https:\/\/coopwarass.com\/es\/wp-json\/wp\/v2\/product_brand?post=5781"},{"taxonomy":"product_cat","embeddable":true,"href":"https:\/\/coopwarass.com\/es\/wp-json\/wp\/v2\/product_cat?post=5781"},{"taxonomy":"product_tag","embeddable":true,"href":"https:\/\/coopwarass.com\/es\/wp-json\/wp\/v2\/product_tag?post=5781"}],"curies":[{"name":"wp","href":"https:\/\/api.w.org\/{rel}","templated":true}]}}