{"id":5776,"date":"2022-02-23T15:18:26","date_gmt":"2022-02-23T14:18:26","guid":{"rendered":"https:\/\/coopwarass.com\/shop\/sin%20categor\u00eda\/aceite-de-argan-para-el-crecimiento-de-la-barba-y-el-cabello\/"},"modified":"2025-10-18T14:17:13","modified_gmt":"2025-10-18T13:17:13","slug":"aceite-de-argan-para-el-crecimiento-de-la-barba-y-el-cabello","status":"publish","type":"product","link":"https:\/\/coopwarass.com\/es\/shop\/limpieza-masculina\/cuidado-de-la-barba\/aceite-de-argan-para-el-crecimiento-de-la-barba-y-el-cabello\/","title":{"rendered":"Aceite de Arg\u00e1n para el Crecimiento de la Barba y el Cabello"},"content":{"rendered":"\t\t<div data-elementor-type=\"wp-post\" data-elementor-id=\"5776\" class=\"elementor elementor-5776 elementor-374\">\n\t\t\t\t\t\t<section class=\"wd-negative-gap elementor-section elementor-top-section elementor-element elementor-element-6342968 elementor-section-boxed elementor-section-height-default elementor-section-height-default\" data-id=\"6342968\" data-element_type=\"section\" data-e-type=\"section\">\n\t\t\t\t\t\t<div class=\"elementor-container elementor-column-gap-no\">\n\t\t\t\t\t<div class=\"elementor-column elementor-col-100 elementor-top-column elementor-element elementor-element-907db05\" data-id=\"907db05\" data-element_type=\"column\" data-e-type=\"column\">\n\t\t\t<div class=\"elementor-widget-wrap elementor-element-populated\">\n\t\t\t\t\t\t<div class=\"elementor-element elementor-element-28063bb color-scheme-inherit text-left elementor-widget elementor-widget-text-editor\" data-id=\"28063bb\" data-element_type=\"widget\" data-e-type=\"widget\" data-widget_type=\"text-editor.default\">\n\t\t\t\t<div class=\"elementor-widget-container\">\n\t\t\t\t\t\t\t\t\t<p class=\"ds-markdown-paragraph\"><strong>Aceite de arg\u00e1n para el crecimiento de la barba y el cabello - Cabello m\u00e1s grueso y sano de forma natural<\/strong><\/p><p class=\"ds-markdown-paragraph\">Dise\u00f1ado para hombres exigentes, nuestro <strong>Aceite de Arg\u00e1n para el Crecimiento<\/strong> combina 6 potentes activos naturales para un cuidado completo del cabello y la barba:<\/p><p class=\"ds-markdown-paragraph\"><strong>Ingredientes clave:<\/strong><\/p><ul><li><p class=\"ds-markdown-paragraph\"><strong>Aceite de Arg\u00e1n<\/strong>: Repara e hidrata las fibras capilares<\/p><\/li><li><p class=\"ds-markdown-paragraph\"><strong>Aceite de coco<\/strong>: Previene la rotura y las puntas abiertas<\/p><\/li><li><p class=\"ds-markdown-paragraph\"><strong>Aceite de Cannabis<\/strong>: Estimula la circulaci\u00f3n del cuero cabelludo<\/p><\/li><li><p class=\"ds-markdown-paragraph\"><strong>Lavanda<\/strong>: Calma la irritaci\u00f3n y equilibra la grasa<\/p><\/li><li><p class=\"ds-markdown-paragraph\"><strong>Artemisa<\/strong>: Estimula los fol\u00edculos pilosos<\/p><\/li><li><p class=\"ds-markdown-paragraph\"><strong>\u00c1rbol del t\u00e9<\/strong>: Rico en antioxidantes para un crecimiento sano<\/p><\/li><\/ul><p class=\"ds-markdown-paragraph\"><strong>Resultados visibles:<\/strong><br>\u2714 Barba m\u00e1s espesa y poblada en 4-8 semanas<br>\u2714 Vello m\u00e1s fuerte desde el primer uso<br>\u2714 Se acabaron los picores y la caspa<br>\u2714 Sutil aroma amaderado-herbal<\/p><p class=\"ds-markdown-paragraph\"><strong>Modo de empleo:<\/strong><br>Aplica de 3 a 5 gotas por la noche en la barba y el cuero cabelludo. Masajea durante 2 minutos para activar el crecimiento. <\/p><p class=\"ds-markdown-paragraph\"><strong>El secreto del peluquero para un crecimiento m\u00e1s abundante - \u00a1Pru\u00e9balo hoy!<\/strong>  \u2702\ufe0f<\/p>\t\t\t\t\t\t\t\t<\/div>\n\t\t\t\t<\/div>\n\t\t\t\t\t<\/div>\n\t\t<\/div>\n\t\t\t\t\t<\/div>\n\t\t<\/section>\n\t\t\t\t<\/div>\n\t\t","protected":false},"excerpt":{"rendered":"<p><strong>Fortalece y nutre tu barba y tu pelo con nuestro Aceite de Crecimiento<\/strong>. Con una infusi\u00f3n de aceite de arg\u00e1n, coco, aceite de cannabis, aceites esenciales de lavanda, artemisa y \u00e1rbol del t\u00e9, esta f\u00f3rmula natural estimula el crecimiento a la vez que hidrata en profundidad. \ud83c\udf3f\u2702\ufe0f  <\/p>\n","protected":false},"featured_media":6478,"template":"","meta":[],"product_brand":[],"product_cat":[253,252],"product_tag":[],"class_list":{"0":"post-5776","1":"product","2":"type-product","3":"status-publish","4":"has-post-thumbnail","6":"product_cat-cuidado-de-la-barba","7":"product_cat-limpieza-masculina","9":"first","10":"instock","11":"shipping-taxable","12":"purchasable","13":"product-type-simple"},"jetpack_sharing_enabled":true,"_links":{"self":[{"href":"https:\/\/coopwarass.com\/es\/wp-json\/wp\/v2\/product\/5776","targetHints":{"allow":["GET"]}}],"collection":[{"href":"https:\/\/coopwarass.com\/es\/wp-json\/wp\/v2\/product"}],"about":[{"href":"https:\/\/coopwarass.com\/es\/wp-json\/wp\/v2\/types\/product"}],"version-history":[{"count":1,"href":"https:\/\/coopwarass.com\/es\/wp-json\/wp\/v2\/product\/5776\/revisions"}],"predecessor-version":[{"id":5780,"href":"https:\/\/coopwarass.com\/es\/wp-json\/wp\/v2\/product\/5776\/revisions\/5780"}],"wp:featuredmedia":[{"embeddable":true,"href":"https:\/\/coopwarass.com\/es\/wp-json\/wp\/v2\/media\/6478"}],"wp:attachment":[{"href":"https:\/\/coopwarass.com\/es\/wp-json\/wp\/v2\/media?parent=5776"}],"wp:term":[{"taxonomy":"product_brand","embeddable":true,"href":"https:\/\/coopwarass.com\/es\/wp-json\/wp\/v2\/product_brand?post=5776"},{"taxonomy":"product_cat","embeddable":true,"href":"https:\/\/coopwarass.com\/es\/wp-json\/wp\/v2\/product_cat?post=5776"},{"taxonomy":"product_tag","embeddable":true,"href":"https:\/\/coopwarass.com\/es\/wp-json\/wp\/v2\/product_tag?post=5776"}],"curies":[{"name":"wp","href":"https:\/\/api.w.org\/{rel}","templated":true}]}}