{"id":5763,"date":"2022-02-28T09:29:17","date_gmt":"2022-02-28T08:29:17","guid":{"rendered":"https:\/\/coopwarass.com\/shop\/sin%20categor\u00eda\/suero-antiojeras\/"},"modified":"2025-10-18T13:58:11","modified_gmt":"2025-10-18T12:58:11","slug":"suero-antiojeras","status":"publish","type":"product","link":"https:\/\/coopwarass.com\/es\/shop\/cuidado-facial\/sueros\/suero-antiojeras\/","title":{"rendered":"Suero antiojeras"},"content":{"rendered":"\t\t<div data-elementor-type=\"wp-post\" data-elementor-id=\"5763\" class=\"elementor elementor-5763 elementor-659\">\n\t\t\t\t<div class=\"wd-negative-gap elementor-element elementor-element-247e149 e-flex e-con-boxed e-con e-parent\" data-id=\"247e149\" data-element_type=\"container\" data-e-type=\"container\">\n\t\t\t\t\t<div class=\"e-con-inner\">\n\t\t\t\t\t<\/div>\n\t\t\t\t<\/div>\n\t\t\t\t<\/div>\n\t\t","protected":false},"excerpt":{"rendered":"<p>Ilumina y rejuvenece la zona de debajo de los ojos con nuestro <strong>Suero Antiojeras<\/strong>. Formulado con potentes ingredientes, reduce la hinchaz\u00f3n, las ojeras y las l\u00edneas de expresi\u00f3n para un aspecto fresco y juvenil. <\/p>\n","protected":false},"featured_media":6471,"template":"","meta":[],"product_brand":[],"product_cat":[232,249],"product_tag":[],"class_list":{"0":"post-5763","1":"product","2":"type-product","3":"status-publish","4":"has-post-thumbnail","6":"product_cat-cuidado-facial","7":"product_cat-sueros","9":"first","10":"instock","11":"shipping-taxable","12":"purchasable","13":"product-type-simple"},"jetpack_sharing_enabled":true,"_links":{"self":[{"href":"https:\/\/coopwarass.com\/es\/wp-json\/wp\/v2\/product\/5763","targetHints":{"allow":["GET"]}}],"collection":[{"href":"https:\/\/coopwarass.com\/es\/wp-json\/wp\/v2\/product"}],"about":[{"href":"https:\/\/coopwarass.com\/es\/wp-json\/wp\/v2\/types\/product"}],"version-history":[{"count":1,"href":"https:\/\/coopwarass.com\/es\/wp-json\/wp\/v2\/product\/5763\/revisions"}],"predecessor-version":[{"id":5768,"href":"https:\/\/coopwarass.com\/es\/wp-json\/wp\/v2\/product\/5763\/revisions\/5768"}],"wp:featuredmedia":[{"embeddable":true,"href":"https:\/\/coopwarass.com\/es\/wp-json\/wp\/v2\/media\/6471"}],"wp:attachment":[{"href":"https:\/\/coopwarass.com\/es\/wp-json\/wp\/v2\/media?parent=5763"}],"wp:term":[{"taxonomy":"product_brand","embeddable":true,"href":"https:\/\/coopwarass.com\/es\/wp-json\/wp\/v2\/product_brand?post=5763"},{"taxonomy":"product_cat","embeddable":true,"href":"https:\/\/coopwarass.com\/es\/wp-json\/wp\/v2\/product_cat?post=5763"},{"taxonomy":"product_tag","embeddable":true,"href":"https:\/\/coopwarass.com\/es\/wp-json\/wp\/v2\/product_tag?post=5763"}],"curies":[{"name":"wp","href":"https:\/\/api.w.org\/{rel}","templated":true}]}}