{"id":5745,"date":"2022-02-28T09:29:09","date_gmt":"2022-02-28T08:29:09","guid":{"rendered":"https:\/\/coopwarass.com\/shop\/sin%20categor\u00eda\/aceite-de-aguacate\/"},"modified":"2025-10-18T13:39:00","modified_gmt":"2025-10-18T12:39:00","slug":"aceite-de-aguacate","status":"publish","type":"product","link":"https:\/\/coopwarass.com\/es\/shop\/cuidado-corporal\/aceites\/aceite-de-aguacate\/","title":{"rendered":"Aceite de aguacate"},"content":{"rendered":"\t\t<div data-elementor-type=\"wp-post\" data-elementor-id=\"5745\" class=\"elementor elementor-5745 elementor-665\">\n\t\t\t\t\t\t<section class=\"wd-negative-gap elementor-section elementor-top-section elementor-element elementor-element-200b8d6a elementor-section-boxed elementor-section-height-default elementor-section-height-default\" data-id=\"200b8d6a\" data-element_type=\"section\" data-e-type=\"section\">\n\t\t\t\t\t\t<div class=\"elementor-container elementor-column-gap-default\">\n\t\t\t\t\t<div class=\"elementor-column elementor-col-100 elementor-top-column elementor-element elementor-element-6e334209\" data-id=\"6e334209\" data-element_type=\"column\" data-e-type=\"column\">\n\t\t\t<div class=\"elementor-widget-wrap elementor-element-populated\">\n\t\t\t\t\t\t<div class=\"elementor-element elementor-element-5f1c6a05 color-scheme-inherit text-left elementor-widget elementor-widget-text-editor\" data-id=\"5f1c6a05\" data-element_type=\"widget\" data-e-type=\"widget\" data-widget_type=\"text-editor.default\">\n\t\t\t\t<div class=\"elementor-widget-container\">\n\t\t\t\t\t\t\t\t\t<p><strong>Aceite de aguacate - Elixir rico en nutrientes de la naturaleza<\/strong><\/p><p>Experimenta los beneficios nutritivos de nuestro <strong>Aceite de Aguacate<\/strong>, un aceite vers\u00e1til y rico en nutrientes, perfecto para tu piel, cabello y u\u00f1as. Extra\u00eddo de los mejores aguacates, este aceite es rico en vitaminas A, D, E y \u00e1cidos grasos esenciales, lo que lo convierte en una fuente de hidrataci\u00f3n, reparaci\u00f3n y protecci\u00f3n. <\/p><p><strong>Por qu\u00e9 te encantar\u00e1:<\/strong><\/p><ul><li><p><strong>Hidrataci\u00f3n profunda:<\/strong> Penetra profundamente para hidratar y suavizar la piel seca, dej\u00e1ndola flexible y suave.<\/p><\/li><li><p><strong>Reparaci\u00f3n de la piel:<\/strong> Ayuda a reparar la piel da\u00f1ada, reduce el aspecto de las cicatrices y calma la irritaci\u00f3n.<\/p><\/li><li><p><strong>Revitalizaci\u00f3n del cabello:<\/strong> Fortalece y nutre el cabello, reduciendo la rotura y aportando brillo.<\/p><\/li><li><p><strong>Beneficios antienvejecimiento:<\/strong> Rico en antioxidantes, ayuda a combatir los signos del envejecimiento como las l\u00edneas finas y las arrugas.<\/p><\/li><li><p><strong>Uso vers\u00e1til:<\/strong> Perfecto para la cara, el cuerpo, el pelo y las u\u00f1as, o como aceite portador para aceites esenciales.<\/p><\/li><\/ul><p>Si buscas hidratar tu piel, reavivar tu cabello o simplemente disfrutar de un tratamiento natural y lujoso, nuestro Aceite de Aguacate es tu soluci\u00f3n.<\/p><p><strong>Aprovecha el poder de la naturaleza: \u00a1a\u00f1ade hoy mismo el aceite de aguacate a tu rutina de belleza!<\/strong>  \ud83e\udd51\u2728<\/p>\t\t\t\t\t\t\t\t<\/div>\n\t\t\t\t<\/div>\n\t\t\t\t\t<\/div>\n\t\t<\/div>\n\t\t\t\t\t<\/div>\n\t\t<\/section>\n\t\t\t\t<section class=\"wd-negative-gap elementor-section elementor-top-section elementor-element elementor-element-cce84fc elementor-section-boxed elementor-section-height-default elementor-section-height-default\" data-id=\"cce84fc\" data-element_type=\"section\" data-e-type=\"section\">\n\t\t\t\t\t\t<div class=\"elementor-container elementor-column-gap-no\">\n\t\t\t\t\t<div class=\"elementor-column elementor-col-100 elementor-top-column elementor-element elementor-element-331d1c8\" data-id=\"331d1c8\" data-element_type=\"column\" data-e-type=\"column\">\n\t\t\t<div class=\"elementor-widget-wrap\">\n\t\t\t\t\t\t\t<\/div>\n\t\t<\/div>\n\t\t\t\t\t<\/div>\n\t\t<\/section>\n\t\t\t\t<\/div>\n\t\t","protected":false},"excerpt":{"rendered":"<p>Nutre y revitaliza tu piel y cabello con nuestro <strong>Aceite de Aguacate<\/strong> puro. Repleto de vitaminas y \u00e1cidos grasos esenciales, hidrata, repara y protege en profundidad para un aspecto sano y resplandeciente.\ud83e\udd51\u2728<\/p>\n","protected":false},"featured_media":6500,"template":"","meta":[],"product_brand":[],"product_cat":[229,228],"product_tag":[],"class_list":{"0":"post-5745","1":"product","2":"type-product","3":"status-publish","4":"has-post-thumbnail","6":"product_cat-aceites","7":"product_cat-cuidado-corporal","9":"first","10":"instock","11":"sale","12":"featured","13":"shipping-taxable","14":"purchasable","15":"product-type-simple"},"jetpack_sharing_enabled":true,"_links":{"self":[{"href":"https:\/\/coopwarass.com\/es\/wp-json\/wp\/v2\/product\/5745","targetHints":{"allow":["GET"]}}],"collection":[{"href":"https:\/\/coopwarass.com\/es\/wp-json\/wp\/v2\/product"}],"about":[{"href":"https:\/\/coopwarass.com\/es\/wp-json\/wp\/v2\/types\/product"}],"version-history":[{"count":1,"href":"https:\/\/coopwarass.com\/es\/wp-json\/wp\/v2\/product\/5745\/revisions"}],"predecessor-version":[{"id":5749,"href":"https:\/\/coopwarass.com\/es\/wp-json\/wp\/v2\/product\/5745\/revisions\/5749"}],"wp:featuredmedia":[{"embeddable":true,"href":"https:\/\/coopwarass.com\/es\/wp-json\/wp\/v2\/media\/6500"}],"wp:attachment":[{"href":"https:\/\/coopwarass.com\/es\/wp-json\/wp\/v2\/media?parent=5745"}],"wp:term":[{"taxonomy":"product_brand","embeddable":true,"href":"https:\/\/coopwarass.com\/es\/wp-json\/wp\/v2\/product_brand?post=5745"},{"taxonomy":"product_cat","embeddable":true,"href":"https:\/\/coopwarass.com\/es\/wp-json\/wp\/v2\/product_cat?post=5745"},{"taxonomy":"product_tag","embeddable":true,"href":"https:\/\/coopwarass.com\/es\/wp-json\/wp\/v2\/product_tag?post=5745"}],"curies":[{"name":"wp","href":"https:\/\/api.w.org\/{rel}","templated":true}]}}