{"id":5703,"date":"2022-02-28T09:29:13","date_gmt":"2022-02-28T08:29:13","guid":{"rendered":"https:\/\/coopwarass.com\/shop\/sin%20categor\u00eda\/exfoliante-de-argan\/"},"modified":"2025-10-18T13:46:21","modified_gmt":"2025-10-18T12:46:21","slug":"exfoliante-de-argan","status":"publish","type":"product","link":"https:\/\/coopwarass.com\/es\/shop\/cara-y-cuerpo\/exfoliantes\/exfoliante-de-argan\/","title":{"rendered":"Exfoliante de arg\u00e1n"},"content":{"rendered":"\t\t<div data-elementor-type=\"wp-post\" data-elementor-id=\"5703\" class=\"elementor elementor-5703 elementor-662\">\n\t\t\t\t<div class=\"wd-negative-gap elementor-element elementor-element-710bc8d e-flex e-con-boxed e-con e-parent\" data-id=\"710bc8d\" data-element_type=\"container\" data-e-type=\"container\">\n\t\t\t\t\t<div class=\"e-con-inner\">\n\t\t\t\t\t<\/div>\n\t\t\t\t<\/div>\n\t\t\t\t<\/div>\n\t\t","protected":false},"excerpt":{"rendered":"<p>Exfolia y rejuvenece tu piel con nuestro <strong>exfoliante de arg\u00e1n<\/strong>. Enriquecido con aceite de arg\u00e1n y exfoliantes naturales, elimina suavemente las c\u00e9lulas muertas de la piel, dej\u00e1ndola suave, tersa y radiante. <\/p>\n","protected":false},"featured_media":5704,"template":"","meta":[],"product_brand":[],"product_cat":[224,225],"product_tag":[],"class_list":{"0":"post-5703","1":"product","2":"type-product","3":"status-publish","4":"has-post-thumbnail","6":"product_cat-cara-y-cuerpo","7":"product_cat-exfoliantes","9":"first","10":"instock","11":"shipping-taxable","12":"purchasable","13":"product-type-simple"},"jetpack_sharing_enabled":true,"_links":{"self":[{"href":"https:\/\/coopwarass.com\/es\/wp-json\/wp\/v2\/product\/5703","targetHints":{"allow":["GET"]}}],"collection":[{"href":"https:\/\/coopwarass.com\/es\/wp-json\/wp\/v2\/product"}],"about":[{"href":"https:\/\/coopwarass.com\/es\/wp-json\/wp\/v2\/types\/product"}],"version-history":[{"count":1,"href":"https:\/\/coopwarass.com\/es\/wp-json\/wp\/v2\/product\/5703\/revisions"}],"predecessor-version":[{"id":5705,"href":"https:\/\/coopwarass.com\/es\/wp-json\/wp\/v2\/product\/5703\/revisions\/5705"}],"wp:featuredmedia":[{"embeddable":true,"href":"https:\/\/coopwarass.com\/es\/wp-json\/wp\/v2\/media\/5704"}],"wp:attachment":[{"href":"https:\/\/coopwarass.com\/es\/wp-json\/wp\/v2\/media?parent=5703"}],"wp:term":[{"taxonomy":"product_brand","embeddable":true,"href":"https:\/\/coopwarass.com\/es\/wp-json\/wp\/v2\/product_brand?post=5703"},{"taxonomy":"product_cat","embeddable":true,"href":"https:\/\/coopwarass.com\/es\/wp-json\/wp\/v2\/product_cat?post=5703"},{"taxonomy":"product_tag","embeddable":true,"href":"https:\/\/coopwarass.com\/es\/wp-json\/wp\/v2\/product_tag?post=5703"}],"curies":[{"name":"wp","href":"https:\/\/api.w.org\/{rel}","templated":true}]}}