{"id":5586,"date":"2022-02-23T12:35:27","date_gmt":"2022-02-23T11:35:27","guid":{"rendered":"https:\/\/coopwarass.com\/shop\/sin%20categor\u00eda\/crema-de-noche-con-aceite-de-argan\/"},"modified":"2025-10-18T13:52:07","modified_gmt":"2025-10-18T12:52:07","slug":"crema-de-noche-con-aceite-de-argan","status":"publish","type":"product","link":"https:\/\/coopwarass.com\/es\/shop\/cuidado-facial\/cremas\/crema-de-noche-con-aceite-de-argan\/","title":{"rendered":"Crema de noche con aceite de arg\u00e1n"},"content":{"rendered":"\t\t<div data-elementor-type=\"wp-post\" data-elementor-id=\"5586\" class=\"elementor elementor-5586 elementor-359\">\n\t\t\t\t<div class=\"wd-negative-gap elementor-element elementor-element-6cf11dd6 e-flex e-con-boxed e-con e-parent\" data-id=\"6cf11dd6\" data-element_type=\"container\" data-e-type=\"container\">\n\t\t\t\t\t<div class=\"e-con-inner\">\n\t\t\t\t<div class=\"elementor-element elementor-element-63879f63 color-scheme-inherit text-left elementor-widget elementor-widget-text-editor\" data-id=\"63879f63\" data-element_type=\"widget\" data-e-type=\"widget\" data-widget_type=\"text-editor.default\">\n\t\t\t\t<div class=\"elementor-widget-container\">\n\t\t\t\t\t\t\t\t\t<p><strong>Crema de noche con aceite de arg\u00e1n: renovaci\u00f3n y luminosidad durante la noche<\/strong><\/p><p>Dale a tu piel el mejor tratamiento nocturno con nuestra <strong>Crema de Noche con Aceite de Arg\u00e1n<\/strong>. Esta lujosa crema est\u00e1 especialmente formulada para actuar mientras duermes, combinando las propiedades profundamente nutritivas del aceite de arg\u00e1n con poderosos antioxidantes para reparar, hidratar y rejuvenecer tu piel. <\/p><p><strong>Por qu\u00e9 te encantar\u00e1:<\/strong><\/p><ul><li><p><strong>Hidrataci\u00f3n Profunda:<\/strong> El aceite de arg\u00e1n penetra profundamente para hidratar y suavizar tu piel, dej\u00e1ndola flexible y tersa por la ma\u00f1ana.<\/p><\/li><li><p><strong>Reparaci\u00f3n y Renovaci\u00f3n:<\/strong> Los antioxidantes ayudan a reparar los da\u00f1os causados por los factores estresantes ambientales, reduciendo la aparici\u00f3n de l\u00edneas finas y arrugas.<\/p><\/li><li><p><strong>Restaura la Luminosidad:<\/strong> Despierta con un cutis m\u00e1s brillante y uniforme, ya que esta crema trabaja para restaurar el brillo natural de tu piel.<\/p><\/li><li><p><strong>Ligera y No Grasa:<\/strong> Se absorbe r\u00e1pidamente sin obstruir los poros, por lo que es adecuada para todo tipo de pieles, incluso las sensibles.<\/p><\/li><li><p><strong>Ingredientes Naturales:<\/strong> Libre de parabenos, sulfatos y fragancias sint\u00e9ticas, lo que garantiza una experiencia de cuidado de la piel suave y eficaz.<\/p><\/li><\/ul><p>Perfecta para tu rutina nocturna, esta crema ayuda a tu piel a recuperarse del estr\u00e9s diario, dej\u00e1ndola fresca, revitalizada y lista para afrontar el d\u00eda.<\/p><p><strong>Despierta con una piel hermosa y radiante: \u00a1Prueba nuestra Crema de Noche con Aceite de Arg\u00e1n esta noche!<\/strong> \ud83c\udf19<\/p>\t\t\t\t\t\t\t\t<\/div>\n\t\t\t\t<\/div>\n\t\t\t\t\t<\/div>\n\t\t\t\t<\/div>\n\t\t\t\t<\/div>\n\t\t","protected":false},"excerpt":{"rendered":"<p>Revitaliza tu piel durante la noche con nuestra <strong>Crema de Noche con Aceite de Arg\u00e1n<\/strong>. Enriquecida con aceite de arg\u00e1n nutritivo y antioxidantes, hidrata profundamente, repara y restaura el brillo natural de tu piel mientras duermes.\ud83c\udf19 <\/p>\n","protected":false},"featured_media":6494,"template":"","meta":[],"product_brand":[],"product_cat":[233,232],"product_tag":[],"class_list":{"0":"post-5586","1":"product","2":"type-product","3":"status-publish","4":"has-post-thumbnail","6":"product_cat-cremas","7":"product_cat-cuidado-facial","9":"first","10":"instock","11":"sale","12":"shipping-taxable","13":"purchasable","14":"product-type-simple"},"jetpack_sharing_enabled":true,"_links":{"self":[{"href":"https:\/\/coopwarass.com\/es\/wp-json\/wp\/v2\/product\/5586","targetHints":{"allow":["GET"]}}],"collection":[{"href":"https:\/\/coopwarass.com\/es\/wp-json\/wp\/v2\/product"}],"about":[{"href":"https:\/\/coopwarass.com\/es\/wp-json\/wp\/v2\/types\/product"}],"version-history":[{"count":1,"href":"https:\/\/coopwarass.com\/es\/wp-json\/wp\/v2\/product\/5586\/revisions"}],"predecessor-version":[{"id":5588,"href":"https:\/\/coopwarass.com\/es\/wp-json\/wp\/v2\/product\/5586\/revisions\/5588"}],"wp:featuredmedia":[{"embeddable":true,"href":"https:\/\/coopwarass.com\/es\/wp-json\/wp\/v2\/media\/6494"}],"wp:attachment":[{"href":"https:\/\/coopwarass.com\/es\/wp-json\/wp\/v2\/media?parent=5586"}],"wp:term":[{"taxonomy":"product_brand","embeddable":true,"href":"https:\/\/coopwarass.com\/es\/wp-json\/wp\/v2\/product_brand?post=5586"},{"taxonomy":"product_cat","embeddable":true,"href":"https:\/\/coopwarass.com\/es\/wp-json\/wp\/v2\/product_cat?post=5586"},{"taxonomy":"product_tag","embeddable":true,"href":"https:\/\/coopwarass.com\/es\/wp-json\/wp\/v2\/product_tag?post=5586"}],"curies":[{"name":"wp","href":"https:\/\/api.w.org\/{rel}","templated":true}]}}