{"id":5689,"date":"2024-03-01T12:52:12","date_gmt":"2024-03-01T11:52:12","guid":{"rendered":"https:\/\/coopwarass.com\/sobre-nosotros\/"},"modified":"2025-09-25T10:37:39","modified_gmt":"2025-09-25T09:37:39","slug":"sobre-nosotros","status":"publish","type":"page","link":"https:\/\/coopwarass.com\/es\/sobre-nosotros\/","title":{"rendered":"Sobre nosotros"},"content":{"rendered":"\t\t<div data-elementor-type=\"wp-page\" data-elementor-id=\"5689\" class=\"elementor elementor-5689 elementor-15\">\n\t\t\t\t<div class=\"wd-negative-gap elementor-element elementor-element-5123e6c e-flex e-con-boxed e-con e-parent\" data-id=\"5123e6c\" data-element_type=\"container\" data-e-type=\"container\">\n\t\t\t\t\t<div class=\"e-con-inner\">\n\t\t<div class=\"elementor-element elementor-element-d96a18c e-con-full e-flex e-con e-child\" data-id=\"d96a18c\" data-element_type=\"container\" data-e-type=\"container\">\n\t\t\t\t<div class=\"elementor-element elementor-element-ddcb4ad wd-width-100 elementor-widget elementor-widget-wd_video\" data-id=\"ddcb4ad\" data-element_type=\"widget\" data-e-type=\"widget\" data-widget_type=\"wd_video.default\">\n\t\t\t\t<div class=\"elementor-widget-container\">\n\t\t\t\t\t\n\t\t<div class=\"wd-el-video wd-action-without wd-video-hosted\">\n\t\t\t\t\t\t\t<video src=\"https:\/\/coopwarass.com\/wp-content\/uploads\/2025\/09\/about-argan-oil-1.mp4\" playsinline loop muted autoplay><\/video>\t\t\t\n\t\t\t\n\t\t\t\n\t\t\t\t\t<\/div>\n\t\t\t\t\t\t<\/div>\n\t\t\t\t<\/div>\n\t\t\t\t<\/div>\n\t\t<div class=\"elementor-element elementor-element-cca9ce8 e-con-full e-flex e-con e-child\" data-id=\"cca9ce8\" data-element_type=\"container\" data-e-type=\"container\">\n\t\t\t\t<div class=\"elementor-element elementor-element-df0c631 wd-width-100 elementor-widget elementor-widget-wd_title\" data-id=\"df0c631\" data-element_type=\"widget\" data-e-type=\"widget\" data-widget_type=\"wd_title.default\">\n\t\t\t\t<div class=\"elementor-widget-container\">\n\t\t\t\t\t\t\t<div class=\"title-wrapper wd-set-mb reset-last-child wd-title-color-default wd-title-style-default wd-title-size-default text-left\">\n\n\t\t\t\n\t\t\t<div class=\"liner-continer\">\n\t\t\t\t<h4 class=\"woodmart-title-container title wd-fontsize-l\">El enfoque Warass<\/h4> \n\t\t\t\t\t\t\t<\/div>\n\n\t\t\t\t\t<\/div>\n\t\t\t\t\t\t<\/div>\n\t\t\t\t<\/div>\n\t\t\t\t<div class=\"elementor-element elementor-element-c8aa6fe elementor-widget elementor-widget-wd_text_block\" data-id=\"c8aa6fe\" data-element_type=\"widget\" data-e-type=\"widget\" data-widget_type=\"wd_text_block.default\">\n\t\t\t\t<div class=\"elementor-widget-container\">\n\t\t\t\t\t\t\t<div class=\"wd-text-block reset-last-child text-left\">\n\t\t\t\n\t\t\t<p data-start=\"28\" data-end=\"444\">Con sede en Essaouira, en la costa de arg\u00e1n de Marruecos, Coop\u00e9rative Warass produce aceite de arg\u00e1n puro y productos de cuidado natural en peque\u00f1os lotes, priorizando tu bienestar. Nuestro modelo cooperativo re\u00fane a productores y artesanos en torno a la calidad, la remuneraci\u00f3n justa y el respeto por el ecosistema del arg\u00e1n. Los granos se seleccionan a mano, se prensan en fr\u00edo para preservar sus beneficios naturales y se embotellan r\u00e1pidamente en envases que protegen de la luz.  <\/p><p data-start=\"446\" data-end=\"687\">Mantenemos las cosas simples y transparentes. Cada producto tiene ingredientes claros, controles de calidad exhaustivos y un soporte receptivo por parte de nuestro equipo. Cuando eliges Warass, apoyas a las familias locales y recibes un cuidado honesto y eficaz para el uso diario.  <\/p>\n\t\t\t\t\t<\/div>\n\t\t\t\t\t\t<\/div>\n\t\t\t\t<\/div>\n\t\t\t\t<\/div>\n\t\t\t\t\t<\/div>\n\t\t\t\t<\/div>\n\t\t<div class=\"wd-negative-gap elementor-element elementor-element-c9fcf92 e-flex e-con-boxed e-con e-parent\" data-id=\"c9fcf92\" data-element_type=\"container\" data-e-type=\"container\" id=\"certifications\" data-settings=\"{&quot;background_background&quot;:&quot;classic&quot;}\">\n\t\t\t\t\t<div class=\"e-con-inner\">\n\t\t\t\t<div class=\"elementor-element elementor-element-01d4d5a wd-width-100 elementor-widget elementor-widget-wd_title\" data-id=\"01d4d5a\" data-element_type=\"widget\" data-e-type=\"widget\" data-widget_type=\"wd_title.default\">\n\t\t\t\t<div class=\"elementor-widget-container\">\n\t\t\t\t\t\t\t<div class=\"title-wrapper wd-set-mb reset-last-child wd-title-color-default wd-title-style-default wd-title-size-default text-center\">\n\n\t\t\t\n\t\t\t<div class=\"liner-continer\">\n\t\t\t\t<h4 class=\"woodmart-title-container title wd-fontsize-l\">Certificaciones y trazabilidad<\/h4> \n\t\t\t\t\t\t\t<\/div>\n\n\t\t\t\t\t\t\t<div class=\"title-after_title reset-last-child wd-fontsize-xs\">\n\t\t\t\t\t<p>En <strong>Coop\u00e9rative Warass<\/strong>, cada lote se rastrea desde la granja hasta la exportaci\u00f3n. Nuestras etiquetas confirman la agricultura responsable, la seguridad alimentaria y la total transparencia. <\/p>\t\t\t\t<\/div>\n\t\t\t\t\t<\/div>\n\t\t\t\t\t\t<\/div>\n\t\t\t\t<\/div>\n\t\t\t\t<div class=\"elementor-element elementor-element-87d75d9 elementor-widget elementor-widget-wd_marquee\" data-id=\"87d75d9\" data-element_type=\"widget\" data-e-type=\"widget\" data-widget_type=\"wd_marquee.default\">\n\t\t\t\t<div class=\"elementor-widget-container\">\n\t\t\t\t\t\t\t<div class=\"wd-marquee \">\n\t\t\t<div class=\"wd-marquee-content\">\n\t\t\t\t\t\t\t<span class=\"wd-marquee-item\">\n\t\t\t\t<img loading=\"lazy\" decoding=\"async\" width=\"160\" height=\"68\" src=\"https:\/\/i0.wp.com\/coopwarass.com\/wp-content\/uploads\/2025\/02\/onssa-logo.png?fit=160%2C68&amp;ssl=1\" class=\"attachment-160x200 size-160x200\" alt=\"\" srcset=\"https:\/\/i0.wp.com\/coopwarass.com\/wp-content\/uploads\/2025\/02\/onssa-logo.png?w=300&amp;ssl=1 300w, https:\/\/i0.wp.com\/coopwarass.com\/wp-content\/uploads\/2025\/02\/onssa-logo.png?resize=150%2C64&amp;ssl=1 150w, https:\/\/i0.wp.com\/coopwarass.com\/wp-content\/uploads\/2025\/02\/onssa-logo.png?resize=64%2C27&amp;ssl=1 64w\" sizes=\"auto, (max-width: 160px) 100vw, 160px\">\n\t\t\t\t\n\t\t\t\t\t\t\t\t\t<a href=\"http:\/\/www.onssa.gov.ma\/\" class=\"wd-fill\" aria-label=\"Marquee item link\" target=\"_blank\" rel=\"noopener\"><\/a>\n\t\t\t\t\t\t\t<\/span>\n\t\t\t\t\t\t<span class=\"wd-marquee-item\">\n\t\t\t\t<img loading=\"lazy\" decoding=\"async\" width=\"160\" height=\"68\" src=\"https:\/\/i0.wp.com\/coopwarass.com\/wp-content\/uploads\/2025\/09\/ecocert-logo-300x127-1.png?fit=160%2C68&amp;ssl=1\" class=\"attachment-160x200 size-160x200\" alt=\"\" srcset=\"https:\/\/i0.wp.com\/coopwarass.com\/wp-content\/uploads\/2025\/09\/ecocert-logo-300x127-1.png?w=300&amp;ssl=1 300w, https:\/\/i0.wp.com\/coopwarass.com\/wp-content\/uploads\/2025\/09\/ecocert-logo-300x127-1.png?resize=150%2C64&amp;ssl=1 150w\" sizes=\"auto, (max-width: 160px) 100vw, 160px\">\n\t\t\t\t\n\t\t\t\t\t\t\t\t\t<a href=\"https:\/\/www.ecocert.com\/\" class=\"wd-fill\" aria-label=\"Marquee item link\" target=\"_blank\" rel=\"noopener\"><\/a>\n\t\t\t\t\t\t\t<\/span>\n\t\t\t\t\t\t<span class=\"wd-marquee-item\">\n\t\t\t\t<img loading=\"lazy\" decoding=\"async\" width=\"160\" height=\"68\" src=\"https:\/\/i0.wp.com\/coopwarass.com\/wp-content\/uploads\/2025\/09\/usda-logo2_300x127.png?fit=160%2C68&amp;ssl=1\" class=\"attachment-160x200 size-160x200\" alt=\"\" srcset=\"https:\/\/i0.wp.com\/coopwarass.com\/wp-content\/uploads\/2025\/09\/usda-logo2_300x127.png?w=300&amp;ssl=1 300w, https:\/\/i0.wp.com\/coopwarass.com\/wp-content\/uploads\/2025\/09\/usda-logo2_300x127.png?resize=150%2C64&amp;ssl=1 150w\" sizes=\"auto, (max-width: 160px) 100vw, 160px\">\n\t\t\t\t\n\t\t\t\t\t\t\t\t\t<a href=\"https:\/\/www.ams.usda.gov\/rules-regulations\/organic\/organic-seal\" class=\"wd-fill\" aria-label=\"Marquee item link\" target=\"_blank\" rel=\"noopener\"><\/a>\n\t\t\t\t\t\t\t<\/span>\n\t\t\t\t\t\t<span class=\"wd-marquee-item\">\n\t\t\t\t<img decoding=\"async\" src=\"https:\/\/coopwarass.com\/wp-content\/uploads\/2025\/02\/le-maroc-vert-seeklogo.svg\" title=\"le-maroc-vert-seeklogo\" loading=\"lazy\" width=\"128\" height=\"128\" alt=\"\">\n\t\t\t\t\n\t\t\t\t\t\t\t\t\t<a href=\"https:\/\/www.agriculture.gov.ma\/fr\/data-agri\/plan-maroc-vert\" class=\"wd-fill\" aria-label=\"Marquee item link\" target=\"_blank\" rel=\"noopener\"><\/a>\n\t\t\t\t\t\t\t<\/span>\n\t\t\t\t\t\t<span class=\"wd-marquee-item\">\n\t\t\t\t<img loading=\"lazy\" decoding=\"async\" width=\"160\" height=\"68\" src=\"https:\/\/i0.wp.com\/coopwarass.com\/wp-content\/uploads\/2025\/09\/logo-arganisme-300x127-1.png?fit=160%2C68&amp;ssl=1\" class=\"attachment-160x200 size-160x200\" alt=\"\" srcset=\"https:\/\/i0.wp.com\/coopwarass.com\/wp-content\/uploads\/2025\/09\/logo-arganisme-300x127-1.png?w=300&amp;ssl=1 300w, https:\/\/i0.wp.com\/coopwarass.com\/wp-content\/uploads\/2025\/09\/logo-arganisme-300x127-1.png?resize=150%2C64&amp;ssl=1 150w\" sizes=\"auto, (max-width: 160px) 100vw, 160px\">\n\t\t\t\t\n\t\t\t\t\t\t\t<\/span>\n\t\t\t\t\t\t<\/div>\n\t\t\t<div class=\"wd-marquee-content\">\n\t\t\t\t\t\t\t<span class=\"wd-marquee-item\">\n\t\t\t\t<img loading=\"lazy\" decoding=\"async\" width=\"160\" height=\"68\" src=\"https:\/\/i0.wp.com\/coopwarass.com\/wp-content\/uploads\/2025\/02\/onssa-logo.png?fit=160%2C68&amp;ssl=1\" class=\"attachment-160x200 size-160x200\" alt=\"\" srcset=\"https:\/\/i0.wp.com\/coopwarass.com\/wp-content\/uploads\/2025\/02\/onssa-logo.png?w=300&amp;ssl=1 300w, https:\/\/i0.wp.com\/coopwarass.com\/wp-content\/uploads\/2025\/02\/onssa-logo.png?resize=150%2C64&amp;ssl=1 150w, https:\/\/i0.wp.com\/coopwarass.com\/wp-content\/uploads\/2025\/02\/onssa-logo.png?resize=64%2C27&amp;ssl=1 64w\" sizes=\"auto, (max-width: 160px) 100vw, 160px\">\n\t\t\t\t\n\t\t\t\t\t\t\t\t\t<a href=\"http:\/\/www.onssa.gov.ma\/\" class=\"wd-fill\" aria-label=\"Marquee item link\" target=\"_blank\" rel=\"noopener\"><\/a>\n\t\t\t\t\t\t\t<\/span>\n\t\t\t\t\t\t<span class=\"wd-marquee-item\">\n\t\t\t\t<img loading=\"lazy\" decoding=\"async\" width=\"160\" height=\"68\" src=\"https:\/\/i0.wp.com\/coopwarass.com\/wp-content\/uploads\/2025\/09\/ecocert-logo-300x127-1.png?fit=160%2C68&amp;ssl=1\" class=\"attachment-160x200 size-160x200\" alt=\"\" srcset=\"https:\/\/i0.wp.com\/coopwarass.com\/wp-content\/uploads\/2025\/09\/ecocert-logo-300x127-1.png?w=300&amp;ssl=1 300w, https:\/\/i0.wp.com\/coopwarass.com\/wp-content\/uploads\/2025\/09\/ecocert-logo-300x127-1.png?resize=150%2C64&amp;ssl=1 150w\" sizes=\"auto, (max-width: 160px) 100vw, 160px\">\n\t\t\t\t\n\t\t\t\t\t\t\t\t\t<a href=\"https:\/\/www.ecocert.com\/\" class=\"wd-fill\" aria-label=\"Marquee item link\" target=\"_blank\" rel=\"noopener\"><\/a>\n\t\t\t\t\t\t\t<\/span>\n\t\t\t\t\t\t<span class=\"wd-marquee-item\">\n\t\t\t\t<img loading=\"lazy\" decoding=\"async\" width=\"160\" height=\"68\" src=\"https:\/\/i0.wp.com\/coopwarass.com\/wp-content\/uploads\/2025\/09\/usda-logo2_300x127.png?fit=160%2C68&amp;ssl=1\" class=\"attachment-160x200 size-160x200\" alt=\"\" srcset=\"https:\/\/i0.wp.com\/coopwarass.com\/wp-content\/uploads\/2025\/09\/usda-logo2_300x127.png?w=300&amp;ssl=1 300w, https:\/\/i0.wp.com\/coopwarass.com\/wp-content\/uploads\/2025\/09\/usda-logo2_300x127.png?resize=150%2C64&amp;ssl=1 150w\" sizes=\"auto, (max-width: 160px) 100vw, 160px\">\n\t\t\t\t\n\t\t\t\t\t\t\t\t\t<a href=\"https:\/\/www.ams.usda.gov\/rules-regulations\/organic\/organic-seal\" class=\"wd-fill\" aria-label=\"Marquee item link\" target=\"_blank\" rel=\"noopener\"><\/a>\n\t\t\t\t\t\t\t<\/span>\n\t\t\t\t\t\t<span class=\"wd-marquee-item\">\n\t\t\t\t<img decoding=\"async\" src=\"https:\/\/coopwarass.com\/wp-content\/uploads\/2025\/02\/le-maroc-vert-seeklogo.svg\" title=\"le-maroc-vert-seeklogo\" loading=\"lazy\" width=\"128\" height=\"128\" alt=\"\">\n\t\t\t\t\n\t\t\t\t\t\t\t\t\t<a href=\"https:\/\/www.agriculture.gov.ma\/fr\/data-agri\/plan-maroc-vert\" class=\"wd-fill\" aria-label=\"Marquee item link\" target=\"_blank\" rel=\"noopener\"><\/a>\n\t\t\t\t\t\t\t<\/span>\n\t\t\t\t\t\t<span class=\"wd-marquee-item\">\n\t\t\t\t<img loading=\"lazy\" decoding=\"async\" width=\"160\" height=\"68\" src=\"https:\/\/i0.wp.com\/coopwarass.com\/wp-content\/uploads\/2025\/09\/logo-arganisme-300x127-1.png?fit=160%2C68&amp;ssl=1\" class=\"attachment-160x200 size-160x200\" alt=\"\" srcset=\"https:\/\/i0.wp.com\/coopwarass.com\/wp-content\/uploads\/2025\/09\/logo-arganisme-300x127-1.png?w=300&amp;ssl=1 300w, https:\/\/i0.wp.com\/coopwarass.com\/wp-content\/uploads\/2025\/09\/logo-arganisme-300x127-1.png?resize=150%2C64&amp;ssl=1 150w\" sizes=\"auto, (max-width: 160px) 100vw, 160px\">\n\t\t\t\t\n\t\t\t\t\t\t\t<\/span>\n\t\t\t\t\t\t<\/div>\n\t\t<\/div>\n\t\t\t\t\t\t<\/div>\n\t\t\t\t<\/div>\n\t\t\t\t\t<\/div>\n\t\t\t\t<\/div>\n\t\t<div class=\"wd-negative-gap elementor-element elementor-element-89bf40a e-flex e-con-boxed e-con e-parent\" data-id=\"89bf40a\" data-element_type=\"container\" data-e-type=\"container\" data-settings=\"{&quot;background_background&quot;:&quot;classic&quot;}\">\n\t\t\t\t\t<div class=\"e-con-inner\">\n\t\t<div class=\"wd-negative-gap elementor-element elementor-element-861ad0a e-flex e-con-boxed e-con e-child\" data-id=\"861ad0a\" data-element_type=\"container\" data-e-type=\"container\">\n\t\t\t\t\t<div class=\"e-con-inner\">\n\t\t<div class=\"elementor-element elementor-element-bcd9584 e-con-full e-flex e-con e-child\" data-id=\"bcd9584\" data-element_type=\"container\" data-e-type=\"container\">\n\t\t\t\t<div class=\"elementor-element elementor-element-6fca18a wd-width-100 elementor-widget elementor-widget-wd_title\" data-id=\"6fca18a\" data-element_type=\"widget\" data-e-type=\"widget\" data-widget_type=\"wd_title.default\">\n\t\t\t\t<div class=\"elementor-widget-container\">\n\t\t\t\t\t\t\t<div class=\"title-wrapper wd-set-mb reset-last-child wd-title-color-default wd-title-style-default wd-title-size-default text-left\">\n\n\t\t\t\n\t\t\t<div class=\"liner-continer\">\n\t\t\t\t<h4 class=\"woodmart-title-container title wd-fontsize-l\">Venta al por mayor y exportaci\u00f3n<\/h4> \n\t\t\t\t\t\t\t<\/div>\n\n\t\t\t\t\t<\/div>\n\t\t\t\t\t\t<\/div>\n\t\t\t\t<\/div>\n\t\t\t\t<div class=\"elementor-element elementor-element-427a2fd elementor-widget elementor-widget-wd_text_block\" data-id=\"427a2fd\" data-element_type=\"widget\" data-e-type=\"widget\" data-widget_type=\"wd_text_block.default\">\n\t\t\t\t<div class=\"elementor-widget-container\">\n\t\t\t\t\t\t\t<div class=\"wd-text-block reset-last-child text-left\">\n\t\t\t\n\t\t\t<p>En <strong data-start=\"1592\" data-end=\"1607\">Coop\u00e9rative Warass<\/strong>, suministramos a minoristas, importadores y distribuidores que valoran los productos aut\u00e9nticos y totalmente trazables.<\/p><p>Con certificaciones reconocidas, lotes consistentes y un soporte de exportaci\u00f3n receptivo, te ayudamos a ampliar tu surtido con productos seguros y conformes para los mercados internacionales.<\/p>\n\t\t\t\t\t<\/div>\n\t\t\t\t\t\t<\/div>\n\t\t\t\t<\/div>\n\t\t\t\t<\/div>\n\t\t<div class=\"elementor-element elementor-element-2f09699 e-con-full e-flex e-con e-child\" data-id=\"2f09699\" data-element_type=\"container\" data-e-type=\"container\">\n\t\t\t\t<div class=\"elementor-element elementor-element-9f1e637 elementor-widget elementor-widget-wd_infobox\" data-id=\"9f1e637\" data-element_type=\"widget\" data-e-type=\"widget\" data-widget_type=\"wd_infobox.default\">\n\t\t\t\t<div class=\"elementor-widget-container\">\n\t\t\t\t\t\t\t<div class=\"info-box-wrapper\">\n\t\t\t<div class=\"wd-info-box text-left box-icon-align-top box-style-base color-scheme- with-btn box-btn-static\">\n\t\t\t\t\n\t\t\t\t<div class=\"info-box-content\">\n\t\t\t\t\t\n\t\t\t\t\t\t\t\t\t\t\t<h4\t\t\t\t\t\tclass=\"info-box-title title box-title-style-default wd-fontsize-m\" data-elementor-setting-key=\"title\">\n\t\t\t\t\t\t\t\t\u00bfQuieres convertirte en nuestro socio?\t\t\t\t\t\t<\/h4>\n\t\t\t\t\t\n\t\t\t\t\t<div class=\"info-box-inner reset-last-child\"data-elementor-setting-key=\"content\"><p data-start=\"1901\" data-end=\"1964\">Apoyamos los pedidos B2B con:<\/p>\n<ul data-start=\"1965\" data-end=\"2216\">\n<li data-start=\"1965\" data-end=\"2008\">\n<p data-start=\"1967\" data-end=\"2008\">Embalaje <strong data-start=\"1967\" data-end=\"1983\">listo para la venta al por menor<\/strong> y <strong data-start=\"1988\" data-end=\"1996\">a granel<\/strong><\/p>\n<\/li>\n<li data-start=\"2009\" data-end=\"2052\">\n<p data-start=\"2011\" data-end=\"2052\">Opciones de <strong data-start=\"2011\" data-end=\"2042\">marca privada \/ marca blanca<\/strong><\/p>\n<\/li>\n<li data-start=\"2053\" data-end=\"2113\">\n<p data-start=\"2055\" data-end=\"2113\">Documentaci\u00f3n completa de <strong data-start=\"2060\" data-end=\"2086\">calidad y trazabilidad<\/strong> (certificados, COA)<\/p>\n<\/li>\n<li data-start=\"2114\" data-end=\"2172\">\n<p data-start=\"2116\" data-end=\"2172\">Soporte de <strong data-start=\"2116\" data-end=\"2136\">log\u00edstica de exportaci\u00f3n<\/strong> (Incoterms, documentos aduaneros)<\/p>\n<\/li>\n<li data-start=\"2173\" data-end=\"2216\">\n<p data-start=\"2175\" data-end=\"2216\">Plazos de entrega fiables y comunicaci\u00f3n clara<\/p>\n<\/li>\n<\/ul>\n<\/div>\n\n\t\t\t\t\t\t\t\t\t\t\t<div class=\"info-btn-wrapper\">\n\t\t\t\t\t\t\t\t\t<div class=\"wd-button-wrapper text-left\" >\n\t\t\t<a class=\"btn btn-style-default btn-shape-semi-round btn-size-default btn-color-primary btn-icon-pos-right\" href=\"https:\/\/coopwarass.com\/contact-us\/\">\n\t\t\t\t<span class=\"wd-btn-text\" data-elementor-setting-key=\"text\">\n\t\t\t\t\tCont\u00e1ctenos\t\t\t\t<\/span>\n\n\t\t\t\t\t\t\t<\/a>\n\t\t<\/div>\n\t\t\t\t\t\t\t\t<\/div>\n\t\t\t\t\t\t\t\t\t<\/div>\n\n\t\t\t\t\t\t\t<\/div>\n\t\t<\/div>\n\t\t\t\t\t\t<\/div>\n\t\t\t\t<\/div>\n\t\t\t\t<\/div>\n\t\t\t\t\t<\/div>\n\t\t\t\t<\/div>\n\t\t\t\t\t<\/div>\n\t\t\t\t<\/div>\n\t\t\t\t<\/div>\n\t\t","protected":false},"excerpt":{"rendered":"<p>El enfoque Warass Con sede en Essaouira, en la costa de arg\u00e1n de Marruecos, Coop\u00e9rative Warass produce aceite de arg\u00e1n<\/p>\n","protected":false},"author":4,"featured_media":0,"parent":0,"menu_order":0,"comment_status":"closed","ping_status":"closed","template":"","meta":{"footnotes":""},"class_list":["post-5689","page","type-page","status-publish","hentry"],"jetpack_sharing_enabled":true,"_links":{"self":[{"href":"https:\/\/coopwarass.com\/es\/wp-json\/wp\/v2\/pages\/5689","targetHints":{"allow":["GET"]}}],"collection":[{"href":"https:\/\/coopwarass.com\/es\/wp-json\/wp\/v2\/pages"}],"about":[{"href":"https:\/\/coopwarass.com\/es\/wp-json\/wp\/v2\/types\/page"}],"author":[{"embeddable":true,"href":"https:\/\/coopwarass.com\/es\/wp-json\/wp\/v2\/users\/4"}],"replies":[{"embeddable":true,"href":"https:\/\/coopwarass.com\/es\/wp-json\/wp\/v2\/comments?post=5689"}],"version-history":[{"count":2,"href":"https:\/\/coopwarass.com\/es\/wp-json\/wp\/v2\/pages\/5689\/revisions"}],"predecessor-version":[{"id":6359,"href":"https:\/\/coopwarass.com\/es\/wp-json\/wp\/v2\/pages\/5689\/revisions\/6359"}],"wp:attachment":[{"href":"https:\/\/coopwarass.com\/es\/wp-json\/wp\/v2\/media?parent=5689"}],"curies":[{"name":"wp","href":"https:\/\/api.w.org\/{rel}","templated":true}]}}